{"id":20846,"date":"2025-11-21T22:44:43","date_gmt":"2025-11-22T01:44:43","guid":{"rendered":"https:\/\/ynnovuscursoson.com.br\/?post_type=product&#038;p=20846"},"modified":"2025-11-21T23:41:07","modified_gmt":"2025-11-22T02:41:07","slug":"tecnico-em-eventos-competencia","status":"publish","type":"product","link":"https:\/\/ynnovuscursoson.com.br\/pt_br\/produto\/tecnico-em-eventos-competencia\/","title":{"rendered":"T\u00c9CNICO EM EVENTOS &#8211; Compet\u00eancia"},"content":{"rendered":"","protected":false},"excerpt":{"rendered":"<h3 data-start=\"283\" data-end=\"351\"><font color=\"#000000\"><strong data-start=\"290\" data-end=\"351\">Certifica\u00e7\u00e3o T\u00e9cnica por Compet\u00eancia \u2013 T\u00e9cnico em Eventos<\/strong><\/font><\/h3>\n<p data-start=\"353\" data-end=\"651\"><font color=\"#000000\">Transforme sua experi\u00eancia pr\u00e1tica em um diploma t\u00e9cnico reconhecido em todo o pa\u00eds!<\/font><br data-start=\"437\" data-end=\"440\" \/><font color=\"#000000\">A <strong data-start=\"442\" data-end=\"506\">Certifica\u00e7\u00e3o T\u00e9cnica por Aproveitamento \u2013 T\u00e9cnico em Eventos<\/strong> \u00e9 a oportunidade ideal para quem j\u00e1 atua no setor e deseja obter sua qualifica\u00e7\u00e3o formal <strong data-start=\"596\" data-end=\"648\">sem precisar cursar um curso t\u00e9cnico tradicional<\/strong>.<\/font><\/p>\n<p data-start=\"653\" data-end=\"907\"><font color=\"#000000\">Esse processo permite ao candidato validar os conhecimentos e habilidades adquiridos na pr\u00e1tica profissional, conquistando um diploma t\u00e9cnico registrado no <strong data-start=\"809\" data-end=\"823\">MEC\/SISTEC<\/strong>, com validade nacional e garantia de registro no Conselho de Classe correspondente.<\/font><\/p>\n<p data-start=\"653\" data-end=\"907\"><font color=\"#000000\">\ud83c\udf93 <strong data-start=\"921\" data-end=\"969\">Como Funciona a Certifica\u00e7\u00e3o por Compet\u00eancia<\/strong><\/font><\/p>\n<p data-start=\"971\" data-end=\"1230\"><font color=\"#000000\">A certifica\u00e7\u00e3o \u00e9 indicada para profissionais que possuem <strong data-start=\"1028\" data-end=\"1073\">experi\u00eancia comprovada na \u00e1rea de Eventos<\/strong>, como organiza\u00e7\u00e3o, produ\u00e7\u00e3o, cerimonial, planejamento, coordena\u00e7\u00e3o t\u00e9cnica, execu\u00e7\u00e3o ou gest\u00e3o de eventos corporativos, sociais, culturais e institucionais.<\/font><\/p>\n<p data-start=\"1232\" data-end=\"1356\"><font color=\"#000000\">O processo ocorre <strong data-start=\"1250\" data-end=\"1265\">100% online<\/strong>, conforme previsto no <strong data-start=\"1288\" data-end=\"1326\">Art. 41 da Lei Federal n\u00ba 9.394\/96<\/strong>, e \u00e9 dividido em duas etapas:<\/font><\/p>\n<p data-start=\"1232\" data-end=\"1356\"><font color=\"#000000\"><strong data-start=\"1363\" data-end=\"1389\">1\ufe0f\u20e3 An\u00e1lise Documental<\/strong><\/font><\/p>\n<p data-start=\"1390\" data-end=\"1462\"><font color=\"#000000\">O candidato envia documentos que comprovam sua experi\u00eancia, tais como:<\/font><\/p>\n<ul>\n<li data-start=\"1465\" data-end=\"1520\"><font color=\"#000000\">Carteira de Trabalho (CTPS) com fun\u00e7\u00f5es relacionadas;<\/font><\/li>\n<li data-start=\"1523\" data-end=\"1607\"><font color=\"#000000\">Documenta\u00e7\u00e3o do MEI + notas fiscais de servi\u00e7os prestados (m\u00ednimo 1 por semestre);<\/font><\/li>\n<li data-start=\"1610\" data-end=\"1720\"><font color=\"#000000\">Declara\u00e7\u00e3o de Experi\u00eancia Profissional detalhada, emitida por empresa da \u00e1rea e <strong data-start=\"1690\" data-end=\"1717\">autenticada em cart\u00f3rio<\/strong>.<\/font><\/li>\n<\/ul>\n<p data-start=\"1722\" data-end=\"1804\"><font color=\"#000000\">Esses documentos comprovam que o candidato possui pr\u00e1tica real na \u00e1rea de Eventos.<\/font><\/p>\n<p data-start=\"1722\" data-end=\"1804\"><font color=\"#000000\"><strong data-start=\"1811\" data-end=\"1836\">2\ufe0f\u20e3 Avalia\u00e7\u00e3o Te\u00f3rica<\/strong><\/font><\/p>\n<p data-start=\"1837\" data-end=\"1992\"><font color=\"#000000\">Ap\u00f3s aprova\u00e7\u00e3o da documenta\u00e7\u00e3o, o candidato realiza uma prova te\u00f3rica online, que avalia suas compet\u00eancias t\u00e9cnicas ligadas \u00e0 atua\u00e7\u00e3o profissional, como:<\/font><\/p>\n<ul>\n<li data-start=\"1995\" data-end=\"2019\"><font color=\"#000000\">Organiza\u00e7\u00e3o de eventos<\/font><\/li>\n<li data-start=\"2022\" data-end=\"2046\"><font color=\"#000000\">Cerimonial e protocolo<\/font><\/li>\n<li data-start=\"2049\" data-end=\"2071\"><font color=\"#000000\">Log\u00edstica de eventos<\/font><\/li>\n<li data-start=\"2074\" data-end=\"2118\"><font color=\"#000000\">Atendimento e relacionamento com o cliente<\/font><\/li>\n<li data-start=\"2121\" data-end=\"2154\"><font color=\"#000000\">Planejamento e execu\u00e7\u00e3o t\u00e9cnica<\/font><\/li>\n<li data-start=\"2157\" data-end=\"2193\"><font color=\"#000000\">Gest\u00e3o e normas aplicadas ao setor<\/font><\/li>\n<\/ul>\n<p data-start=\"2195\" data-end=\"2302\"><font color=\"#000000\">Aprovado nas duas etapas, o candidato recebe o <strong data-start=\"2242\" data-end=\"2275\">Diploma de T\u00e9cnico em Eventos<\/strong>, registrado no MEC\/SISTEC.<\/font><\/p>\n<p data-start=\"2195\" data-end=\"2302\"><font color=\"#000000\">\u2b50 <strong data-start=\"2315\" data-end=\"2361\">Benef\u00edcios da Certifica\u00e7\u00e3o por Compet\u00eancia<\/strong><\/font><\/p>\n<ul>\n<li data-start=\"2364\" data-end=\"2429\"><font color=\"#000000\">Obten\u00e7\u00e3o r\u00e1pida do diploma t\u00e9cnico sem cursar turmas regulares.<\/font><\/li>\n<li data-start=\"2432\" data-end=\"2498\"><font color=\"#000000\">Processo 100% online, pr\u00e1tico e amparado por legisla\u00e7\u00e3o federal.<\/font><\/li>\n<li data-start=\"2501\" data-end=\"2543\"><font color=\"#000000\">Reconhecimento nacional pelo MEC\/SISTEC.<\/font><\/li>\n<li data-start=\"2546\" data-end=\"2630\"><font color=\"#000000\">Possibilidade de solicita\u00e7\u00e3o do Registro Profissional no conselho de classe (CRA).<\/font><\/li>\n<li data-start=\"2633\" data-end=\"2705\"><font color=\"#000000\">Ideal para quem j\u00e1 trabalha na \u00e1rea e busca crescer profissionalmente.<\/font><\/li>\n<\/ul>\n<p>\u2705 <strong data-start=\"2718\" data-end=\"2740\" style=\"color: #000000; font-size: 1.125rem;\">Requisitos M\u00ednimos<\/strong><\/p>\n<p data-start=\"2741\" data-end=\"2861\"><font color=\"#000000\">Para participar do processo de Certifica\u00e7\u00e3o T\u00e9cnica por Compet\u00eancia, o candidato deve atender aos seguintes crit\u00e9rios:<\/font><\/p>\n<ul>\n<li data-start=\"2864\" data-end=\"2888\"><font color=\"#000000\">Ensino M\u00e9dio completo;<\/font><\/li>\n<li data-start=\"2891\" data-end=\"2917\"><font color=\"#000000\">Ter <strong data-start=\"2895\" data-end=\"2914\">18 anos ou mais<\/strong>;<\/font><\/li>\n<li data-start=\"2920\" data-end=\"2992\"><font color=\"#000000\">Ter <strong data-start=\"2924\" data-end=\"2942\">2 anos ou mais<\/strong> de experi\u00eancia comprovada** na \u00e1rea de Eventos.<\/font><\/li>\n<\/ul>\n<p>\ud83c\udfaf <strong data-start=\"3006\" data-end=\"3031\" style=\"color: #000000; font-size: 1.125rem;\">Para quem \u00e9 indicado?<\/strong><\/p>\n<p data-start=\"3032\" data-end=\"3357\"><font color=\"#000000\">Profissionais que j\u00e1 atuam com:<\/font><br data-start=\"3063\" data-end=\"3066\" \/><font color=\"#000000\">\u2714 Organiza\u00e7\u00e3o de eventos sociais, corporativos ou culturais<\/font><br data-start=\"3125\" data-end=\"3128\" \/><font color=\"#000000\">\u2714 Cerimonial e protocolo<\/font><br data-start=\"3152\" data-end=\"3155\" \/><font color=\"#000000\">\u2714 Produ\u00e7\u00e3o e log\u00edstica de eventos<\/font><br data-start=\"3188\" data-end=\"3191\" \/><font color=\"#000000\">\u2714 Coordena\u00e7\u00e3o t\u00e9cnica<\/font><br data-start=\"3212\" data-end=\"3215\" \/><font color=\"#000000\">\u2714 Gest\u00e3o de fornecedores e equipes<\/font><br data-start=\"3249\" data-end=\"3252\" \/><font color=\"#000000\">\u2714 Planejamento e execu\u00e7\u00e3o de programa\u00e7\u00e3o<\/font><br data-start=\"3292\" data-end=\"3295\" \/><font color=\"#000000\">\u2714 Experi\u00eancia acumulada em empresas, MEI ou atua\u00e7\u00e3o aut\u00f4noma<\/font><\/p>\n","protected":false},"featured_media":20855,"template":"","meta":{"_joinchat":[]},"product_brand":[],"product_cat":[174],"product_tag":[],"class_list":{"0":"post-20846","1":"product","2":"type-product","3":"status-publish","4":"has-post-thumbnail","6":"product_cat-cursos-tecnicos","8":"first","9":"instock","10":"shipping-taxable","11":"purchasable","12":"product-type-simple"},"_links":{"self":[{"href":"https:\/\/ynnovuscursoson.com.br\/pt_br\/wp-json\/wp\/v2\/product\/20846","targetHints":{"allow":["GET"]}}],"collection":[{"href":"https:\/\/ynnovuscursoson.com.br\/pt_br\/wp-json\/wp\/v2\/product"}],"about":[{"href":"https:\/\/ynnovuscursoson.com.br\/pt_br\/wp-json\/wp\/v2\/types\/product"}],"wp:featuredmedia":[{"embeddable":true,"href":"https:\/\/ynnovuscursoson.com.br\/pt_br\/wp-json\/wp\/v2\/media\/20855"}],"wp:attachment":[{"href":"https:\/\/ynnovuscursoson.com.br\/pt_br\/wp-json\/wp\/v2\/media?parent=20846"}],"wp:term":[{"taxonomy":"product_brand","embeddable":true,"href":"https:\/\/ynnovuscursoson.com.br\/pt_br\/wp-json\/wp\/v2\/product_brand?post=20846"},{"taxonomy":"product_cat","embeddable":true,"href":"https:\/\/ynnovuscursoson.com.br\/pt_br\/wp-json\/wp\/v2\/product_cat?post=20846"},{"taxonomy":"product_tag","embeddable":true,"href":"https:\/\/ynnovuscursoson.com.br\/pt_br\/wp-json\/wp\/v2\/product_tag?post=20846"}],"curies":[{"name":"wp","href":"https:\/\/api.w.org\/{rel}","templated":true}]}}