{"id":20845,"date":"2025-11-22T00:09:46","date_gmt":"2025-11-22T03:09:46","guid":{"rendered":"https:\/\/ynnovuscursoson.com.br\/?post_type=product&#038;p=20845"},"modified":"2025-11-22T00:09:46","modified_gmt":"2025-11-22T03:09:46","slug":"eja-medio","status":"publish","type":"product","link":"https:\/\/ynnovuscursoson.com.br\/pt_br\/produto\/eja-medio\/","title":{"rendered":"EJA &#8211; M\u00c9DIO"},"content":{"rendered":"","protected":false},"excerpt":{"rendered":"<p><span>\u00a0<strong>Educa\u00e7\u00e3o de Jovens e Adultos (EJA)<\/strong>\u00a0representa uma oportunidade valiosa para aqueles que, por diversas raz\u00f5es, n\u00e3o puderam concluir seus estudos na idade escolar tradicional. A import\u00e2ncia de terminar os estudos por meio do EJA vai al\u00e9m do simples diploma; trata-se de abrir portas para um futuro melhor, tanto no aspecto pessoal quanto profissional.<\/span><\/p>\n<p><span>Completar a educa\u00e7\u00e3o b\u00e1sica \u00e9 fundamental para o desenvolvimento de habilidades essenciais, como leitura, escrita e c\u00e1lculo, que s\u00e3o indispens\u00e1veis no dia a dia. Al\u00e9m disso, ter um diploma aumenta consideravelmente as chances de obter melhores oportunidades de emprego, maior estabilidade financeira e progresso na carreira. No contexto social, o EJA tamb\u00e9m promove a inclus\u00e3o e reduz as desigualdades, permitindo que mais pessoas tenham acesso aos benef\u00edcios que a educa\u00e7\u00e3o proporciona.<\/span><\/p>\n<p><span>Por isso, se voc\u00ea ainda n\u00e3o concluiu seus estudos, saiba que nunca \u00e9 tarde para recome\u00e7ar. O EJA est\u00e1 a\u00ed para oferecer o suporte necess\u00e1rio e ajudar voc\u00ea a alcan\u00e7ar seus objetivos.<\/span><\/p>\n<p><span>N\u00e3o deixe essa oportunidade passar. Inscreva-se no EJA e d\u00ea o primeiro passo rumo a um futuro mais promissor!<\/span><\/p>\n","protected":false},"featured_media":20858,"template":"","meta":{"_joinchat":[]},"product_brand":[],"product_cat":[175,24],"product_tag":[],"class_list":{"0":"post-20845","1":"product","2":"type-product","3":"status-publish","4":"has-post-thumbnail","6":"product_cat-eja","7":"product_cat-sem-categoria","9":"first","10":"instock","11":"virtual","12":"purchasable","13":"product-type-simple"},"_links":{"self":[{"href":"https:\/\/ynnovuscursoson.com.br\/pt_br\/wp-json\/wp\/v2\/product\/20845","targetHints":{"allow":["GET"]}}],"collection":[{"href":"https:\/\/ynnovuscursoson.com.br\/pt_br\/wp-json\/wp\/v2\/product"}],"about":[{"href":"https:\/\/ynnovuscursoson.com.br\/pt_br\/wp-json\/wp\/v2\/types\/product"}],"wp:featuredmedia":[{"embeddable":true,"href":"https:\/\/ynnovuscursoson.com.br\/pt_br\/wp-json\/wp\/v2\/media\/20858"}],"wp:attachment":[{"href":"https:\/\/ynnovuscursoson.com.br\/pt_br\/wp-json\/wp\/v2\/media?parent=20845"}],"wp:term":[{"taxonomy":"product_brand","embeddable":true,"href":"https:\/\/ynnovuscursoson.com.br\/pt_br\/wp-json\/wp\/v2\/product_brand?post=20845"},{"taxonomy":"product_cat","embeddable":true,"href":"https:\/\/ynnovuscursoson.com.br\/pt_br\/wp-json\/wp\/v2\/product_cat?post=20845"},{"taxonomy":"product_tag","embeddable":true,"href":"https:\/\/ynnovuscursoson.com.br\/pt_br\/wp-json\/wp\/v2\/product_tag?post=20845"}],"curies":[{"name":"wp","href":"https:\/\/api.w.org\/{rel}","templated":true}]}}