{"id":20843,"date":"2025-11-17T16:07:13","date_gmt":"2025-11-17T19:07:13","guid":{"rendered":"https:\/\/ynnovuscursoson.com.br\/?post_type=product&#038;p=20843"},"modified":"2025-11-21T21:33:48","modified_gmt":"2025-11-22T00:33:48","slug":"tecnico-em-meio-ambiente","status":"publish","type":"product","link":"https:\/\/ynnovuscursoson.com.br\/pt_br\/produto\/tecnico-em-meio-ambiente\/","title":{"rendered":"T\u00c9CNICO EM MEIO AMBIENTE"},"content":{"rendered":"","protected":false},"excerpt":{"rendered":"<p><font color=\"#000000\">\ud83c\udf3f <strong>Curso T\u00e9cnico em Meio Ambiente<\/strong><\/font><\/p>\n<p><font color=\"#000000\">Torne-se um profissional essencial para o futuro do planeta!<\/font><br \/>\n<font color=\"#000000\">O <strong>Curso T\u00e9cnico em Meio Ambiente<\/strong> forma especialistas capacitados para atuar na preserva\u00e7\u00e3o ambiental, no uso sustent\u00e1vel dos recursos naturais e na gest\u00e3o respons\u00e1vel de res\u00edduos e impactos ecol\u00f3gicos.<\/font><\/p>\n<p><font color=\"#000000\">Durante o curso, o aluno aprende a analisar, monitorar e propor solu\u00e7\u00f5es para problemas ambientais, compreendendo desde legisla\u00e7\u00f5es e licenciamento at\u00e9 t\u00e9cnicas de tratamento de \u00e1gua, gest\u00e3o de res\u00edduos, polui\u00e7\u00e3o atmosf\u00e9rica e preserva\u00e7\u00e3o dos recursos naturais.<\/font><\/p>\n<p><font color=\"#000000\">Com uma forma\u00e7\u00e3o pr\u00e1tica e atualizada, o T\u00e9cnico em Meio Ambiente est\u00e1 preparado para atuar em <strong>ind\u00fastrias, \u00f3rg\u00e3os p\u00fablicos, empresas de saneamento, consultorias ambientais, obras civis, laborat\u00f3rios, setor energ\u00e9tico e ONGs<\/strong>, contribuindo diretamente para um desenvolvimento mais sustent\u00e1vel e consciente.<\/font><\/p>\n<p><font color=\"#000000\">\ud83c\udf93 <strong>Diferenciais do Curso<\/strong><\/font><\/p>\n<ul>\n<li><font color=\"#000000\">Conte\u00fado atualizado e focado nas demandas ambientais modernas.<\/font><\/li>\n<li><font color=\"#000000\">Professores com viv\u00eancia em gest\u00e3o ambiental e sustentabilidade.<\/font><\/li>\n<li><font color=\"#000000\">Forma\u00e7\u00e3o pr\u00e1tica para atuar em campo, laborat\u00f3rios e consultorias.<\/font><\/li>\n<li><font color=\"#000000\">Alta demanda por profissionais na \u00e1rea ambiental em todo o pa\u00eds.<\/font><font color=\"#000000\"><span style=\"font-size: 1.125rem;\">\ud83d\udcd8 <\/span><strong style=\"font-size: 1.125rem;\">Matriz Curricular \u2013 T\u00e9cnico em Meio Ambiente<\/strong><\/font><\/li>\n<\/ul>\n<p><font color=\"#000000\"><strong>1\u00ba Semestre<\/strong><\/font><\/p>\n<ul>\n<li><font color=\"#000000\">Prote\u00e7\u00e3o do Meio Ambiente e Sustentabilidade \u2013 100h<\/font><\/li>\n<li><font color=\"#000000\">Sistema de Abastecimento de \u00c1gua e ETA \u2013 100h<\/font><\/li>\n<li><font color=\"#000000\">Legisla\u00e7\u00e3o Ambiental e Licenciamento Ambiental \u2013 100h<\/font><\/li>\n<li><font color=\"#000000\">Gerenciamento Ambiental \u2013 100h<\/font><\/li>\n<li><font color=\"#000000\">Polui\u00e7\u00e3o das \u00c1guas \u2013 100h<\/font><\/li>\n<\/ul>\n<p><font color=\"#000000\"><strong>2\u00ba Semestre<\/strong><\/font><\/p>\n<ul>\n<li><font color=\"#000000\">O Meio Ambiente e os Recursos Naturais \u2013 80h<\/font><\/li>\n<li><font color=\"#000000\">Direitos Humanos e Sustentabilidade \u2013 80h<\/font><\/li>\n<li><font color=\"#000000\">Polui\u00e7\u00e3o Atmosf\u00e9rica \u2013 80h<\/font><\/li>\n<li><font color=\"#000000\">Recursos H\u00eddricos \u2013 100h<\/font><\/li>\n<\/ul>\n<p><font color=\"#000000\"><strong>3\u00ba Semestre<\/strong><\/font><\/p>\n<ul>\n<li><font color=\"#000000\">Direito Ambiental \u2013 100h<\/font><\/li>\n<li><font color=\"#000000\">Geologia Ambiental \u2013 100h<\/font><\/li>\n<li><font color=\"#000000\">Per\u00edcia Ambiental \u2013 80h<\/font><\/li>\n<li><font color=\"#000000\">Tratamento e Reciclagem de \u00c1guas Residu\u00e1rias e Lixo \u2013 80h<\/font><\/li>\n<\/ul>\n<p><font color=\"#000000\"><strong>Carga Hor\u00e1ria Total:<\/strong> 1.120h<\/font><\/p>\n","protected":false},"featured_media":20854,"template":"","meta":{"_joinchat":[]},"product_brand":[],"product_cat":[174],"product_tag":[],"class_list":{"0":"post-20843","1":"product","2":"type-product","3":"status-publish","4":"has-post-thumbnail","6":"product_cat-cursos-tecnicos","8":"first","9":"instock","10":"shipping-taxable","11":"purchasable","12":"product-type-simple"},"_links":{"self":[{"href":"https:\/\/ynnovuscursoson.com.br\/pt_br\/wp-json\/wp\/v2\/product\/20843","targetHints":{"allow":["GET"]}}],"collection":[{"href":"https:\/\/ynnovuscursoson.com.br\/pt_br\/wp-json\/wp\/v2\/product"}],"about":[{"href":"https:\/\/ynnovuscursoson.com.br\/pt_br\/wp-json\/wp\/v2\/types\/product"}],"wp:featuredmedia":[{"embeddable":true,"href":"https:\/\/ynnovuscursoson.com.br\/pt_br\/wp-json\/wp\/v2\/media\/20854"}],"wp:attachment":[{"href":"https:\/\/ynnovuscursoson.com.br\/pt_br\/wp-json\/wp\/v2\/media?parent=20843"}],"wp:term":[{"taxonomy":"product_brand","embeddable":true,"href":"https:\/\/ynnovuscursoson.com.br\/pt_br\/wp-json\/wp\/v2\/product_brand?post=20843"},{"taxonomy":"product_cat","embeddable":true,"href":"https:\/\/ynnovuscursoson.com.br\/pt_br\/wp-json\/wp\/v2\/product_cat?post=20843"},{"taxonomy":"product_tag","embeddable":true,"href":"https:\/\/ynnovuscursoson.com.br\/pt_br\/wp-json\/wp\/v2\/product_tag?post=20843"}],"curies":[{"name":"wp","href":"https:\/\/api.w.org\/{rel}","templated":true}]}}