{"id":20829,"date":"2025-11-11T08:53:56","date_gmt":"2025-11-11T11:53:56","guid":{"rendered":"https:\/\/ynnovuscursoson.com.br\/?post_type=product&#038;p=20829"},"modified":"2025-11-11T08:53:56","modified_gmt":"2025-11-11T11:53:56","slug":"tecnico-em-administracao","status":"publish","type":"product","link":"https:\/\/ynnovuscursoson.com.br\/pt_br\/produto\/tecnico-em-administracao\/","title":{"rendered":"T\u00c9CNICO EM ADMINISTRA\u00c7\u00c3O"},"content":{"rendered":"","protected":false},"excerpt":{"rendered":"<h3 data-start=\"199\" data-end=\"240\"><font color=\"#000000\"><strong data-start=\"206\" data-end=\"240\">T\u00e9cnico em Administra\u00e7\u00e3o &#8211; com compet\u00eancia<\/strong><\/font><\/h3>\n<p data-start=\"242\" data-end=\"632\"><font color=\"#000000\">O <strong data-start=\"244\" data-end=\"278\">Curso T\u00e9cnico em Administra\u00e7\u00e3o<\/strong> \u00e9 a escolha ideal para quem deseja desenvolver uma carreira s\u00f3lida no mundo dos neg\u00f3cios e conquistar espa\u00e7o no mercado de trabalho.<\/font><br data-start=\"411\" data-end=\"414\" \/><font color=\"#000000\">Com uma forma\u00e7\u00e3o pr\u00e1tica e atualizada, o curso prepara o aluno para atuar em <strong data-start=\"491\" data-end=\"542\">empresas p\u00fablicas, privadas e do terceiro setor<\/strong>, desempenhando fun\u00e7\u00f5es administrativas, financeiras, comerciais e de gest\u00e3o de pessoas.<\/font><\/p>\n<p data-start=\"634\" data-end=\"892\"><font color=\"#000000\">Durante o curso, o estudante aprende sobre <strong data-start=\"677\" data-end=\"752\">finan\u00e7as, marketing, lideran\u00e7a, gest\u00e3o de equipes e an\u00e1lise de neg\u00f3cios<\/strong>, desenvolvendo compet\u00eancias essenciais para planejar, organizar e controlar processos administrativos com efici\u00eancia e vis\u00e3o estrat\u00e9gica.<\/font><\/p>\n<p data-start=\"894\" data-end=\"1110\"><font color=\"#000000\">Ao final da forma\u00e7\u00e3o, o profissional estar\u00e1 apto a exercer cargos administrativos em diversos setores, apoiar a tomada de decis\u00f5es gerenciais e at\u00e9 empreender seu pr\u00f3prio neg\u00f3cio com seguran\u00e7a e conhecimento t\u00e9cnico.<\/font><\/p>\n<p><font color=\"#000000\">\ud83c\udfaf <strong data-start=\"1124\" data-end=\"1149\">Diferenciais do Curso<\/strong><\/font><\/p>\n<ul>\n<li data-start=\"1152\" data-end=\"1208\"><font color=\"#000000\">Forma\u00e7\u00e3o pr\u00e1tica e voltada para o mercado de trabalho.<\/font><\/li>\n<li data-start=\"1211\" data-end=\"1267\"><font color=\"#000000\">Professores com experi\u00eancia real em gest\u00e3o e neg\u00f3cios.<\/font><\/li>\n<li data-start=\"1270\" data-end=\"1340\"><font color=\"#000000\">Conte\u00fado moderno, com \u00eanfase em <strong data-start=\"1302\" data-end=\"1337\">lideran\u00e7a, marketing e finan\u00e7as<\/strong>.<\/font><\/li>\n<li data-start=\"1343\" data-end=\"1432\"><font color=\"#000000\">Excelente base para quem deseja crescer profissionalmente ou abrir sua pr\u00f3pria empresa.<\/font>\n<p><font color=\"#000000\">\ud83d\udcd8 <strong data-start=\"1446\" data-end=\"1494\" style=\"font-size: 1.125rem;\">Matriz Curricular \u2013 T\u00e9cnico em Administra\u00e7\u00e3o<\/strong><\/font><\/li>\n<\/ul>\n<p data-start=\"1496\" data-end=\"1513\"><font color=\"#000000\"><strong data-start=\"1496\" data-end=\"1511\">1\u00ba Semestre<\/strong><\/font><\/p>\n<ul>\n<li data-start=\"1516\" data-end=\"1563\"><font color=\"#000000\">Evolu\u00e7\u00e3o do Pensamento Administrativo I \u2013 65h<\/font><\/li>\n<li data-start=\"1566\" data-end=\"1598\"><font color=\"#000000\">Administra\u00e7\u00e3o Financeira \u2013 65h<\/font><\/li>\n<li data-start=\"1601\" data-end=\"1650\"><font color=\"#000000\">Gest\u00e3o de Neg\u00f3cios e An\u00e1lises Financeiras \u2013 65h<\/font><\/li>\n<li data-start=\"1653\" data-end=\"1684\"><font color=\"#000000\">Teoria da Administra\u00e7\u00e3o \u2013 65h<\/font><\/li>\n<li data-start=\"1687\" data-end=\"1738\"><font color=\"#000000\">Administra\u00e7\u00e3o Aplicada \u00e0 Gest\u00e3o Empresarial \u2013 65h<\/font><\/li>\n<\/ul>\n<p data-start=\"1740\" data-end=\"1757\"><font color=\"#000000\"><strong data-start=\"1740\" data-end=\"1755\">2\u00ba Semestre<\/strong><\/font><\/p>\n<ul>\n<li data-start=\"1760\" data-end=\"1808\"><font color=\"#000000\">Evolu\u00e7\u00e3o do Pensamento Administrativo II \u2013 65h<\/font><\/li>\n<li data-start=\"1811\" data-end=\"1836\"><font color=\"#000000\">Marketing Digital \u2013 65h<\/font><\/li>\n<li data-start=\"1839\" data-end=\"1876\"><font color=\"#000000\">Gest\u00e3o de Equipes e Lideran\u00e7a \u2013 65h<\/font><\/li>\n<li data-start=\"1879\" data-end=\"1930\"><font color=\"#000000\">Din\u00e2micas nas Rela\u00e7\u00f5es Humanas e Lideran\u00e7as \u2013 65h<\/font><\/li>\n<\/ul>\n<p data-start=\"1932\" data-end=\"1949\"><font color=\"#000000\"><strong data-start=\"1932\" data-end=\"1947\">3\u00ba Semestre<\/strong><\/font><\/p>\n<ul>\n<li data-start=\"1952\" data-end=\"1983\"><font color=\"#000000\">Gest\u00e3o por Compet\u00eancias \u2013 65h<\/font><\/li>\n<li data-start=\"1986\" data-end=\"2012\"><font color=\"#000000\">Economia e Mercado \u2013 65h<\/font><\/li>\n<li data-start=\"2015\" data-end=\"2044\"><font color=\"#000000\">Avalia\u00e7\u00e3o de Empresas \u2013 65h<\/font><\/li>\n<li data-start=\"2047\" data-end=\"2097\"><font color=\"#000000\">Administra\u00e7\u00e3o para Micro e M\u00e9dias Empresas \u2013 20h<\/font><\/li>\n<\/ul>\n<p data-start=\"2099\" data-end=\"2130\"><font color=\"#000000\"><strong data-start=\"2099\" data-end=\"2123\">Carga Hor\u00e1ria Total:<\/strong> 800h<\/font><\/p>\n","protected":false},"featured_media":20830,"template":"","meta":{"_joinchat":[]},"product_brand":[],"product_cat":[174],"product_tag":[],"class_list":{"0":"post-20829","1":"product","2":"type-product","3":"status-publish","4":"has-post-thumbnail","6":"product_cat-cursos-tecnicos","8":"first","9":"instock","10":"shipping-taxable","11":"purchasable","12":"product-type-simple"},"_links":{"self":[{"href":"https:\/\/ynnovuscursoson.com.br\/pt_br\/wp-json\/wp\/v2\/product\/20829","targetHints":{"allow":["GET"]}}],"collection":[{"href":"https:\/\/ynnovuscursoson.com.br\/pt_br\/wp-json\/wp\/v2\/product"}],"about":[{"href":"https:\/\/ynnovuscursoson.com.br\/pt_br\/wp-json\/wp\/v2\/types\/product"}],"wp:featuredmedia":[{"embeddable":true,"href":"https:\/\/ynnovuscursoson.com.br\/pt_br\/wp-json\/wp\/v2\/media\/20830"}],"wp:attachment":[{"href":"https:\/\/ynnovuscursoson.com.br\/pt_br\/wp-json\/wp\/v2\/media?parent=20829"}],"wp:term":[{"taxonomy":"product_brand","embeddable":true,"href":"https:\/\/ynnovuscursoson.com.br\/pt_br\/wp-json\/wp\/v2\/product_brand?post=20829"},{"taxonomy":"product_cat","embeddable":true,"href":"https:\/\/ynnovuscursoson.com.br\/pt_br\/wp-json\/wp\/v2\/product_cat?post=20829"},{"taxonomy":"product_tag","embeddable":true,"href":"https:\/\/ynnovuscursoson.com.br\/pt_br\/wp-json\/wp\/v2\/product_tag?post=20829"}],"curies":[{"name":"wp","href":"https:\/\/api.w.org\/{rel}","templated":true}]}}