{"id":20825,"date":"2025-11-11T01:51:10","date_gmt":"2025-11-11T04:51:10","guid":{"rendered":"https:\/\/ynnovuscursoson.com.br\/?post_type=product&#038;p=20825"},"modified":"2025-11-11T08:31:48","modified_gmt":"2025-11-11T11:31:48","slug":"tecnico-em-transacoes-imobiliarias","status":"publish","type":"product","link":"https:\/\/ynnovuscursoson.com.br\/pt_br\/produto\/tecnico-em-transacoes-imobiliarias\/","title":{"rendered":"T\u00c9CNICO EM TRANSA\u00c7\u00d5ES IMOBILI\u00c1RIAS"},"content":{"rendered":"","protected":false},"excerpt":{"rendered":"<p data-start=\"266\" data-end=\"603\"><b><font color=\"#000000\">T\u00e9cnico em Transa\u00e7\u00f5es Imobili\u00e1rias &#8211; com compet\u00eancia<\/font><\/b><\/p>\n<p data-start=\"266\" data-end=\"603\"><font color=\"#000000\">Transforme sua paix\u00e3o pelo mercado imobili\u00e1rio em uma carreira de sucesso!<\/font><br data-start=\"340\" data-end=\"343\" \/><font color=\"#000000\">O <strong data-start=\"345\" data-end=\"389\">Curso T\u00e9cnico em Transa\u00e7\u00f5es Imobili\u00e1rias<\/strong> forma profissionais preparados para atuar de forma \u00e9tica, segura e estrat\u00e9gica em todas as etapas do processo imobili\u00e1rio \u2014 da capta\u00e7\u00e3o e avalia\u00e7\u00e3o de im\u00f3veis \u00e0 intermedia\u00e7\u00e3o de compra, venda, permuta e loca\u00e7\u00e3o.<\/font><\/p>\n<p data-start=\"605\" data-end=\"967\"><font color=\"#000000\">Durante o curso, o aluno desenvolve compet\u00eancias essenciais para compreender o <strong data-start=\"684\" data-end=\"707\">direito imobili\u00e1rio<\/strong>, os <strong data-start=\"712\" data-end=\"752\">procedimentos notariais e registrais<\/strong>, e as <strong data-start=\"759\" data-end=\"792\">t\u00e9cnicas de marketing digital<\/strong>, al\u00e9m de aprimorar a comunica\u00e7\u00e3o e o racioc\u00ednio l\u00f3gico-financeiro \u2014 habilidades indispens\u00e1veis para quem deseja se destacar em um mercado competitivo e altamente lucrativo.<\/font><\/p>\n<p data-start=\"969\" data-end=\"1265\"><font color=\"#000000\">Ao concluir a forma\u00e7\u00e3o, o profissional estar\u00e1 apto a registrar-se no <strong data-start=\"1038\" data-end=\"1092\">CRECI (Conselho Regional de Corretores de Im\u00f3veis)<\/strong> e atuar como <strong data-start=\"1106\" data-end=\"1144\">T\u00e9cnico em Transa\u00e7\u00f5es Imobili\u00e1rias<\/strong>, podendo trabalhar em imobili\u00e1rias, construtoras, incorporadoras, bancos ou at\u00e9 mesmo empreender como corretor aut\u00f4nomo.<\/font><\/p>\n<p data-start=\"1272\" data-end=\"1304\"><font color=\"#000000\">\ud83c\udf93 <strong data-start=\"1279\" data-end=\"1304\">Diferenciais do Curso<\/strong><\/font><\/p>\n<ul>\n<li data-start=\"1307\" data-end=\"1371\"><font color=\"#000000\">Forma\u00e7\u00e3o completa e atualizada conforme exig\u00eancias do mercado.<\/font><\/li>\n<li data-start=\"1374\" data-end=\"1433\"><font color=\"#000000\">Professores com experi\u00eancia pr\u00e1tica no setor imobili\u00e1rio.<\/font><\/li>\n<li data-start=\"1436\" data-end=\"1503\"><font color=\"#000000\">Conte\u00fado moderno com foco em <strong data-start=\"1465\" data-end=\"1500\">negocia\u00e7\u00e3o, direito e marketing<\/strong>.<\/font><\/li>\n<li data-start=\"1506\" data-end=\"1562\"><font color=\"#000000\">Aulas din\u00e2micas, voltadas para a pr\u00e1tica profissional<\/font><\/li>\n<\/ul>\n<p data-start=\"1569\" data-end=\"1634\"><font color=\"#000000\">\ud83d\udcd8 <strong data-start=\"1576\" data-end=\"1634\">Matriz Curricular \u2013 T\u00e9cnico em Transa\u00e7\u00f5es Imobili\u00e1rias<\/strong><\/font><\/p>\n<p data-start=\"1636\" data-end=\"1653\"><font color=\"#000000\"><strong data-start=\"1636\" data-end=\"1651\">1\u00ba Semestre<\/strong><\/font><\/p>\n<ul>\n<li data-start=\"1656\" data-end=\"1686\"><font color=\"#000000\">Processos Imobili\u00e1rios \u2013 65h<\/font><\/li>\n<li data-start=\"1689\" data-end=\"1765\"><font color=\"#000000\">Aspectos Constitucionais do Direito Notarial e Registral Imobili\u00e1rio \u2013 65h<\/font><\/li>\n<li data-start=\"1768\" data-end=\"1793\"><font color=\"#000000\">Marketing Digital \u2013 65h<\/font><\/li>\n<li data-start=\"1796\" data-end=\"1831\"><font color=\"#000000\">Leitura e Produ\u00e7\u00e3o de Texto \u2013 65h<\/font><\/li>\n<li data-start=\"1834\" data-end=\"1857\"><font color=\"#000000\">Desenho T\u00e9cnico \u2013 65h<\/font><\/li>\n<\/ul>\n<p data-start=\"1859\" data-end=\"1876\"><font color=\"#000000\"><strong data-start=\"1859\" data-end=\"1874\">2\u00ba Semestre<\/strong><\/font><\/p>\n<ul>\n<li data-start=\"1879\" data-end=\"1936\"><font color=\"#000000\">Direito Imobili\u00e1rio \u2013 Rela\u00e7\u00e3o com Pessoa Jur\u00eddica \u2013 65h<\/font><\/li>\n<li data-start=\"1939\" data-end=\"1994\"><font color=\"#000000\">Direito Imobili\u00e1rio \u2013 Rela\u00e7\u00e3o com Pessoa F\u00edsica \u2013 65h<\/font><\/li>\n<li data-start=\"1997\" data-end=\"2010\"><font color=\"#000000\">\u00c9tica \u2013 65h<\/font><\/li>\n<li data-start=\"2013\" data-end=\"2030\"><font color=\"#000000\">Contratos \u2013 20h<\/font><\/li>\n<\/ul>\n<p data-start=\"2032\" data-end=\"2049\"><font color=\"#000000\"><strong data-start=\"2032\" data-end=\"2047\">3\u00ba Semestre<\/strong><\/font><\/p>\n<ul>\n<li data-start=\"2052\" data-end=\"2103\"><font color=\"#000000\">Direito Imobili\u00e1rio segundo o Direito Civil \u2013 65h<\/font><\/li>\n<li data-start=\"2106\" data-end=\"2170\"><font color=\"#000000\">Processos de Compra, Venda, Permuta e Loca\u00e7\u00e3o de Im\u00f3veis \u2013 65h<\/font><\/li>\n<li data-start=\"2173\" data-end=\"2214\"><font color=\"#000000\">Matem\u00e1tica Financeira e Cidadania \u2013 65h<\/font><\/li>\n<li data-start=\"2217\" data-end=\"2243\"><font color=\"#000000\">Economia e Mercado \u2013 65h<\/font><\/li>\n<\/ul>\n<p data-start=\"2245\" data-end=\"2276\"><font color=\"#000000\"><strong data-start=\"2245\" data-end=\"2269\">Carga Hor\u00e1ria Total:<\/strong> 800h<\/font><\/p>\n","protected":false},"featured_media":20826,"template":"","meta":{"_joinchat":[]},"product_brand":[],"product_cat":[174],"product_tag":[],"class_list":{"0":"post-20825","1":"product","2":"type-product","3":"status-publish","4":"has-post-thumbnail","6":"product_cat-cursos-tecnicos","8":"first","9":"instock","10":"shipping-taxable","11":"purchasable","12":"product-type-simple"},"_links":{"self":[{"href":"https:\/\/ynnovuscursoson.com.br\/pt_br\/wp-json\/wp\/v2\/product\/20825","targetHints":{"allow":["GET"]}}],"collection":[{"href":"https:\/\/ynnovuscursoson.com.br\/pt_br\/wp-json\/wp\/v2\/product"}],"about":[{"href":"https:\/\/ynnovuscursoson.com.br\/pt_br\/wp-json\/wp\/v2\/types\/product"}],"wp:featuredmedia":[{"embeddable":true,"href":"https:\/\/ynnovuscursoson.com.br\/pt_br\/wp-json\/wp\/v2\/media\/20826"}],"wp:attachment":[{"href":"https:\/\/ynnovuscursoson.com.br\/pt_br\/wp-json\/wp\/v2\/media?parent=20825"}],"wp:term":[{"taxonomy":"product_brand","embeddable":true,"href":"https:\/\/ynnovuscursoson.com.br\/pt_br\/wp-json\/wp\/v2\/product_brand?post=20825"},{"taxonomy":"product_cat","embeddable":true,"href":"https:\/\/ynnovuscursoson.com.br\/pt_br\/wp-json\/wp\/v2\/product_cat?post=20825"},{"taxonomy":"product_tag","embeddable":true,"href":"https:\/\/ynnovuscursoson.com.br\/pt_br\/wp-json\/wp\/v2\/product_tag?post=20825"}],"curies":[{"name":"wp","href":"https:\/\/api.w.org\/{rel}","templated":true}]}}