{"id":20093,"date":"2025-05-19T09:58:08","date_gmt":"2025-05-19T12:58:08","guid":{"rendered":"https:\/\/realizeon.ynnovuson.com.br\/?post_type=product&#038;p=20093"},"modified":"2025-11-10T14:15:30","modified_gmt":"2025-11-10T17:15:30","slug":"ingles-para-viagem","status":"publish","type":"product","link":"https:\/\/ynnovuscursoson.com.br\/pt_br\/produto\/ingles-para-viagem\/","title":{"rendered":"Ingl\u00eas para viagem"},"content":{"rendered":"<h2>Sobre o Curso<\/h2>\n<p align=\"left\" id=\"yui_3_18_1_1_1747659360324_1496\">O curso <strong id=\"yui_3_18_1_1_1747659360324_1498\">Ingl\u00eas para viagem<\/strong> aborda de forma pr\u00e1tica e eficaz\u00a0 palavras, frases e express\u00f5es de situa\u00e7\u00f5es reais em viagens. O curso foi desenvolvido para atender as necessidades de viajantes que desejam se comunicar em situa\u00e7\u00f5es de viagem. As aulas s\u00e3o objetivas e tem\u00e1ticas e sem gram\u00e1tica. O foco \u00e9 em di\u00e1logos, palavras-chave e express\u00f5es relevantes para cada contexto. Al\u00e9m dos v\u00eddeos, as aulas tem material em &#8220;Word ou pdf&#8221; para quem desejar imprimir o material. Em algumas aulas s\u00e3o disponibilizados\u00a0 links para exercitar o que foi dado em aula.<\/p>\n<p><strong id=\"yui_3_18_1_1_1747659360324_1506\">Alguns dos t\u00f3picos abordados incluem:<\/strong><\/p>\n<p><strong>&#8211;<\/strong> <strong>Na Imigra\u00e7\u00e3o:<\/strong> Principais perguntas e respostas.<br \/>\n<strong>&#8211; No Voo:<\/strong> Frases essenciais para se comunicar com a tripula\u00e7\u00e3o.<br \/>\n<strong>&#8211; No Hotel:<\/strong> Dicas para fazer check-in, solicitar servi\u00e7os e resolver problemas durante a estadia.<br \/>\n<strong>&#8211; No Restaurante:<\/strong> Vocabul\u00e1rio para fazer pedidos, entender o card\u00e1pio e interagir com os atendentes.<br \/>\n<strong>&#8211; Fazendo Compras:<\/strong> Aprenda como pedir informa\u00e7\u00f5es sobre produtos.<br \/>\n<strong>&#8211; No aeroporto:<\/strong> \u00a0Frases \u00fateis para fazer check-in, encontrar os port\u00f5es, hor\u00e1rios de chegada, sa\u00edda e problemas com os v\u00f4os.<br id=\"yui_3_18_1_1_1747659360324_1508\" \/><span id=\"yui_3_18_1_1_1747659360324_1530\"><strong id=\"yui_3_18_1_1_1747659360324_1531\"><\/strong><\/span><\/p>\n<p><span id=\"yui_3_18_1_1_1747659360324_1530\"><strong id=\"yui_3_18_1_1_1747659360324_1531\">Metodologia:<\/strong><br id=\"yui_3_18_1_1_1747659360324_1532\" \/><\/span>Utilizamos uma abordagem com di\u00e1logos e \u00e1udios com simula\u00e7\u00f5es e exerc\u00edcios pr\u00e1ticos que facilitam a assimila\u00e7\u00e3o do conte\u00fado. <br id=\"yui_3_18_1_1_1747659360324_1533\" \/><br id=\"yui_3_18_1_1_1747659360324_1534\" \/><br id=\"yui_3_18_1_1_1747659360324_1535\" \/><\/p>\n","protected":false},"excerpt":{"rendered":"<p>Sobre o Curso O curso Ingl\u00eas para viagem aborda de forma pr\u00e1tica e eficaz\u00a0 palavras, frases e express\u00f5es de situa\u00e7\u00f5es reais em viagens. O curso foi desenvolvido para atender as necessidades de viajantes que desejam se comunicar em situa\u00e7\u00f5es de viagem. As aulas s\u00e3o objetivas e tem\u00e1ticas e sem gram\u00e1tica.<\/p>\n","protected":false},"featured_media":20048,"template":"","meta":{"_joinchat":[]},"product_brand":[],"product_cat":[130],"product_tag":[],"class_list":{"0":"post-20093","1":"product","2":"type-product","3":"status-publish","4":"has-post-thumbnail","6":"product_cat-idiomas","8":"first","9":"instock","10":"sale","11":"featured","12":"downloadable","13":"virtual","14":"purchasable","15":"product-type-simple"},"_links":{"self":[{"href":"https:\/\/ynnovuscursoson.com.br\/pt_br\/wp-json\/wp\/v2\/product\/20093","targetHints":{"allow":["GET"]}}],"collection":[{"href":"https:\/\/ynnovuscursoson.com.br\/pt_br\/wp-json\/wp\/v2\/product"}],"about":[{"href":"https:\/\/ynnovuscursoson.com.br\/pt_br\/wp-json\/wp\/v2\/types\/product"}],"wp:featuredmedia":[{"embeddable":true,"href":"https:\/\/ynnovuscursoson.com.br\/pt_br\/wp-json\/wp\/v2\/media\/20048"}],"wp:attachment":[{"href":"https:\/\/ynnovuscursoson.com.br\/pt_br\/wp-json\/wp\/v2\/media?parent=20093"}],"wp:term":[{"taxonomy":"product_brand","embeddable":true,"href":"https:\/\/ynnovuscursoson.com.br\/pt_br\/wp-json\/wp\/v2\/product_brand?post=20093"},{"taxonomy":"product_cat","embeddable":true,"href":"https:\/\/ynnovuscursoson.com.br\/pt_br\/wp-json\/wp\/v2\/product_cat?post=20093"},{"taxonomy":"product_tag","embeddable":true,"href":"https:\/\/ynnovuscursoson.com.br\/pt_br\/wp-json\/wp\/v2\/product_tag?post=20093"}],"curies":[{"name":"wp","href":"https:\/\/api.w.org\/{rel}","templated":true}]}}