{"id":20009,"date":"2025-03-09T16:36:33","date_gmt":"2025-03-09T19:36:33","guid":{"rendered":"https:\/\/realizeon.ynnovuson.com.br\/?post_type=product&#038;p=20009"},"modified":"2025-09-16T07:17:08","modified_gmt":"2025-09-16T10:17:08","slug":"psicologia-organizacional-e-saude-do-coloborador","status":"publish","type":"product","link":"https:\/\/ynnovuscursoson.com.br\/pt_br\/produto\/psicologia-organizacional-e-saude-do-coloborador\/","title":{"rendered":"Psicologia Organizacional e Sa\u00fade do Colaborador"},"content":{"rendered":"<h2>Sobre o Curso<\/h2>\n<p><b><strong><span>Dura\u00e7\u00e3o 80H &#8211; Ebooks , Slides e V\u00eddeos<br \/>\n<\/span><\/strong><\/b><\/p>\n<p>O curso tem como objetivo oferecer uma forma\u00e7\u00e3o s\u00f3lida e abrangente sobre a Psicologia Organizacional, abordando os aspectos hist\u00f3ricos, te\u00f3ricos e pr\u00e1ticos desta \u00e1rea, com foco na avalia\u00e7\u00e3o psicol\u00f3gica, nas ferramentas de gest\u00e3o de pessoas e na promo\u00e7\u00e3o do bem-estar no ambiente de trabalho. O curso busca preparar os participantes para implementar pr\u00e1ticas psicol\u00f3gicas eficazes nas organiza\u00e7\u00f5es, promovendo ambientes saud\u00e1veis e produtivos, al\u00e9m de estrat\u00e9gias para a preven\u00e7\u00e3o de doen\u00e7as ocupacionais.<\/p>\n<p><strong>COMPET\u00caNCIAS ESPEC\u00cdFICAS:<\/strong><\/p>\n<p><strong>UNIDADE I : PSICOLOGIA ORGANIZACIONAL<\/strong><br \/>\n&#8211; Compreender o que \u00e9, a hist\u00f3ria e surgimento da psicologia organizacional;<br \/>\n&#8211; Discorrer sobre o conceito, perspectivas e import\u00e2ncia da psicologia nas organiza\u00e7\u00f5es;<br \/>\n&#8211; Apresentar e conceituar: O que s\u00e3o Doen\u00e7as Ocupacionais.<\/p>\n<p><strong>UNIDADE II : AVALIA\u00c7\u00c3O PSICOL\u00d3GICA<\/strong><br \/>\n&#8211; Entender as teorias psicol\u00f3gicas que podem contribuir para um ambiente Organizacional eficiente e saud\u00e1vel;<br \/>\n&#8211; Apresentar t\u00e9cnicas eficazes para a gest\u00e3o;<br \/>\n&#8211; Compreender a import\u00e2ncia da Avalia\u00e7\u00e3o Psicol\u00f3gica, suas principais t\u00e9cnicas e ferramentas.<\/p>\n<p><strong>UNIDADE III : SA\u00daDE DO COLABORADOR<\/strong><br \/>\n&#8211; Compreender a rela\u00e7\u00e3o entre: ambiente, lideran\u00e7a, gest\u00e3o e sa\u00fade.<br \/>\n&#8211; Apresentar os conceitos e t\u00e9cnica relacionadas ao Bem-estar no trabalho (BET) e Qualidade de Vida no Trabalho (QVT).<br \/>\n&#8211; Identificar as vantagens de se aplicar: BET e QVT nas organiza\u00e7\u00f5es.<\/p>\n","protected":false},"excerpt":{"rendered":"<p>Sobre o Curso Dura\u00e7\u00e3o 80H &#8211; Ebooks , Slides e V\u00eddeos O curso tem como objetivo oferecer uma forma\u00e7\u00e3o s\u00f3lida e abrangente sobre a Psicologia Organizacional, abordando os aspectos hist\u00f3ricos, te\u00f3ricos e pr\u00e1ticos desta \u00e1rea, com foco na avalia\u00e7\u00e3o psicol\u00f3gica, nas ferramentas de gest\u00e3o de pessoas e na promo\u00e7\u00e3o do<\/p>\n","protected":false},"featured_media":20010,"template":"","meta":{"_joinchat":[]},"product_brand":[],"product_cat":[128],"product_tag":[],"class_list":{"0":"post-20009","1":"product","2":"type-product","3":"status-publish","4":"has-post-thumbnail","6":"product_cat-gestao-cursosynnovus","8":"first","9":"instock","10":"sale","11":"featured","12":"downloadable","13":"virtual","14":"purchasable","15":"product-type-simple"},"_links":{"self":[{"href":"https:\/\/ynnovuscursoson.com.br\/pt_br\/wp-json\/wp\/v2\/product\/20009","targetHints":{"allow":["GET"]}}],"collection":[{"href":"https:\/\/ynnovuscursoson.com.br\/pt_br\/wp-json\/wp\/v2\/product"}],"about":[{"href":"https:\/\/ynnovuscursoson.com.br\/pt_br\/wp-json\/wp\/v2\/types\/product"}],"wp:featuredmedia":[{"embeddable":true,"href":"https:\/\/ynnovuscursoson.com.br\/pt_br\/wp-json\/wp\/v2\/media\/20010"}],"wp:attachment":[{"href":"https:\/\/ynnovuscursoson.com.br\/pt_br\/wp-json\/wp\/v2\/media?parent=20009"}],"wp:term":[{"taxonomy":"product_brand","embeddable":true,"href":"https:\/\/ynnovuscursoson.com.br\/pt_br\/wp-json\/wp\/v2\/product_brand?post=20009"},{"taxonomy":"product_cat","embeddable":true,"href":"https:\/\/ynnovuscursoson.com.br\/pt_br\/wp-json\/wp\/v2\/product_cat?post=20009"},{"taxonomy":"product_tag","embeddable":true,"href":"https:\/\/ynnovuscursoson.com.br\/pt_br\/wp-json\/wp\/v2\/product_tag?post=20009"}],"curies":[{"name":"wp","href":"https:\/\/api.w.org\/{rel}","templated":true}]}}