{"id":19845,"date":"2024-06-04T22:14:51","date_gmt":"2024-06-05T01:14:51","guid":{"rendered":"https:\/\/realizeon.ynnovuson.com.br\/?post_type=product&#038;p=19845"},"modified":"2025-09-16T07:17:13","modified_gmt":"2025-09-16T10:17:13","slug":"agricultura-familiar-e-desenvolvimento-sustentavel","status":"publish","type":"product","link":"https:\/\/ynnovuscursoson.com.br\/pt_br\/produto\/agricultura-familiar-e-desenvolvimento-sustentavel\/","title":{"rendered":"Agricultura Familiar e Desenvolvimento Sustent\u00e1vel"},"content":{"rendered":"<p align=\"left\">O curso de Agricultura Familiar e Desenvolvimento Sustent\u00e1vel \u00e9 uma excelente op\u00e7\u00e3o para aqueles interessados em contribuir para a seguran\u00e7a alimentar, a sustentabilidade ambiental e o desenvolvimento econ\u00f4mico de comunidades rurais. Esse tipo de curso abrange uma variedade de t\u00f3picos importantes e pr\u00e1ticos, combinando conhecimento com pr\u00e1ticas sustent\u00e1veis.<\/p>\n<p align=\"left\">Compreender os conceitos de agricultura familiar e desenvolvimento sustent\u00e1vel, identificando suas inter-rela\u00e7\u00f5es.<br \/>\nAvaliar o papel da agricultura familiar na garantia da seguran\u00e7a alimentar e na preserva\u00e7\u00e3o da biodiversidade.<br \/>\nIdentificar os desafios enfrentados pela agricultura familiar e explorar as oportunidades de melhoria socioecon\u00f4mica.<br \/>\nAvaliar as pol\u00edticas p\u00fablicas voltadas para a agricultura familiar e seu impacto no desenvolvimento sustent\u00e1vel.<\/p>\n<p>Compreender as pr\u00e1ticas de manejo sustent\u00e1vel do solo e sua import\u00e2ncia para a produtividade a longo prazo.<br \/>\nExplorar t\u00e9cnicas de uso eficiente da \u00e1gua na agricultura e sua rela\u00e7\u00e3o com a preserva\u00e7\u00e3o dos recursos h\u00eddricos.<br \/>\nDiscernir sobre os princ\u00edpios da agricultura org\u00e2nica e da agro-ecologia como alternativas sustent\u00e1veis de produ\u00e7\u00e3o.<br \/>\nReconhecer os benef\u00edcios da diversifica\u00e7\u00e3o de cultivos e da rota\u00e7\u00e3o de culturas na promo\u00e7\u00e3o da sustentabilidade.<\/p>\n<p>Explorar as oportunidades do agro-turismo e da valoriza\u00e7\u00e3o dos produtos locais para o fortalecimento da agricultura familiar.<br \/>\nInvestigar o uso de tecnologias sustent\u00e1veis, como a agricultura de precis\u00e3o, na otimiza\u00e7\u00e3o da produ\u00e7\u00e3o familiar.<br \/>\nAvaliar os benef\u00edcios do associativismo e do cooperativismo na promo\u00e7\u00e3o de melhores condi\u00e7\u00f5es de mercado para os agricultores familiares.<br \/>\nAvaliar e descrever o processo de elabora\u00e7\u00e3o de planos de neg\u00f3cios fundamentais voltados para atividades agr\u00edcolas familiares, integrando de forma criteriosa os aspectos econ\u00f4micos e sustent\u00e1veis<\/p>\n<p>Compreender os impactos das mudan\u00e7as clim\u00e1ticas na agricultura familiar e explorar estrat\u00e9gias de resili\u00eancia.<br \/>\nDiscernir sobre os desafios de acesso a mercados enfrentados pelos agricultores familiares e examinar iniciativas de com\u00e9rcio justo.<br \/>\nDesenvolver estrat\u00e9gias de educa\u00e7\u00e3o ambiental para sensibilizar a comunidade sobre a import\u00e2ncia da agricultura familiar sustent\u00e1vel.<br \/>\nDesenvolver projetos de impacto social voltados para o fortalecimento da agricultura familiar e o desenvolvimento sustent\u00e1vel local.<\/p>\n","protected":false},"excerpt":{"rendered":"<p>O curso de Agricultura Familiar e Desenvolvimento Sustent\u00e1vel \u00e9 uma excelente op\u00e7\u00e3o para aqueles interessados em contribuir para a seguran\u00e7a alimentar, a sustentabilidade ambiental e o desenvolvimento econ\u00f4mico de comunidades rurais. Esse tipo de curso abrange uma variedade de t\u00f3picos importantes e pr\u00e1ticos, combinando conhecimento com pr\u00e1ticas sustent\u00e1veis. Compreender os<\/p>\n","protected":false},"featured_media":19847,"template":"","meta":{"_joinchat":[]},"product_brand":[],"product_cat":[127],"product_tag":[],"class_list":{"0":"post-19845","1":"product","2":"type-product","3":"status-publish","4":"has-post-thumbnail","6":"product_cat-meioambiente","8":"first","9":"instock","10":"featured","11":"downloadable","12":"virtual","13":"purchasable","14":"product-type-simple"},"_links":{"self":[{"href":"https:\/\/ynnovuscursoson.com.br\/pt_br\/wp-json\/wp\/v2\/product\/19845","targetHints":{"allow":["GET"]}}],"collection":[{"href":"https:\/\/ynnovuscursoson.com.br\/pt_br\/wp-json\/wp\/v2\/product"}],"about":[{"href":"https:\/\/ynnovuscursoson.com.br\/pt_br\/wp-json\/wp\/v2\/types\/product"}],"wp:featuredmedia":[{"embeddable":true,"href":"https:\/\/ynnovuscursoson.com.br\/pt_br\/wp-json\/wp\/v2\/media\/19847"}],"wp:attachment":[{"href":"https:\/\/ynnovuscursoson.com.br\/pt_br\/wp-json\/wp\/v2\/media?parent=19845"}],"wp:term":[{"taxonomy":"product_brand","embeddable":true,"href":"https:\/\/ynnovuscursoson.com.br\/pt_br\/wp-json\/wp\/v2\/product_brand?post=19845"},{"taxonomy":"product_cat","embeddable":true,"href":"https:\/\/ynnovuscursoson.com.br\/pt_br\/wp-json\/wp\/v2\/product_cat?post=19845"},{"taxonomy":"product_tag","embeddable":true,"href":"https:\/\/ynnovuscursoson.com.br\/pt_br\/wp-json\/wp\/v2\/product_tag?post=19845"}],"curies":[{"name":"wp","href":"https:\/\/api.w.org\/{rel}","templated":true}]}}