{"id":19835,"date":"2024-06-03T22:01:26","date_gmt":"2024-06-04T01:01:26","guid":{"rendered":"https:\/\/realizeon.ynnovuson.com.br\/?post_type=product&#038;p=19835"},"modified":"2025-09-16T07:17:18","modified_gmt":"2025-09-16T10:17:18","slug":"administracao-e-planejamento-de-projetos-de-impacto-social","status":"publish","type":"product","link":"https:\/\/ynnovuscursoson.com.br\/pt_br\/produto\/administracao-e-planejamento-de-projetos-de-impacto-social\/","title":{"rendered":"Administra\u00e7\u00e3o e Planejamento de Projetos de Impacto Social"},"content":{"rendered":"<p>Este curso visa capacitar os alunos a compreender e aplicar os princ\u00edpios da administra\u00e7\u00e3o e planejamento nos projetos de impacto social, identificando suas caracter\u00edsticas, desafios e conceitos fundamentais.<\/p>\n<p>Definir os conceitos fundamentais de projetos de impacto social.<br \/>\nIdentificar as principais caracter\u00edsticas e desafios da administra\u00e7\u00e3o de projetos de impacto social.<br \/>\nDiscernir sobre a import\u00e2ncia do planejamento estrat\u00e9gico para projetos de impacto social.<br \/>\nAvaliar a rela\u00e7\u00e3o entre projetos de impacto social e desenvolvimento sustent\u00e1vel.<\/p>\n<p>Identificar as etapas do ciclo de vida de projetos de impacto social.<br \/>\nAplicar t\u00e9cnicas de identifica\u00e7\u00e3o e an\u00e1lise de stakeholders em projetos de impacto social.<br \/>\nUtilizar ferramentas de diagn\u00f3stico para identificar problemas e oportunidades em projetos de impacto social.<br \/>\nAvaliar e aplicar os principais elementos de um plano de projeto para projetos de impacto social.<\/p>\n<p>Reconhecer a import\u00e2ncia do gerenciamento de riscos em projetos de impacto social.<br \/>\nIdentificar os principais tipos de riscos em projetos de impacto social.<br \/>\nAplicar t\u00e9cnicas de an\u00e1lise e avalia\u00e7\u00e3o de riscos em projetos de impacto social.<br \/>\nElaborar estrat\u00e9gias de mitiga\u00e7\u00e3o e resposta aos riscos em projetos de impacto social.<\/p>\n<p>Compreender a import\u00e2ncia do monitoramento e avalia\u00e7\u00e3o cont\u00ednua em projetos de impacto social.<br \/>\nMensurar os indicadores de desempenho relevantes para projetos de impacto social.<br \/>\nAplicar m\u00e9todos e ferramentas de coleta e an\u00e1lise de dados em projetos de impacto social.<br \/>\nAnalisar os resultados do monitoramento e avalia\u00e7\u00e3o para promover melhorias cont\u00ednuas em projetos de impacto social.<\/p>\n","protected":false},"excerpt":{"rendered":"<p>Este curso visa capacitar os alunos a compreender e aplicar os princ\u00edpios da administra\u00e7\u00e3o e planejamento nos projetos de impacto social, identificando suas caracter\u00edsticas, desafios e conceitos fundamentais. Definir os conceitos fundamentais de projetos de impacto social. Identificar as principais caracter\u00edsticas e desafios da administra\u00e7\u00e3o de projetos de impacto social.<\/p>\n","protected":false},"featured_media":19837,"template":"","meta":{"_joinchat":[]},"product_brand":[],"product_cat":[128],"product_tag":[],"class_list":{"0":"post-19835","1":"product","2":"type-product","3":"status-publish","4":"has-post-thumbnail","6":"product_cat-gestao-cursosynnovus","8":"first","9":"instock","10":"featured","11":"downloadable","12":"virtual","13":"purchasable","14":"product-type-simple"},"_links":{"self":[{"href":"https:\/\/ynnovuscursoson.com.br\/pt_br\/wp-json\/wp\/v2\/product\/19835","targetHints":{"allow":["GET"]}}],"collection":[{"href":"https:\/\/ynnovuscursoson.com.br\/pt_br\/wp-json\/wp\/v2\/product"}],"about":[{"href":"https:\/\/ynnovuscursoson.com.br\/pt_br\/wp-json\/wp\/v2\/types\/product"}],"wp:featuredmedia":[{"embeddable":true,"href":"https:\/\/ynnovuscursoson.com.br\/pt_br\/wp-json\/wp\/v2\/media\/19837"}],"wp:attachment":[{"href":"https:\/\/ynnovuscursoson.com.br\/pt_br\/wp-json\/wp\/v2\/media?parent=19835"}],"wp:term":[{"taxonomy":"product_brand","embeddable":true,"href":"https:\/\/ynnovuscursoson.com.br\/pt_br\/wp-json\/wp\/v2\/product_brand?post=19835"},{"taxonomy":"product_cat","embeddable":true,"href":"https:\/\/ynnovuscursoson.com.br\/pt_br\/wp-json\/wp\/v2\/product_cat?post=19835"},{"taxonomy":"product_tag","embeddable":true,"href":"https:\/\/ynnovuscursoson.com.br\/pt_br\/wp-json\/wp\/v2\/product_tag?post=19835"}],"curies":[{"name":"wp","href":"https:\/\/api.w.org\/{rel}","templated":true}]}}