{"id":19829,"date":"2024-06-02T00:15:46","date_gmt":"2024-06-02T03:15:46","guid":{"rendered":"https:\/\/realizeon.ynnovuson.com.br\/?post_type=product&#038;p=19829"},"modified":"2025-09-16T07:17:23","modified_gmt":"2025-09-16T10:17:23","slug":"administracao-de-servidores","status":"publish","type":"product","link":"https:\/\/ynnovuscursoson.com.br\/pt_br\/produto\/administracao-de-servidores\/","title":{"rendered":"Administra\u00e7\u00e3o de Servidores"},"content":{"rendered":"<p>Finalizando este  curso, o estudante ser\u00e1 capaz de conhecer a estrutura dos servidores de dados, explorando suas caracter\u00edsticas e diferen\u00e7as, assim como os diversos tipos de servidores, adquirindo uma vis\u00e3o geral sobre os protocolos de comunica\u00e7\u00e3o.<br \/>\nDefinir o conceito de sistemas propriet\u00e1rios, entendendo o funcionamento dos servidores de rede baseados nesses sistemas.<br \/>\nEntender e ativar os servi\u00e7os de um servidor TCP\/IP.<br \/>\nCompreender a arquitetura cliente-servidor e seu princ\u00edpio de funcionamento na pr\u00e1tica.<br \/>\nConfigurar um servidor de rede baseado no Microsoft Windows Server.<\/p>\n<p>Definir o conceito e entender o funcionamento e a organiza\u00e7\u00e3o de um servidor web.<br \/>\nInstalar e configurar um servidor web Apache Tomcat, entendendo seu funcionamento e suas caracter\u00edsticas.<br \/>\nAplicar m\u00e9todos de instala\u00e7\u00e3o de sistemas open source em servidores de rede.<br \/>\nRealizar procedimentos de configura\u00e7\u00e3o de sistemas open source em servidores de rede.<\/p>\n<p>Compreender o funcionamento dos servidores de aplica\u00e7\u00e3o, discernindo sobre sua fun\u00e7\u00e3o em uma rede de computadores.<br \/>\nDiscernir sobre as diferen\u00e7as entre servidores web e servidores de aplica\u00e7\u00e3o.<br \/>\nClassificar os servidores web, identificando suas caracter\u00edsticas.<br \/>\nInstalar e configurar servidores web considerando seus modelos.<\/p>\n<p>Entender o que s\u00e3o e para que servem os servidores proxy.<br \/>\nInstalar e configurar um servidor proxy.<br \/>\nCompreender o funcionamento do cache de servidores de rede.<br \/>\nInstalar e configurar servidores de rede baseados no sistema operacional Linux.<\/p>\n","protected":false},"excerpt":{"rendered":"<p>Finalizando este curso, o estudante ser\u00e1 capaz de conhecer a estrutura dos servidores de dados, explorando suas caracter\u00edsticas e diferen\u00e7as, assim como os diversos tipos de servidores, adquirindo uma vis\u00e3o geral sobre os protocolos de comunica\u00e7\u00e3o. Definir o conceito de sistemas propriet\u00e1rios, entendendo o funcionamento dos servidores de rede baseados<\/p>\n","protected":false},"featured_media":19830,"template":"","meta":{"_joinchat":[]},"product_brand":[],"product_cat":[126],"product_tag":[],"class_list":{"0":"post-19829","1":"product","2":"type-product","3":"status-publish","4":"has-post-thumbnail","6":"product_cat-informatica","8":"first","9":"instock","10":"featured","11":"downloadable","12":"virtual","13":"purchasable","14":"product-type-simple"},"_links":{"self":[{"href":"https:\/\/ynnovuscursoson.com.br\/pt_br\/wp-json\/wp\/v2\/product\/19829","targetHints":{"allow":["GET"]}}],"collection":[{"href":"https:\/\/ynnovuscursoson.com.br\/pt_br\/wp-json\/wp\/v2\/product"}],"about":[{"href":"https:\/\/ynnovuscursoson.com.br\/pt_br\/wp-json\/wp\/v2\/types\/product"}],"wp:featuredmedia":[{"embeddable":true,"href":"https:\/\/ynnovuscursoson.com.br\/pt_br\/wp-json\/wp\/v2\/media\/19830"}],"wp:attachment":[{"href":"https:\/\/ynnovuscursoson.com.br\/pt_br\/wp-json\/wp\/v2\/media?parent=19829"}],"wp:term":[{"taxonomy":"product_brand","embeddable":true,"href":"https:\/\/ynnovuscursoson.com.br\/pt_br\/wp-json\/wp\/v2\/product_brand?post=19829"},{"taxonomy":"product_cat","embeddable":true,"href":"https:\/\/ynnovuscursoson.com.br\/pt_br\/wp-json\/wp\/v2\/product_cat?post=19829"},{"taxonomy":"product_tag","embeddable":true,"href":"https:\/\/ynnovuscursoson.com.br\/pt_br\/wp-json\/wp\/v2\/product_tag?post=19829"}],"curies":[{"name":"wp","href":"https:\/\/api.w.org\/{rel}","templated":true}]}}