{"id":19826,"date":"2024-06-01T23:36:56","date_gmt":"2024-06-02T02:36:56","guid":{"rendered":"https:\/\/realizeon.ynnovuson.com.br\/?post_type=product&#038;p=19826"},"modified":"2025-09-18T13:38:20","modified_gmt":"2025-09-18T16:38:20","slug":"libras-lingua-brasileira-de-sinais","status":"publish","type":"product","link":"https:\/\/ynnovuscursoson.com.br\/pt_br\/produto\/libras-lingua-brasileira-de-sinais\/","title":{"rendered":"Libras \u2013 L\u00edngua Brasileira de Sinais"},"content":{"rendered":"<p>O curso de Libras \u00e9 um curso voltado para o aprendizado da L\u00edngua Brasileira de Sinais, que \u00e9 a l\u00edngua utilizada pela comunidade surda no Brasil. Aprender Libras \u00e9 importante para promover a inclus\u00e3o e a comunica\u00e7\u00e3o entre pessoas surdas e ouvintes.<\/p>\n<p>Compreender, analisar e promover o entendimento das experi\u00eancias hist\u00f3ricas e culturais das comunidades surdas em diferentes sociedades.<br \/>\nInterpretar a surdez de forma integrada, considerando tanto os aspectos cl\u00ednicos quanto os socioantropol\u00f3gicos.<br \/>\nCompreender, analisar e aplicar princ\u00edpios filos\u00f3ficos e legais que orientam a educa\u00e7\u00e3o de pessoas surdas.<br \/>\nCompreender, aplicar e promover abordagens bilingues na educa\u00e7\u00e3o de surdos.<\/p>\n<p>Entender, apreciar e interagir de forma eficaz com a l\u00edngua de sinais.<br \/>\nCompreender e comunicar informa\u00e7\u00f5es relacionadas ao alfabeto manual, n\u00fameros, condi\u00e7\u00f5es clim\u00e1ticas, ano sideral e calend\u00e1rio em l\u00edngua de sinais.<br \/>\nCompreender e usar adv\u00e9rbios de tempo e flex\u00f5es de frases nas formas negativa, interrogativa e exclamativa.<br \/>\nUtilizar sinais de verbos em l\u00edngua de sinais, bem como suas formas negativas.<\/p>\n<p>Compreender e comunicar informa\u00e7\u00f5es relacionadas a conceitos espaciais, direcionais e de perspectiva.<br \/>\nCompreender e comunicar informa\u00e7\u00f5es relacionadas ao tempo, incluindo conceitos temporais e numerais ordinais.<br \/>\nCompreender e utilizar pronomes e express\u00f5es interrogativas relacionadas ao tempo.<br \/>\nProduzir e utilizar os sinais do verbo &#8220;procurar&#8221; e suas varia\u00e7\u00f5es em L\u00edngua de Sinais.<\/p>\n<p>Compreender, produzir e utilizar sinais relacionados a diversas profiss\u00f5es em L\u00edngua de Sinais.<br \/>\nUtilizar sinais relacionados a diferentes meios de comunica\u00e7\u00e3o em L\u00edngua de Sinais.<br \/>\nUtilizar sistemas de transcri\u00e7\u00e3o para representar informa\u00e7\u00f5es de maneira clara e precisa.<br \/>\nCompreender, interpretar e atuar em encena\u00e7\u00f5es teatrais em L\u00edngua Brasileira de Sinais (Libras).<\/p>\n","protected":false},"excerpt":{"rendered":"<p>O curso de Libras \u00e9 um curso voltado para o aprendizado da L\u00edngua Brasileira de Sinais, que \u00e9 a l\u00edngua utilizada pela comunidade surda no Brasil. Aprender Libras \u00e9 importante para promover a inclus\u00e3o e a comunica\u00e7\u00e3o entre pessoas surdas e ouvintes. Compreender, analisar e promover o entendimento das experi\u00eancias<\/p>\n","protected":false},"featured_media":19828,"template":"","meta":{"_joinchat":[]},"product_brand":[],"product_cat":[132],"product_tag":[],"class_list":{"0":"post-19826","1":"product","2":"type-product","3":"status-publish","4":"has-post-thumbnail","6":"product_cat-comunicacao","8":"first","9":"instock","10":"featured","11":"downloadable","12":"virtual","13":"purchasable","14":"product-type-simple"},"_links":{"self":[{"href":"https:\/\/ynnovuscursoson.com.br\/pt_br\/wp-json\/wp\/v2\/product\/19826","targetHints":{"allow":["GET"]}}],"collection":[{"href":"https:\/\/ynnovuscursoson.com.br\/pt_br\/wp-json\/wp\/v2\/product"}],"about":[{"href":"https:\/\/ynnovuscursoson.com.br\/pt_br\/wp-json\/wp\/v2\/types\/product"}],"wp:featuredmedia":[{"embeddable":true,"href":"https:\/\/ynnovuscursoson.com.br\/pt_br\/wp-json\/wp\/v2\/media\/19828"}],"wp:attachment":[{"href":"https:\/\/ynnovuscursoson.com.br\/pt_br\/wp-json\/wp\/v2\/media?parent=19826"}],"wp:term":[{"taxonomy":"product_brand","embeddable":true,"href":"https:\/\/ynnovuscursoson.com.br\/pt_br\/wp-json\/wp\/v2\/product_brand?post=19826"},{"taxonomy":"product_cat","embeddable":true,"href":"https:\/\/ynnovuscursoson.com.br\/pt_br\/wp-json\/wp\/v2\/product_cat?post=19826"},{"taxonomy":"product_tag","embeddable":true,"href":"https:\/\/ynnovuscursoson.com.br\/pt_br\/wp-json\/wp\/v2\/product_tag?post=19826"}],"curies":[{"name":"wp","href":"https:\/\/api.w.org\/{rel}","templated":true}]}}