{"id":19823,"date":"2024-06-01T22:42:01","date_gmt":"2024-06-02T01:42:01","guid":{"rendered":"https:\/\/realizeon.ynnovuson.com.br\/?post_type=product&#038;p=19823"},"modified":"2025-10-13T12:14:26","modified_gmt":"2025-10-13T15:14:26","slug":"neuromarketing-e-ux","status":"publish","type":"product","link":"https:\/\/ynnovuscursoson.com.br\/pt_br\/produto\/neuromarketing-e-ux\/","title":{"rendered":"Neuromarketing e UX"},"content":{"rendered":"<p>Este curso visa proporcionar aos alunos uma compreens\u00e3o profunda e aplicada dos princ\u00edpios e pr\u00e1ticas de Neuromarketing e Experi\u00eancia do Usu\u00e1rio (UX &#8211; User Experience), capacitando-os a aplicar estrat\u00e9gias eficazes para melhorar as intera\u00e7\u00f5es dos usu\u00e1rios e clientes com produtos, servi\u00e7os e interfaces digitais, com o objetivo de otimizar a convers\u00e3o, satisfa\u00e7\u00e3o e fideliza\u00e7\u00e3o do cliente.<\/p>\n<p>Definir os conceitos-chave que formam a base do Neuromarketing, entendendo sua evolu\u00e7\u00e3o ao longo do tempo e como ele se diferencia de outras formas de marketing.<br \/>\nAplicar os princ\u00edpios neurocient\u00edficos que s\u00e3o a base do Neuromarketing, compreendendo como o c\u00e9rebro humano processa informa\u00e7\u00f5es, toma decis\u00f5es e reage a est\u00edmulos de marketing.<br \/>\nEntender como diferentes elementos do Neuromarketing podem impactar as decis\u00f5es de compra, bem como aplicar estrat\u00e9gias pr\u00e1ticas de Neuromarketing para influenciar positivamente as decis\u00f5es de compra, mantendo uma abordagem \u00e9tica e centrada no consumidor.<br \/>\nIdentificar oportunidades de aplicar conceitos de Neuromarketing em diversas \u00e1reas, reconhecendo seu potencial e avaliando seu impacto em cada campo espec\u00edfico.<\/p>\n<p>Criar hist\u00f3rias que capturam a aten\u00e7\u00e3o e a emo\u00e7\u00e3o dos consumidores, utilizando a t\u00e9cnica do storytelling como uma ferramenta poderosa para enriquecer estrat\u00e9gias de marketing.<br \/>\nAnalisar e aplicar diversas estrat\u00e9gias de Neuromarketing espec\u00edficas para o ambiente digital.<br \/>\nCompreender e aplicar os princ\u00edpios da psicologia das cores no contexto do Neuromarketing.<br \/>\nEmpregar estrategicamente aromas em diversos pontos de contato com o consumidor, utilizando-os como ferramenta para criar uma atmosfera envolvente, evocar emo\u00e7\u00f5es positivas e fortalecer a conex\u00e3o entre consumidores e marcas.<\/p>\n<p>Definir o conceito de UX \u2013 User Experience, entendendo sua relev\u00e2ncia e como ele se integra em uma estrat\u00e9gia de produto ou servi\u00e7o bem-sucedida.<br \/>\nAvaliar os diferentes elementos que contribuem para a UX, entendendo como esses elementos trabalham juntos para gerar uma experi\u00eancia positiva no usu\u00e1rio.<br \/>\nIdentificar dores e oportunidades ao longo da jornada do usu\u00e1rio, aplicando insights para criar uma experi\u00eancia mais intuitiva, envolvente e satisfat\u00f3ria para os usu\u00e1rios, promovendo assim a fideliza\u00e7\u00e3o e a reten\u00e7\u00e3o.<br \/>\nAplicar adequadamente diversas ferramentas e m\u00e9todos de UX conforme as necessidades espec\u00edficas de um projeto.<\/p>\n<p>Compreender como o Neuromarketing pode melhorar a experi\u00eancia do usu\u00e1rio.<br \/>\nAplicar estrategicamente os princ\u00edpios do Neuromarketing na concep\u00e7\u00e3o e otimiza\u00e7\u00e3o de interfaces e experi\u00eancias do usu\u00e1rio (UX).<br \/>\nRealizar testes A\/B robustos que estejam alinhados com os princ\u00edpios do Neuromarketing, bem como utilizar os insights derivados desses testes para otimizar as estrat\u00e9gias de design.<br \/>\nAvaliar casos pr\u00e1ticos da aplica\u00e7\u00e3o de Neuromarketing na melhoria da UX.<\/p>\n","protected":false},"excerpt":{"rendered":"<p>Este curso visa proporcionar aos alunos uma compreens\u00e3o profunda e aplicada dos princ\u00edpios e pr\u00e1ticas de Neuromarketing e Experi\u00eancia do Usu\u00e1rio (UX &#8211; User Experience), capacitando-os a aplicar estrat\u00e9gias eficazes para melhorar as intera\u00e7\u00f5es dos usu\u00e1rios e clientes com produtos, servi\u00e7os e interfaces digitais, com o objetivo de otimizar a<\/p>\n","protected":false},"featured_media":19824,"template":"","meta":{"_joinchat":[]},"product_brand":[],"product_cat":[140],"product_tag":[],"class_list":{"0":"post-19823","1":"product","2":"type-product","3":"status-publish","4":"has-post-thumbnail","6":"product_cat-marketing-cursosynnovus","8":"first","9":"instock","10":"featured","11":"downloadable","12":"virtual","13":"purchasable","14":"product-type-simple"},"_links":{"self":[{"href":"https:\/\/ynnovuscursoson.com.br\/pt_br\/wp-json\/wp\/v2\/product\/19823","targetHints":{"allow":["GET"]}}],"collection":[{"href":"https:\/\/ynnovuscursoson.com.br\/pt_br\/wp-json\/wp\/v2\/product"}],"about":[{"href":"https:\/\/ynnovuscursoson.com.br\/pt_br\/wp-json\/wp\/v2\/types\/product"}],"wp:featuredmedia":[{"embeddable":true,"href":"https:\/\/ynnovuscursoson.com.br\/pt_br\/wp-json\/wp\/v2\/media\/19824"}],"wp:attachment":[{"href":"https:\/\/ynnovuscursoson.com.br\/pt_br\/wp-json\/wp\/v2\/media?parent=19823"}],"wp:term":[{"taxonomy":"product_brand","embeddable":true,"href":"https:\/\/ynnovuscursoson.com.br\/pt_br\/wp-json\/wp\/v2\/product_brand?post=19823"},{"taxonomy":"product_cat","embeddable":true,"href":"https:\/\/ynnovuscursoson.com.br\/pt_br\/wp-json\/wp\/v2\/product_cat?post=19823"},{"taxonomy":"product_tag","embeddable":true,"href":"https:\/\/ynnovuscursoson.com.br\/pt_br\/wp-json\/wp\/v2\/product_tag?post=19823"}],"curies":[{"name":"wp","href":"https:\/\/api.w.org\/{rel}","templated":true}]}}