{"id":19819,"date":"2024-06-01T20:41:53","date_gmt":"2024-06-01T23:41:53","guid":{"rendered":"https:\/\/realizeon.ynnovuson.com.br\/?post_type=product&#038;p=19819"},"modified":"2025-09-16T07:02:27","modified_gmt":"2025-09-16T10:02:27","slug":"ambientacao-edecoracao-em-cad-3d","status":"publish","type":"product","link":"https:\/\/ynnovuscursoson.com.br\/pt_br\/produto\/ambientacao-edecoracao-em-cad-3d\/","title":{"rendered":"Ambienta\u00e7\u00e3o e Decora\u00e7\u00e3o em CAD 3D"},"content":{"rendered":"<p>O curso de Ambienta\u00e7\u00e3o e Decora\u00e7\u00e3o em CAD 3D \u00e9 voltado para profissionais e estudantes da \u00e1rea de arquitetura, design de interiores e decora\u00e7\u00e3o que desejam aprimorar suas habilidades no uso de softwares de modelagem tridimensional.<\/p>\n<p>Identificar as principais alternativas em termos de software CAD para ambienta\u00e7\u00e3o tridimensional no mercado, al\u00e9m de entender o princ\u00edpio de funcionamento desses programas.<br \/>\nAplicar as t\u00e9cnicas de desenho bidimensional em ferramenta CAD.<br \/>\nDesenvolver a terceira dimens\u00e3o em desenhos bidimensionais utilizando os recursos 3D da ferramenta CAD.<br \/>\nEmpregar os recursos de renderiza\u00e7\u00e3o para gerar uma maquete eletr\u00f4nica, discernindo sobre sua import\u00e2ncia no mercado arquitet\u00f4nico.<\/p>\n<p>Aplicar t\u00e9cnicas de ambienta\u00e7\u00e3o em ambientes residenciais, discernindo sobre a import\u00e2ncia da decora\u00e7\u00e3o para cada setor da unidade imobili\u00e1ria.<br \/>\nEmpregar t\u00e9cnicas de ambienta\u00e7\u00e3o em unidades imobili\u00e1rias comerciais, considerando a din\u00e2mica do fluxo de atendimento e opera\u00e7\u00e3o do neg\u00f3cio.<br \/>\nAvaliar a disposi\u00e7\u00e3o de moveis e o layout de um projeto de ambienta\u00e7\u00e3o, entendendo a disposi\u00e7\u00e3o desses elementos em um ambiente como forma de compor e organizar a circula\u00e7\u00e3o de pessoas.<br \/>\nCompreender os princ\u00edpios conceituais do FENG SHUI e sua aplica\u00e7\u00e3o pr\u00e1tica em ambientes residenciais e comerciais.<\/p>\n<p>Identificar os principais tipos e estilos de revestimento, analisando suas principais fun\u00e7\u00f5es, como a de proteger e decorar o ambiente.<br \/>\nDefinir os tipos de ilumina\u00e7\u00e3o artificial que cada ambiente pode conter, diferenciando a utiliza\u00e7\u00e3o de cada tipo.<br \/>\nAplicar o gesso em projetos de ambienta\u00e7\u00e3o, considerando seus estilos e suas limita\u00e7\u00f5es quanto \u00e0 integridade f\u00edsica.<br \/>\nIdentificar os tipos de layout, bem como a import\u00e2ncia da sua inser\u00e7\u00e3o no espa\u00e7o.<\/p>\n<p>Entender a hist\u00f3ria da marcenaria bem como sua aplica\u00e7\u00e3o.<br \/>\nAplicar os m\u00e9todos e t\u00e9cnicas da introdu\u00e7\u00e3o de cores e texturas em um projeto arquitet\u00f4nico.<br \/>\nCompreender, analisar e verificar a aplica\u00e7\u00e3o dos itens de decora\u00e7\u00e3o no projeto 3D, para que resulte em um projeto arquitet\u00f4nico harmonioso.<br \/>\nIdentificar os tempos e movimentos da moda e suas tend\u00eancias no que se refere \u00e0 ambienta\u00e7\u00e3o e decora\u00e7\u00e3o.<\/p>\n","protected":false},"excerpt":{"rendered":"<p>O curso de Ambienta\u00e7\u00e3o e Decora\u00e7\u00e3o em CAD 3D \u00e9 voltado para profissionais e estudantes da \u00e1rea de arquitetura, design de interiores e decora\u00e7\u00e3o que desejam aprimorar suas habilidades no uso de softwares de modelagem tridimensional. Identificar as principais alternativas em termos de software CAD para ambienta\u00e7\u00e3o tridimensional no mercado,<\/p>\n","protected":false},"featured_media":19821,"template":"","meta":{"_joinchat":[]},"product_brand":[],"product_cat":[135],"product_tag":[],"class_list":{"0":"post-19819","1":"product","2":"type-product","3":"status-publish","4":"has-post-thumbnail","6":"product_cat-design-cursosynnovus","8":"first","9":"instock","10":"downloadable","11":"virtual","12":"purchasable","13":"product-type-simple"},"_links":{"self":[{"href":"https:\/\/ynnovuscursoson.com.br\/pt_br\/wp-json\/wp\/v2\/product\/19819","targetHints":{"allow":["GET"]}}],"collection":[{"href":"https:\/\/ynnovuscursoson.com.br\/pt_br\/wp-json\/wp\/v2\/product"}],"about":[{"href":"https:\/\/ynnovuscursoson.com.br\/pt_br\/wp-json\/wp\/v2\/types\/product"}],"wp:featuredmedia":[{"embeddable":true,"href":"https:\/\/ynnovuscursoson.com.br\/pt_br\/wp-json\/wp\/v2\/media\/19821"}],"wp:attachment":[{"href":"https:\/\/ynnovuscursoson.com.br\/pt_br\/wp-json\/wp\/v2\/media?parent=19819"}],"wp:term":[{"taxonomy":"product_brand","embeddable":true,"href":"https:\/\/ynnovuscursoson.com.br\/pt_br\/wp-json\/wp\/v2\/product_brand?post=19819"},{"taxonomy":"product_cat","embeddable":true,"href":"https:\/\/ynnovuscursoson.com.br\/pt_br\/wp-json\/wp\/v2\/product_cat?post=19819"},{"taxonomy":"product_tag","embeddable":true,"href":"https:\/\/ynnovuscursoson.com.br\/pt_br\/wp-json\/wp\/v2\/product_tag?post=19819"}],"curies":[{"name":"wp","href":"https:\/\/api.w.org\/{rel}","templated":true}]}}