{"id":19814,"date":"2024-05-31T22:34:30","date_gmt":"2024-06-01T01:34:30","guid":{"rendered":"https:\/\/realizeon.ynnovuson.com.br\/?post_type=product&#038;p=19814"},"modified":"2025-10-13T12:14:21","modified_gmt":"2025-10-13T15:14:21","slug":"analise-e-pesquisa-de-mercado","status":"publish","type":"product","link":"https:\/\/ynnovuscursoson.com.br\/pt_br\/produto\/analise-e-pesquisa-de-mercado\/","title":{"rendered":"An\u00e1lise e pesquisa de mercado"},"content":{"rendered":"<p>O curso de An\u00e1lise e Pesquisa de Mercado pode ser uma excelente op\u00e7\u00e3o para profissionais de marketing, gestores, empreendedores, consultores e estudantes que desejam aprofundar seus conhecimentos nessa \u00e1rea e se tornarem especialistas em an\u00e1lise e pesquisa de mercado.<\/p>\n<p>Interpretar a estrutura de mercado e os procedimentos de pesquisa.<br \/>\nIdentificar as metodologias para obten\u00e7\u00e3o e prepara\u00e7\u00e3o dos dados.<br \/>\nReconhecer os tipos de pesquisa utilizados nas pesquisas de mercado.<br \/>\nAnalisar os procedimentos de planejamento e defini\u00e7\u00e3o da amostra.<\/p>\n<p>Interpretar como o comportamento do consumidor interfere no desenvolvimento das organiza\u00e7\u00f5es.<br \/>\nInterpretar como se configura as demandas do consumidor e como interferem na oferta.<br \/>\nIdentificar as vari\u00e1veis para analisar e projetar as demandas.<br \/>\nDistinguir como o ambiente interfere no comportamento do consumidor.<\/p>\n<p>Interpretar como funciona o mercado consumidor e organizacional.<br \/>\nAvaliar o funcionamento de compra organizacional e o como configura-se o processo de compra.<br \/>\nIdentificar os n\u00edveis de segmenta\u00e7\u00e3o de mercado.<br \/>\nComparar o posicionamento da oferta e entender cada est\u00e1gio do ciclo de vida do produto.<\/p>\n<p>Interpretar como funciona o marketing no mundo atual.<br \/>\nAvaliar como se configura os componentes dos sistemas de marketing.<br \/>\nConhecer o mix de marketing e como estes elementos colaboram com o planejamento empresarial e na defini\u00e7\u00e3o de estrat\u00e9gias de mercado.<br \/>\nComparar os m\u00e9todos que as empresas adotam para realizar seus diagn\u00f3sticos quanto a suas participa\u00e7\u00f5es de mercado e de \u201cMarket Share\u201d.<\/p>\n","protected":false},"excerpt":{"rendered":"<p>O curso de An\u00e1lise e Pesquisa de Mercado pode ser uma excelente op\u00e7\u00e3o para profissionais de marketing, gestores, empreendedores, consultores e estudantes que desejam aprofundar seus conhecimentos nessa \u00e1rea e se tornarem especialistas em an\u00e1lise e pesquisa de mercado. Interpretar a estrutura de mercado e os procedimentos de pesquisa. Identificar<\/p>\n","protected":false},"featured_media":19817,"template":"","meta":{"_joinchat":[]},"product_brand":[],"product_cat":[136],"product_tag":[],"class_list":{"0":"post-19814","1":"product","2":"type-product","3":"status-publish","4":"has-post-thumbnail","6":"product_cat-comercio","8":"first","9":"instock","10":"featured","11":"downloadable","12":"virtual","13":"purchasable","14":"product-type-simple"},"_links":{"self":[{"href":"https:\/\/ynnovuscursoson.com.br\/pt_br\/wp-json\/wp\/v2\/product\/19814","targetHints":{"allow":["GET"]}}],"collection":[{"href":"https:\/\/ynnovuscursoson.com.br\/pt_br\/wp-json\/wp\/v2\/product"}],"about":[{"href":"https:\/\/ynnovuscursoson.com.br\/pt_br\/wp-json\/wp\/v2\/types\/product"}],"wp:featuredmedia":[{"embeddable":true,"href":"https:\/\/ynnovuscursoson.com.br\/pt_br\/wp-json\/wp\/v2\/media\/19817"}],"wp:attachment":[{"href":"https:\/\/ynnovuscursoson.com.br\/pt_br\/wp-json\/wp\/v2\/media?parent=19814"}],"wp:term":[{"taxonomy":"product_brand","embeddable":true,"href":"https:\/\/ynnovuscursoson.com.br\/pt_br\/wp-json\/wp\/v2\/product_brand?post=19814"},{"taxonomy":"product_cat","embeddable":true,"href":"https:\/\/ynnovuscursoson.com.br\/pt_br\/wp-json\/wp\/v2\/product_cat?post=19814"},{"taxonomy":"product_tag","embeddable":true,"href":"https:\/\/ynnovuscursoson.com.br\/pt_br\/wp-json\/wp\/v2\/product_tag?post=19814"}],"curies":[{"name":"wp","href":"https:\/\/api.w.org\/{rel}","templated":true}]}}