{"id":19810,"date":"2024-05-30T20:20:59","date_gmt":"2024-05-30T23:20:59","guid":{"rendered":"https:\/\/realizeon.ynnovuson.com.br\/?post_type=product&#038;p=19810"},"modified":"2025-10-13T12:14:39","modified_gmt":"2025-10-13T15:14:39","slug":"administracao-de-imobiliarias-e-condominios","status":"publish","type":"product","link":"https:\/\/ynnovuscursoson.com.br\/pt_br\/produto\/administracao-de-imobiliarias-e-condominios\/","title":{"rendered":"Administra\u00e7\u00e3o de imobili\u00e1rias e condom\u00ednios"},"content":{"rendered":"<p>Este curso \u00e9 ideal para pessoas que tenham interesse em atuar no setor imobili\u00e1rio, que gostem de lidar com pessoas e que desejam adquirir conhecimentos espec\u00edficos sobre a gest\u00e3o de im\u00f3veis e condom\u00ednios. \u00c9 importante ressaltar que, al\u00e9m do curso, \u00e9 fundamental manter-se atualizado sobre as tend\u00eancias e novidades desse mercado em constante evolu\u00e7\u00e3o.<br \/>\nDefinir os conceitos b\u00e1sicos de administra\u00e7\u00e3o de imobili\u00e1rias e condom\u00ednios<br \/>\nCompreender o papel do administrador imobili\u00e1rio.<br \/>\nInterpretar a legisla\u00e7\u00e3o aplicada a administra\u00e7\u00e3o imobili\u00e1ria.<br \/>\nIdentificar as normas e princ\u00edpios \u00e9ticos aplic\u00e1veis \u00e0 administra\u00e7\u00e3o imobili\u00e1ria.<\/p>\n<p>Conhecer a estrutura e funcionamento de um condom\u00ednio.<br \/>\nGerenciar equipes de trabalho, selecionar e contratar funcion\u00e1rios e terceirizados, realizar treinamentos e desenvolver pol\u00edticas de incentivo e reten\u00e7\u00e3o de talentos.<br \/>\nAplicar as ferramentas para o controle cont\u00e1bil e financeiro do condom\u00ednio, gerenciar, realizar or\u00e7amentos, conhecer os principais indicadores financeiros para a tomada de decis\u00f5es estrat\u00e9gicas na gest\u00e3o condominial.<br \/>\nIdentificar, gerir e solucionar conflitos em condom\u00ednios.<\/p>\n<p>Identificar os tipos, cl\u00e1usulas e obriga\u00e7\u00f5es nos contratos de loca\u00e7\u00e3o.<br \/>\nAvaliar e precificar im\u00f3veis para loca\u00e7\u00e3o, aplicando t\u00e9cnicas de an\u00e1lise de mercado e dados comparativos.<br \/>\nRealizar vistorias e manuten\u00e7\u00f5es em im\u00f3veis locados, bem como, normas e obriga\u00e7\u00f5es contratuais.<br \/>\nAplicar os procedimentos legais para situa\u00e7\u00f5es de rescis\u00e3o de contrato de loca\u00e7\u00e3o e a\u00e7\u00e3o de despejo.<\/p>\n<p>Identificar os tipos de contratos de compra e venda de im\u00f3veis.<br \/>\nInterpretar os aspectos legais da compra e venda de im\u00f3veis.<br \/>\nEntender como funciona o financiamento imobili\u00e1rio e a negocia\u00e7\u00e3o de prazos e juros.<br \/>\nRealizar an\u00e1lise de documenta\u00e7\u00e3o e registros imobili\u00e1rios em conformidade com a legisla\u00e7\u00e3o.<\/p>\n","protected":false},"excerpt":{"rendered":"<p>Este curso \u00e9 ideal para pessoas que tenham interesse em atuar no setor imobili\u00e1rio, que gostem de lidar com pessoas e que desejam adquirir conhecimentos espec\u00edficos sobre a gest\u00e3o de im\u00f3veis e condom\u00ednios. \u00c9 importante ressaltar que, al\u00e9m do curso, \u00e9 fundamental manter-se atualizado sobre as tend\u00eancias e novidades desse<\/p>\n","protected":false},"featured_media":19812,"template":"","meta":{"_joinchat":[]},"product_brand":[],"product_cat":[128],"product_tag":[],"class_list":{"0":"post-19810","1":"product","2":"type-product","3":"status-publish","4":"has-post-thumbnail","6":"product_cat-gestao-cursosynnovus","8":"first","9":"instock","10":"featured","11":"downloadable","12":"virtual","13":"purchasable","14":"product-type-simple"},"_links":{"self":[{"href":"https:\/\/ynnovuscursoson.com.br\/pt_br\/wp-json\/wp\/v2\/product\/19810","targetHints":{"allow":["GET"]}}],"collection":[{"href":"https:\/\/ynnovuscursoson.com.br\/pt_br\/wp-json\/wp\/v2\/product"}],"about":[{"href":"https:\/\/ynnovuscursoson.com.br\/pt_br\/wp-json\/wp\/v2\/types\/product"}],"wp:featuredmedia":[{"embeddable":true,"href":"https:\/\/ynnovuscursoson.com.br\/pt_br\/wp-json\/wp\/v2\/media\/19812"}],"wp:attachment":[{"href":"https:\/\/ynnovuscursoson.com.br\/pt_br\/wp-json\/wp\/v2\/media?parent=19810"}],"wp:term":[{"taxonomy":"product_brand","embeddable":true,"href":"https:\/\/ynnovuscursoson.com.br\/pt_br\/wp-json\/wp\/v2\/product_brand?post=19810"},{"taxonomy":"product_cat","embeddable":true,"href":"https:\/\/ynnovuscursoson.com.br\/pt_br\/wp-json\/wp\/v2\/product_cat?post=19810"},{"taxonomy":"product_tag","embeddable":true,"href":"https:\/\/ynnovuscursoson.com.br\/pt_br\/wp-json\/wp\/v2\/product_tag?post=19810"}],"curies":[{"name":"wp","href":"https:\/\/api.w.org\/{rel}","templated":true}]}}