{"id":19806,"date":"2024-05-30T19:23:18","date_gmt":"2024-05-30T22:23:18","guid":{"rendered":"https:\/\/realizeon.ynnovuson.com.br\/?post_type=product&#038;p=19806"},"modified":"2025-10-13T12:14:18","modified_gmt":"2025-10-13T15:14:18","slug":"marketing-e-propaganda-digital","status":"publish","type":"product","link":"https:\/\/ynnovuscursoson.com.br\/pt_br\/produto\/marketing-e-propaganda-digital\/","title":{"rendered":"Marketing e propaganda digital"},"content":{"rendered":"<p>O Objetivo desse curso \u00e9 propiciar ao aluno conhecimentos sobre as estrat\u00e9gias de marketing e propaganda digital para a sua aplicabilidade no mercado de trabalho.<\/p>\n<p>Identificar os 4 P\u2019s do Marketing Tradicional, compreendendo de que forma o bom gerenciamento desses 4 aspectos podem contribuir para a maximiza\u00e7\u00e3o dos resultados das vendas e manuten\u00e7\u00e3o de clientes.<br \/>\nDiscernir sobre os outros 4 P\u2019s inerentes ao marketing digital, e sua import\u00e2ncia para a defini\u00e7\u00e3o da persona, dos processos de experi\u00eancia do cliente, na performance e no posicionamento da marca.<br \/>\nAplicar as t\u00e9cnicas para o mapeamento das personas e processos de distribui\u00e7\u00e3o e entrega do produto ou servi\u00e7o ao cliente, visando \u00e0 excel\u00eancia em sua experi\u00eancia com a marca.<br \/>\nCompreender como \u00e9 poss\u00edvel posicionar a marca de uma pessoa ou empresa nas m\u00eddias sociais e nos mecanismos de busca, de modo a ganhar autoridade digital por meio da performance das publica\u00e7\u00f5es de conte\u00fados nas m\u00eddias digitais.<\/p>\n<p>Planejar e engendrar estrat\u00e9gias de marketing digital e gerenciar intera\u00e7\u00f5es para atingir, organicamente, os usu\u00e1rios das principais redes sociais do mercado: Facebook e Instagram.<br \/>\nPlanejar e engendrar estrat\u00e9gias de marketing digital e gerenciar intera\u00e7\u00f5es para atingir, organicamente, os usu\u00e1rios de redes sociais profissionais, em particular: o LinkedIn.<br \/>\nCriar uma web-TV no Youtube e identificar oportunidades para explorar seus influenciadores, de modo a gerar um posicionamento org\u00e2nico da marca nos v\u00eddeos veiculados nos canais deste media center.<br \/>\nAplicar t\u00e9cnicas de posicionamento org\u00e2nico por meio de podcasts e novas alternativas de m\u00eddias sociais emergentes.<\/p>\n<p>Planejar, configurar e gerenciar campanhas de compra de cliques no Google por meio do mecanismo AdWords.<br \/>\nPlanejar, configurar e gerenciar campanhas de compra de cliques nas principais redes sociais dispon\u00edveis no mercado, com destaque para o Facebook, o Instagram e o LinkedIn.<br \/>\nImplementar e gerenciar campanhas de AdWords no Youtube, entendendo suas peculiaridades e formatos diferenciados de display.<br \/>\nCompreender as t\u00e9cnicas e melhores pr\u00e1ticas de otimiza\u00e7\u00e3o de sites, p\u00e1ginas, perfis e canais para proporcionar a atra\u00e7\u00e3o org\u00e2nica de cliques.<\/p>\n<p>Identificar as mais eficientes e modernas ferramentas de InBound Marketing para impulsionar as vendas por meio das m\u00eddias digitais, implementando o conceito do funil de convers\u00e3o.<br \/>\nEstruturar campanhas de E-mail Marketing, compreendendo suas limita\u00e7\u00f5es, caracter\u00edsticas e ferramentas apropriadas para evitar a negativa\u00e7\u00e3o ou bloqueio do servidor de e-mails.<br \/>\nAplicar as t\u00e9cnicas e as melhores pr\u00e1ticas de an\u00e1lise de convers\u00f5es, implementando a\u00e7\u00f5es de melhoria cont\u00ednua com base nos indicadores de desempenho das campanhas de convers\u00e3o.<br \/>\nAvaliar as novas t\u00e9cnicas e ferramentas de Intelig\u00eancia Artificial para promover a maximiza\u00e7\u00e3o das convers\u00f5es, como chat bot e outros.<\/p>\n","protected":false},"excerpt":{"rendered":"<p>O Objetivo desse curso \u00e9 propiciar ao aluno conhecimentos sobre as estrat\u00e9gias de marketing e propaganda digital para a sua aplicabilidade no mercado de trabalho. Identificar os 4 P\u2019s do Marketing Tradicional, compreendendo de que forma o bom gerenciamento desses 4 aspectos podem contribuir para a maximiza\u00e7\u00e3o dos resultados das<\/p>\n","protected":false},"featured_media":19808,"template":"","meta":{"_joinchat":[]},"product_brand":[],"product_cat":[140],"product_tag":[],"class_list":{"0":"post-19806","1":"product","2":"type-product","3":"status-publish","4":"has-post-thumbnail","6":"product_cat-marketing-cursosynnovus","8":"first","9":"instock","10":"featured","11":"downloadable","12":"virtual","13":"purchasable","14":"product-type-simple"},"_links":{"self":[{"href":"https:\/\/ynnovuscursoson.com.br\/pt_br\/wp-json\/wp\/v2\/product\/19806","targetHints":{"allow":["GET"]}}],"collection":[{"href":"https:\/\/ynnovuscursoson.com.br\/pt_br\/wp-json\/wp\/v2\/product"}],"about":[{"href":"https:\/\/ynnovuscursoson.com.br\/pt_br\/wp-json\/wp\/v2\/types\/product"}],"wp:featuredmedia":[{"embeddable":true,"href":"https:\/\/ynnovuscursoson.com.br\/pt_br\/wp-json\/wp\/v2\/media\/19808"}],"wp:attachment":[{"href":"https:\/\/ynnovuscursoson.com.br\/pt_br\/wp-json\/wp\/v2\/media?parent=19806"}],"wp:term":[{"taxonomy":"product_brand","embeddable":true,"href":"https:\/\/ynnovuscursoson.com.br\/pt_br\/wp-json\/wp\/v2\/product_brand?post=19806"},{"taxonomy":"product_cat","embeddable":true,"href":"https:\/\/ynnovuscursoson.com.br\/pt_br\/wp-json\/wp\/v2\/product_cat?post=19806"},{"taxonomy":"product_tag","embeddable":true,"href":"https:\/\/ynnovuscursoson.com.br\/pt_br\/wp-json\/wp\/v2\/product_tag?post=19806"}],"curies":[{"name":"wp","href":"https:\/\/api.w.org\/{rel}","templated":true}]}}