{"id":19803,"date":"2024-05-29T16:20:07","date_gmt":"2024-05-29T19:20:07","guid":{"rendered":"https:\/\/realizeon.ynnovuson.com.br\/?post_type=product&#038;p=19803"},"modified":"2025-09-16T07:05:19","modified_gmt":"2025-09-16T10:05:19","slug":"inteligencia-de-mercado-e-oportunidades-de-negocios","status":"publish","type":"product","link":"https:\/\/ynnovuscursoson.com.br\/pt_br\/produto\/inteligencia-de-mercado-e-oportunidades-de-negocios\/","title":{"rendered":"Intelig\u00eancia de mercado e oportunidades de neg\u00f3cios"},"content":{"rendered":"<p>O objetivo deste conte\u00fado \u00e9 capacitar os alunos a compreenderem e aplicarem os conceitos e t\u00e9cnicas da intelig\u00eancia de mercado para identificar oportunidades de neg\u00f3cios.<\/p>\n<p>Definir o conceito de intelig\u00eancia de mercado, entendendo sua import\u00e2ncia para as organiza\u00e7\u00f5es.<br \/>\nCompreender os principais elementos da intelig\u00eancia de mercado, como coleta, an\u00e1lise e interpreta\u00e7\u00e3o de dados.<br \/>\nIdentificar as fontes de informa\u00e7\u00f5es utilizadas na intelig\u00eancia de mercado.<br \/>\nAplicar t\u00e9cnicas de coleta e organiza\u00e7\u00e3o de dados para fins de intelig\u00eancia de mercado<\/p>\n<p>Identificar os componentes do ambiente de neg\u00f3cios que impactam a identifica\u00e7\u00e3o das oportunidades.<br \/>\nAnalisar e mapear as tend\u00eancias do mercado e as mudan\u00e7as no ambiente que podem gerar oportunidades.<br \/>\nAplicar ferramentas de an\u00e1lise, como a an\u00e1lise SWOT (Strengths, Weaknesses, Opportunities, Threats), na avalia\u00e7\u00e3o do ambiente de neg\u00f3cios.<br \/>\nInterpretar os resultados da an\u00e1lise do ambiente de neg\u00f3cios e identificar poss\u00edveis oportunidades.<\/p>\n<p>Definir e entender o conceito de segmenta\u00e7\u00e3o de mercado e sua import\u00e2ncia para identificar oportunidades de neg\u00f3cios.<br \/>\nIdentificar e aplicar os crit\u00e9rios de segmenta\u00e7\u00e3o de mercado, como demogr\u00e1ficos, geogr\u00e1ficos, psicogr\u00e1ficos e comportamentais.<br \/>\nUtilizar t\u00e9cnicas de pesquisa de mercado para coletar dados sobre o p\u00fablico-alvo de um segmento de mercado.<br \/>\nAvaliar o potencial de cada segmento de mercado e identificar segmentos com maiores oportunidades de neg\u00f3cios.<\/p>\n<p>Analisar a concorr\u00eancia para identificar os concorrentes diretos e indiretos de um determinado mercado.<br \/>\nDefinir o conceito de nicho de mercado e sua import\u00e2ncia para encontrar oportunidades de neg\u00f3cios espec\u00edficas.<br \/>\nIdentificar nichos de mercado pouco explorados ou com demandas n\u00e3o atendidas.<br \/>\nIdentificar e aplicar estrat\u00e9gias para atingir e aproveitar oportunidades em nichos de mercado identificados.<\/p>\n","protected":false},"excerpt":{"rendered":"<p>O objetivo deste conte\u00fado \u00e9 capacitar os alunos a compreenderem e aplicarem os conceitos e t\u00e9cnicas da intelig\u00eancia de mercado para identificar oportunidades de neg\u00f3cios. Definir o conceito de intelig\u00eancia de mercado, entendendo sua import\u00e2ncia para as organiza\u00e7\u00f5es. Compreender os principais elementos da intelig\u00eancia de mercado, como coleta, an\u00e1lise e<\/p>\n","protected":false},"featured_media":19805,"template":"","meta":{"_joinchat":[]},"product_brand":[],"product_cat":[136],"product_tag":[],"class_list":{"0":"post-19803","1":"product","2":"type-product","3":"status-publish","4":"has-post-thumbnail","6":"product_cat-comercio","8":"first","9":"instock","10":"downloadable","11":"virtual","12":"purchasable","13":"product-type-simple"},"_links":{"self":[{"href":"https:\/\/ynnovuscursoson.com.br\/pt_br\/wp-json\/wp\/v2\/product\/19803","targetHints":{"allow":["GET"]}}],"collection":[{"href":"https:\/\/ynnovuscursoson.com.br\/pt_br\/wp-json\/wp\/v2\/product"}],"about":[{"href":"https:\/\/ynnovuscursoson.com.br\/pt_br\/wp-json\/wp\/v2\/types\/product"}],"wp:featuredmedia":[{"embeddable":true,"href":"https:\/\/ynnovuscursoson.com.br\/pt_br\/wp-json\/wp\/v2\/media\/19805"}],"wp:attachment":[{"href":"https:\/\/ynnovuscursoson.com.br\/pt_br\/wp-json\/wp\/v2\/media?parent=19803"}],"wp:term":[{"taxonomy":"product_brand","embeddable":true,"href":"https:\/\/ynnovuscursoson.com.br\/pt_br\/wp-json\/wp\/v2\/product_brand?post=19803"},{"taxonomy":"product_cat","embeddable":true,"href":"https:\/\/ynnovuscursoson.com.br\/pt_br\/wp-json\/wp\/v2\/product_cat?post=19803"},{"taxonomy":"product_tag","embeddable":true,"href":"https:\/\/ynnovuscursoson.com.br\/pt_br\/wp-json\/wp\/v2\/product_tag?post=19803"}],"curies":[{"name":"wp","href":"https:\/\/api.w.org\/{rel}","templated":true}]}}