{"id":19799,"date":"2024-05-29T15:39:19","date_gmt":"2024-05-29T18:39:19","guid":{"rendered":"https:\/\/realizeon.ynnovuson.com.br\/?post_type=product&#038;p=19799"},"modified":"2025-09-16T07:03:01","modified_gmt":"2025-09-16T10:03:01","slug":"designer-educacional","status":"publish","type":"product","link":"https:\/\/ynnovuscursoson.com.br\/pt_br\/produto\/designer-educacional\/","title":{"rendered":"Designer Educacional"},"content":{"rendered":"<p>O objetivo desta disciplina \u00e9 propiciar a gera\u00e7\u00e3o de conhecimentos e habilidades acerca do design educacional, capacitando o aluno a compreender o processo de cria\u00e7\u00e3o, desenvolvimento e implanta\u00e7\u00e3o de conte\u00fados did\u00e1ticos pedag\u00f3gicos, aplicando tecnologias digitais e m\u00e9todos ativos pertinentes.<\/p>\n<p>Discernir sobre a diferen\u00e7a entre design educacional ou instrucional, abstraindo o conceito e entendendo os fundamentos desta \u00e1rea de conhecimento no campo da educa\u00e7\u00e3o.<br \/>\nAplicar o modelo ADDIE no projeto de design educacional voltado \u00e0 aprendizagem.<br \/>\nEngendrar matrizes instrucionais para aplica\u00e7\u00e3o em projetos de design educacional.<br \/>\nEntender o papel do designer educacional no mercado editorial e nas institui\u00e7\u00f5es de ensino que produzem projetos pedag\u00f3gicos, quer para educa\u00e7\u00e3o a dist\u00e2ncia, quer para outras modalidades de ensino.<\/p>\n<p>Aplicar as t\u00e9cnicas e m\u00e9todos para elabora\u00e7\u00e3o de roteiros e storyboards para fins de cria\u00e7\u00e3o de trilhas de aprendizagem digitais interativas, identificando e aplicando ferramentas de autoria apropriadas para cada caso.<br \/>\nIdentificar ferramentas e aplicar processos e t\u00e9cnicas de constru\u00e7\u00e3o de trilhas de aprendizagem baseadas em objetos multim\u00eddia.<br \/>\nModelar trilhas de aprendizagem em ambientes virtuais de aprendizagem (AVA), entendendo as tecnologias dispon\u00edveis para este fim, como protocolos LTI, QTI, Scorm, etc.<br \/>\nProjetar trilhas e atividades interativas para fins avaliativos, modelando os feedbacks de acordo com as melhores pr\u00e1ticas de usabilidade para interfaces gr\u00e1ficas e multim\u00eddia.<\/p>\n<p>Roteirizar conte\u00fados did\u00e1ticos visando sua adequa\u00e7\u00e3o para v\u00eddeos e podcasts, respeitando as melhores pr\u00e1ticas de produ\u00e7\u00e3o audiovisual.<br \/>\nElaborar mapas conceituais, mapas mentais e outros tipos de objetos de aprendizagem baseados na metodologia do design thinking instrucional.<br \/>\nTranspor conte\u00fados did\u00e1ticos para roteiros de design imersivo, como games e simuladores de realidade virtual, aplicativos de realidade aumentada e laborat\u00f3rios em realidade mista.<br \/>\nDesenvolver projetos de objetos de aprendizagem baseados no storytelling, identificando ferramentas de autoria apropriadas para este fim.<\/p>\n<p>Instalar e utilizar ferramentas de autoria para produ\u00e7\u00e3o de v\u00eddeos e podcasts educacionais.<br \/>\nAplicar ferramentas de autoria de trilhas interativas de aprendizagem, como Genially, Articulate Rise, entre outras.<br \/>\nDesenvolver trilhas de aprendizagem por meio de ferramentas de autoria de storytelling, como Powtoon, Animaker, etc.<br \/>\nProduzir games e atividades gamificadas utilizando ferramentas de autoria como o H5P.<\/p>\n","protected":false},"excerpt":{"rendered":"<p>O objetivo desta disciplina \u00e9 propiciar a gera\u00e7\u00e3o de conhecimentos e habilidades acerca do design educacional, capacitando o aluno a compreender o processo de cria\u00e7\u00e3o, desenvolvimento e implanta\u00e7\u00e3o de conte\u00fados did\u00e1ticos pedag\u00f3gicos, aplicando tecnologias digitais e m\u00e9todos ativos pertinentes. Discernir sobre a diferen\u00e7a entre design educacional ou instrucional, abstraindo o<\/p>\n","protected":false},"featured_media":19801,"template":"","meta":{"_joinchat":[]},"product_brand":[],"product_cat":[121],"product_tag":[],"class_list":{"0":"post-19799","1":"product","2":"type-product","3":"status-publish","4":"has-post-thumbnail","6":"product_cat-educacao-cursosynnovus","8":"first","9":"instock","10":"downloadable","11":"virtual","12":"purchasable","13":"product-type-simple"},"_links":{"self":[{"href":"https:\/\/ynnovuscursoson.com.br\/pt_br\/wp-json\/wp\/v2\/product\/19799","targetHints":{"allow":["GET"]}}],"collection":[{"href":"https:\/\/ynnovuscursoson.com.br\/pt_br\/wp-json\/wp\/v2\/product"}],"about":[{"href":"https:\/\/ynnovuscursoson.com.br\/pt_br\/wp-json\/wp\/v2\/types\/product"}],"wp:featuredmedia":[{"embeddable":true,"href":"https:\/\/ynnovuscursoson.com.br\/pt_br\/wp-json\/wp\/v2\/media\/19801"}],"wp:attachment":[{"href":"https:\/\/ynnovuscursoson.com.br\/pt_br\/wp-json\/wp\/v2\/media?parent=19799"}],"wp:term":[{"taxonomy":"product_brand","embeddable":true,"href":"https:\/\/ynnovuscursoson.com.br\/pt_br\/wp-json\/wp\/v2\/product_brand?post=19799"},{"taxonomy":"product_cat","embeddable":true,"href":"https:\/\/ynnovuscursoson.com.br\/pt_br\/wp-json\/wp\/v2\/product_cat?post=19799"},{"taxonomy":"product_tag","embeddable":true,"href":"https:\/\/ynnovuscursoson.com.br\/pt_br\/wp-json\/wp\/v2\/product_tag?post=19799"}],"curies":[{"name":"wp","href":"https:\/\/api.w.org\/{rel}","templated":true}]}}