{"id":19792,"date":"2024-05-24T11:17:00","date_gmt":"2024-05-24T14:17:00","guid":{"rendered":"https:\/\/realizeon.ynnovuson.com.br\/?post_type=product&#038;p=19792"},"modified":"2025-09-16T07:03:07","modified_gmt":"2025-09-16T10:03:07","slug":"cultura-digital-para-o-mundo-do-trabalho","status":"publish","type":"product","link":"https:\/\/ynnovuscursoson.com.br\/pt_br\/produto\/cultura-digital-para-o-mundo-do-trabalho\/","title":{"rendered":"Cultura digital para o mundo do trabalho"},"content":{"rendered":"<p>Este componente curricular tem por objetivo introduzir o profissional \u00e0 cultura digital para o mundo do trabalho, fornecendo-lhe conhecimentos b\u00e1sicos sobre as principais ferramentas de produtividade para o trabalho colaborativo em corpora\u00e7\u00f5es que utilizam ambientes baseados nas tecnologias da Microsoft.<\/p>\n<p>Entender a evolu\u00e7\u00e3o digital da sociedade e a acelera\u00e7\u00e3o do teletrabalho em fun\u00e7\u00e3o da pandemia da COVID-19, discernindo sobre a import\u00e2ncia de se adquirir uma nova cultura para o trabalho h\u00edbrido e em home-office.<br \/>\nAplicar as t\u00e9cnicas e procedimentos do teletrabalho, compreendendo e superando suas dificuldades, al\u00e9m de aplicar os processos de organiza\u00e7\u00e3o e disciplina para o trabalho em home-office.<br \/>\nIdentificar as principais plataformas de trabalho colaborativo, identificando suas principais funcionalidades, utilizando o MS-Teams como refer\u00eancia para essas funcionalidades.<br \/>\nDiscernir sobre os aspectos \u00e9ticos e legais do teletrabalho, avaliando os riscos tanto para o trabalhador quanto para a empresa contratante nas modalidades h\u00edbrida e de home-office.<\/p>\n<p>Entender o universo dos processadores de texto e operar os recursos mais rudimentares do MS-Word, de modo a gerar documentos comuns no dia a dia do trabalho, como propostas e of\u00edcios.<br \/>\nCompreender o princ\u00edpio de funcionamento das planilhas eletr\u00f4nicas, bem como sua serventia no dia a dia do mundo do trabalho, operando os recursos mais b\u00e1sicos do MS-Excel, de modo a criar pequenas listas com valores, subtotais e totaliza\u00e7\u00e3o final; al\u00e9m de or\u00e7amentos com c\u00e1lculos em cascata.<br \/>\nUtilizar tabelas din\u00e2micas e gr\u00e1ficos para extrair informa\u00e7\u00f5es relevantes do MS-Excel, visando \u00e0 sua aplica\u00e7\u00e3o no gerenciamento de informa\u00e7\u00f5es gerenciais.<br \/>\nIdentificar as funcionalidades dos geradores de apresenta\u00e7\u00f5es de slides, manipulando os recursos b\u00e1sicos do MS-PowerPoint de modo a gerar apresenta\u00e7\u00f5es de apoio para reuni\u00f5es.<\/p>\n<p>Compartilhar arquivos e pastas na nuvem com o MS-OneDrive, entendendo o processo de sincroniza\u00e7\u00e3o de dados.<br \/>\nUtilizar os recursos b\u00e1sicos de comunica\u00e7\u00e3o e organiza\u00e7\u00e3o do trabalho oferecidos pelo MS-Outlook, operando seus m\u00f3dulos de gerenciamento de e-mails, agenda de compromissos e reuni\u00f5es, contatos e tarefas.<br \/>\nGerenciar o trabalho em equipe por meio do MS-Teams, criando equipes de trabalho, manipulando, compartilhando e sincronizando pastas e arquivos, al\u00e9m de utilizar a fun\u00e7\u00e3o de convite de reuni\u00f5es por videoconfer\u00eancia.<br \/>\nRealizar reuni\u00f5es por videoconfer\u00eancia, acessando arquivos de v\u00eddeo gerados a partir da grava\u00e7\u00e3o dessas reuni\u00f5es no MS-Teams; baixar e compartilhar os v\u00eddeos gravados por meio do MS-Stream, visando \u00e0 documenta\u00e7\u00e3o de uma reuni\u00e3o e\/ou a gera\u00e7\u00e3o de tutoriais a partir dessas grava\u00e7\u00f5es.<\/p>\n<p>Utilizar o MS-Planner para gerenciar as atividades de um projeto, aplicando as t\u00e9cnicas de manipula\u00e7\u00e3o e distribui\u00e7\u00e3o de cards.<br \/>\nCriar e organizar as tarefas do dia a dia com o MS-ToDo, integrando-o com os e-mails sinalizados no MS-Outlook e vice-versa.<br \/>\nGerenciar as comunica\u00e7\u00f5es sociais e atualiza\u00e7\u00f5es de informa\u00e7\u00f5es n\u00e3o-oficiais com a rede social corporativa MS-Yammer.<br \/>\nCriar e gerenciar fluxos de trabalho com o MS-PowerAutomate, desenhando workflows (fluxo de processos) e aplicando intelig\u00eancia artificial para identificar e automatizar tarefas repetitivas no dia a dia do trabalho.<\/p>\n","protected":false},"excerpt":{"rendered":"<p>Este componente curricular tem por objetivo introduzir o profissional \u00e0 cultura digital para o mundo do trabalho, fornecendo-lhe conhecimentos b\u00e1sicos sobre as principais ferramentas de produtividade para o trabalho colaborativo em corpora\u00e7\u00f5es que utilizam ambientes baseados nas tecnologias da Microsoft. Entender a evolu\u00e7\u00e3o digital da sociedade e a acelera\u00e7\u00e3o do<\/p>\n","protected":false},"featured_media":19794,"template":"","meta":{"_joinchat":[]},"product_brand":[],"product_cat":[128],"product_tag":[],"class_list":{"0":"post-19792","1":"product","2":"type-product","3":"status-publish","4":"has-post-thumbnail","6":"product_cat-gestao-cursosynnovus","8":"first","9":"instock","10":"downloadable","11":"virtual","12":"purchasable","13":"product-type-simple"},"_links":{"self":[{"href":"https:\/\/ynnovuscursoson.com.br\/pt_br\/wp-json\/wp\/v2\/product\/19792","targetHints":{"allow":["GET"]}}],"collection":[{"href":"https:\/\/ynnovuscursoson.com.br\/pt_br\/wp-json\/wp\/v2\/product"}],"about":[{"href":"https:\/\/ynnovuscursoson.com.br\/pt_br\/wp-json\/wp\/v2\/types\/product"}],"wp:featuredmedia":[{"embeddable":true,"href":"https:\/\/ynnovuscursoson.com.br\/pt_br\/wp-json\/wp\/v2\/media\/19794"}],"wp:attachment":[{"href":"https:\/\/ynnovuscursoson.com.br\/pt_br\/wp-json\/wp\/v2\/media?parent=19792"}],"wp:term":[{"taxonomy":"product_brand","embeddable":true,"href":"https:\/\/ynnovuscursoson.com.br\/pt_br\/wp-json\/wp\/v2\/product_brand?post=19792"},{"taxonomy":"product_cat","embeddable":true,"href":"https:\/\/ynnovuscursoson.com.br\/pt_br\/wp-json\/wp\/v2\/product_cat?post=19792"},{"taxonomy":"product_tag","embeddable":true,"href":"https:\/\/ynnovuscursoson.com.br\/pt_br\/wp-json\/wp\/v2\/product_tag?post=19792"}],"curies":[{"name":"wp","href":"https:\/\/api.w.org\/{rel}","templated":true}]}}