{"id":19789,"date":"2024-05-24T11:04:11","date_gmt":"2024-05-24T14:04:11","guid":{"rendered":"https:\/\/realizeon.ynnovuson.com.br\/?post_type=product&#038;p=19789"},"modified":"2025-09-16T07:03:16","modified_gmt":"2025-09-16T10:03:16","slug":"analise-das-demostracoes-finaceiras-e-bancarias-2","status":"publish","type":"product","link":"https:\/\/ynnovuscursoson.com.br\/pt_br\/produto\/analise-das-demostracoes-finaceiras-e-bancarias-2\/","title":{"rendered":"Ambiente para desenvolvimento web"},"content":{"rendered":"<p>No mundo do e-commerce a internet surge como um dos mercados mais promissores de trabalho. Das microempresas \u00e0s multinacionais, todas est\u00e3o buscando pessoas competentes que sabem lidar com o desenvolvimento web. Este conte\u00fado visa preparar o profissional de inform\u00e1tica para imergir no mundo do desenvolvimento de sites e sistemas para Internet, iniciando pelo entendimento do ambiente de desenvolvimento, seus protocolos, arquiteturas e interfaces de programa\u00e7\u00e3o.<\/p>\n<p>Compreender a evolu\u00e7\u00e3o da internet e, na sequ\u00eancia, ter uma vis\u00e3o t\u00e9cnica dos servi\u00e7os utilizados na Internet, tendo por base a arquitetura cliente-servidor.<br \/>\nContextualizar os elementos b\u00e1sicos que comp\u00f5em a estrutura de uma arquitetura web.<br \/>\nIdentificar as caracter\u00edsticas principais do protocolo HTTP, entendendo como utiliz\u00e1-lo para acessar e manipular servidores online.<br \/>\nUtilizar ferramentas de FTP, SFTP e FTPS, ferramentas essas que auxiliam na manipula\u00e7\u00e3o de diret\u00f3rios e arquivos online.<br \/>\nDefinir os principais conceitos relacionados a Web Standards, bem como suas principais funcionalidades, al\u00e9m de seus pontos positivos e negativos quanto \u00e0 otimiza\u00e7\u00e3o do processo de cria\u00e7\u00e3o de conte\u00fados para p\u00e1ginas HTML.<br \/>\nIdentificar as diferen\u00e7as entre linguagens de programa\u00e7\u00e3o e linguagens script, criando as estruturas b\u00e1sicas de um projeto HTML e suas principais tags.<br \/>\nDefinir os conceitos b\u00e1sicos relativos a editores HTML, bem como aos principais exemplares dispon\u00edveis no mercado, utilizando-os de maneira b\u00e1sica para o desenvolvimento de p\u00e1ginas HTML.<br \/>\nAplicar os conceitos b\u00e1sicos relativos ao CSS, bem como as suas principais funcionalidades.<br \/>\nIdentificar os fundamentos do HTML 5 para a constru\u00e7\u00e3o de websites e sistemas online.<br \/>\nEntender os fundamentos do Java Script e suas diversas deriva\u00e7\u00f5es, aspectos e bibliotecas para uso em websites.<br \/>\nAplicar os fundamentos da Bootstrap e frameworks de CSS, entendendo alguns aspectos das bibliotecas.<br \/>\nCompreender o funcionamento de um IDE, observando suas caracter\u00edsticas e aspectos positivos quanto \u00e0 utiliza\u00e7\u00e3o por programadores.<br \/>\nInterpretar os conceitos b\u00e1sicos sobre a linguagem de programa\u00e7\u00e3o para Internet PHP (Hypertext Preprocessor), e suas diversas aplica\u00e7\u00f5es, aspectos e bibliotecas.<br \/>\nCompreender o funcionamento das m\u00e1quinas virtuais, suas principais funcionalidades e utilidades para programadores e usu\u00e1rios.<br \/>\nReconhecer os principais fundamentos da linguagem Java, entendendo as regras de sintaxe e o paradigma de programa\u00e7\u00e3o orientada a objetos (OOP).<br \/>\nDiscernir sobre a potencialidade e caracter\u00edsticas da linguagem de programa\u00e7\u00e3o C#.<\/p>\n","protected":false},"excerpt":{"rendered":"<p>No mundo do e-commerce a internet surge como um dos mercados mais promissores de trabalho. Das microempresas \u00e0s multinacionais, todas est\u00e3o buscando pessoas competentes que sabem lidar com o desenvolvimento web. Este conte\u00fado visa preparar o profissional de inform\u00e1tica para imergir no mundo do desenvolvimento de sites e sistemas para<\/p>\n","protected":false},"featured_media":19791,"template":"","meta":{"_joinchat":[]},"product_brand":[],"product_cat":[126],"product_tag":[],"class_list":{"0":"post-19789","1":"product","2":"type-product","3":"status-publish","4":"has-post-thumbnail","6":"product_cat-informatica","8":"first","9":"instock","10":"downloadable","11":"virtual","12":"purchasable","13":"product-type-simple"},"_links":{"self":[{"href":"https:\/\/ynnovuscursoson.com.br\/pt_br\/wp-json\/wp\/v2\/product\/19789","targetHints":{"allow":["GET"]}}],"collection":[{"href":"https:\/\/ynnovuscursoson.com.br\/pt_br\/wp-json\/wp\/v2\/product"}],"about":[{"href":"https:\/\/ynnovuscursoson.com.br\/pt_br\/wp-json\/wp\/v2\/types\/product"}],"wp:featuredmedia":[{"embeddable":true,"href":"https:\/\/ynnovuscursoson.com.br\/pt_br\/wp-json\/wp\/v2\/media\/19791"}],"wp:attachment":[{"href":"https:\/\/ynnovuscursoson.com.br\/pt_br\/wp-json\/wp\/v2\/media?parent=19789"}],"wp:term":[{"taxonomy":"product_brand","embeddable":true,"href":"https:\/\/ynnovuscursoson.com.br\/pt_br\/wp-json\/wp\/v2\/product_brand?post=19789"},{"taxonomy":"product_cat","embeddable":true,"href":"https:\/\/ynnovuscursoson.com.br\/pt_br\/wp-json\/wp\/v2\/product_cat?post=19789"},{"taxonomy":"product_tag","embeddable":true,"href":"https:\/\/ynnovuscursoson.com.br\/pt_br\/wp-json\/wp\/v2\/product_tag?post=19789"}],"curies":[{"name":"wp","href":"https:\/\/api.w.org\/{rel}","templated":true}]}}