{"id":19774,"date":"2024-05-23T21:32:40","date_gmt":"2024-05-24T00:32:40","guid":{"rendered":"https:\/\/realizeon.ynnovuson.com.br\/?post_type=product&#038;p=19774"},"modified":"2025-09-16T07:03:23","modified_gmt":"2025-09-16T10:03:23","slug":"analise-das-demostracoes-finaceiras-e-bancarias","status":"publish","type":"product","link":"https:\/\/ynnovuscursoson.com.br\/pt_br\/produto\/analise-das-demostracoes-finaceiras-e-bancarias\/","title":{"rendered":"An\u00e1lise das demonstra\u00e7\u00f5es financeiras e banc\u00e1rias"},"content":{"rendered":"<p>O Mercado financeiro est\u00e1 sofrendo grandes mudan\u00e7as pela volatilidade do mercado de a\u00e7\u00f5es, nos quais cada dia mais pessoas, e pequenos investidores, v\u00eam participando em busca de ganhos, contudo sem a expertise necess\u00e1ria. Ao t\u00e9rmino dos estudos deste conte\u00fado o estudante ou profissional das \u00e1reas financeira e cont\u00e1bil ter\u00e3o a compet\u00eancia para fazer an\u00e1lise da sa\u00fade financeira das empresas e compreender como funciona o sistema banc\u00e1rio para possibilitar as melhores op\u00e7\u00f5es de investimento.<\/p>\n<p>O QUE S\u00c3O DEMONSTRA\u00c7\u00d5ES FINANCEIRAS E BANC\u00c1RIAS.<br \/>\nOBJETIVOS DA AN\u00c1LISE DAS DEMONSTRA\u00c7\u00d5ES FINANCEIRAS.<br \/>\nPATRIM\u00d4NIO EMPRESARIAL.<br \/>\n\u00cdNDICE DE ENDIVIDAMENTO EMPRESARIAL.<br \/>\nCR\u00c9DITO NO BRASIL.<br \/>\nOPERA\u00c7\u00d5ES DE CR\u00c9DITO.<br \/>\nOPERA\u00c7\u00d5ES COM T\u00cdTULOS E APLICA\u00c7\u00d5ES.<br \/>\nOPERA\u00c7\u00d5ES COM DERIVATIVOS.<br \/>\nINTRODU\u00c7\u00c3O DAS DEMONSTRA\u00c7\u00d5ES FINANCEIRAS.<br \/>\nAPLICA\u00c7\u00c3O DOS \u00cdNDICES FINANCEIROS.<br \/>\nPLANEJAMENTO FINANCEIRO.<br \/>\nPREVIS\u00c3O DAS DEMONSTRA\u00c7\u00d5ES FINANCEIRAS.<br \/>\nCAPITAL DE GIRO E GEST\u00c3O DO ATIVO CIRCULANTE.<br \/>\nGEST\u00c3O DO PASSIVO CIRCULANTE.<br \/>\nCUSTO DO CAPITAL.<br \/>\nESTRUTURA DO CAPITAL E POL\u00cdTICA DE DIVIDENDOS.<\/p>\n","protected":false},"excerpt":{"rendered":"<p>O Mercado financeiro est\u00e1 sofrendo grandes mudan\u00e7as pela volatilidade do mercado de a\u00e7\u00f5es, nos quais cada dia mais pessoas, e pequenos investidores, v\u00eam participando em busca de ganhos, contudo sem a expertise necess\u00e1ria. Ao t\u00e9rmino dos estudos deste conte\u00fado o estudante ou profissional das \u00e1reas financeira e cont\u00e1bil ter\u00e3o a<\/p>\n","protected":false},"featured_media":19776,"template":"","meta":{"_joinchat":[]},"product_brand":[],"product_cat":[128],"product_tag":[],"class_list":{"0":"post-19774","1":"product","2":"type-product","3":"status-publish","4":"has-post-thumbnail","6":"product_cat-gestao-cursosynnovus","8":"first","9":"instock","10":"downloadable","11":"virtual","12":"purchasable","13":"product-type-simple"},"_links":{"self":[{"href":"https:\/\/ynnovuscursoson.com.br\/pt_br\/wp-json\/wp\/v2\/product\/19774","targetHints":{"allow":["GET"]}}],"collection":[{"href":"https:\/\/ynnovuscursoson.com.br\/pt_br\/wp-json\/wp\/v2\/product"}],"about":[{"href":"https:\/\/ynnovuscursoson.com.br\/pt_br\/wp-json\/wp\/v2\/types\/product"}],"wp:featuredmedia":[{"embeddable":true,"href":"https:\/\/ynnovuscursoson.com.br\/pt_br\/wp-json\/wp\/v2\/media\/19776"}],"wp:attachment":[{"href":"https:\/\/ynnovuscursoson.com.br\/pt_br\/wp-json\/wp\/v2\/media?parent=19774"}],"wp:term":[{"taxonomy":"product_brand","embeddable":true,"href":"https:\/\/ynnovuscursoson.com.br\/pt_br\/wp-json\/wp\/v2\/product_brand?post=19774"},{"taxonomy":"product_cat","embeddable":true,"href":"https:\/\/ynnovuscursoson.com.br\/pt_br\/wp-json\/wp\/v2\/product_cat?post=19774"},{"taxonomy":"product_tag","embeddable":true,"href":"https:\/\/ynnovuscursoson.com.br\/pt_br\/wp-json\/wp\/v2\/product_tag?post=19774"}],"curies":[{"name":"wp","href":"https:\/\/api.w.org\/{rel}","templated":true}]}}