{"id":19770,"date":"2024-05-23T21:21:56","date_gmt":"2024-05-24T00:21:56","guid":{"rendered":"https:\/\/realizeon.ynnovuson.com.br\/?post_type=product&#038;p=19770"},"modified":"2025-09-16T07:03:30","modified_gmt":"2025-09-16T10:03:30","slug":"administracao-financera-e-contabil","status":"publish","type":"product","link":"https:\/\/ynnovuscursoson.com.br\/pt_br\/produto\/administracao-financera-e-contabil\/","title":{"rendered":"Administra\u00e7\u00e3o financeira e cont\u00e1bil"},"content":{"rendered":"<p>Este conte\u00fado versa sobre as compet\u00eancias mais elementares para um profissional que deseja trabalhar na \u00e1rea financeira, permeando tamb\u00e9m alguns conceitos cont\u00e1beis como forma de integrar essas duas \u00e1reas que s\u00e3o indissoci\u00e1veis em uma organiza\u00e7\u00e3o. Ao t\u00e9rmino de seus estudos, voc\u00ea ser\u00e1 capaz de compreender como se processam as rotinas do dia a dia financeiro e cont\u00e1bil, com uma vis\u00e3o mais geral e ampla.<\/p>\n<p>Explicar os aspectos gerais das finan\u00e7as empresariais, seus conceitos e suas defini\u00e7\u00f5es basilares.<br \/>\nExplicar os aspectos gerais e aplicabilidade da gest\u00e3o financeira.<br \/>\nExplicar o que \u00e9 e para que serve a contabilidade empresarial.<br \/>\nExplicar o que \u00e9 e para que serve a gest\u00e3o or\u00e7ament\u00e1ria.<br \/>\nAplicar os fundamentos matem\u00e1ticos no que concerne \u00e0 raz\u00e3o, propor\u00e7\u00e3o e grandezas em situa\u00e7\u00f5es da vida pr\u00e1tica.<br \/>\nAplicar porcentagem a situa\u00e7\u00f5es do dia a dia das finan\u00e7as empresariais.<br \/>\nAplicar os conceitos de capitaliza\u00e7\u00e3o e descapitaliza\u00e7\u00e3o ao dia a dia das finan\u00e7as empresariais.<br \/>\nIdentificar os v\u00e1rios tipos de taxas, bem como processar diversas opera\u00e7\u00f5es matem\u00e1ticas envolvendo essas taxas.<br \/>\nAplicar conceitos e f\u00f3rmulas matem\u00e1ticas para obter os indicadores dos sistemas de capitaliza\u00e7\u00e3o.<br \/>\nAplicar o conceito e as f\u00f3rmulas de c\u00e1lculo de descontos.<br \/>\nAplicar o conceito e as f\u00f3rmulas de s\u00e9rie de pagamentos.<br \/>\nReconhecer e aplicar os principais planos de financiamento dispon\u00edveis no mercado.<br \/>\nApontar o que s\u00e3o e como funcionam as institui\u00e7\u00f5es financeiras.<br \/>\nExplicar o conceito e a din\u00e2mica do mercado financeiro.<br \/>\nArticular conhecimentos sobre o mercado organizado de valores.<br \/>\nIdentificar e mensurar os fatores de riscos da an\u00e1lise de cr\u00e9dito.<\/p>\n","protected":false},"excerpt":{"rendered":"<p>Este conte\u00fado versa sobre as compet\u00eancias mais elementares para um profissional que deseja trabalhar na \u00e1rea financeira, permeando tamb\u00e9m alguns conceitos cont\u00e1beis como forma de integrar essas duas \u00e1reas que s\u00e3o indissoci\u00e1veis em uma organiza\u00e7\u00e3o. Ao t\u00e9rmino de seus estudos, voc\u00ea ser\u00e1 capaz de compreender como se processam as rotinas<\/p>\n","protected":false},"featured_media":19773,"template":"","meta":{"_joinchat":[]},"product_brand":[],"product_cat":[128],"product_tag":[],"class_list":{"0":"post-19770","1":"product","2":"type-product","3":"status-publish","4":"has-post-thumbnail","6":"product_cat-gestao-cursosynnovus","8":"first","9":"instock","10":"downloadable","11":"virtual","12":"purchasable","13":"product-type-simple"},"_links":{"self":[{"href":"https:\/\/ynnovuscursoson.com.br\/pt_br\/wp-json\/wp\/v2\/product\/19770","targetHints":{"allow":["GET"]}}],"collection":[{"href":"https:\/\/ynnovuscursoson.com.br\/pt_br\/wp-json\/wp\/v2\/product"}],"about":[{"href":"https:\/\/ynnovuscursoson.com.br\/pt_br\/wp-json\/wp\/v2\/types\/product"}],"wp:featuredmedia":[{"embeddable":true,"href":"https:\/\/ynnovuscursoson.com.br\/pt_br\/wp-json\/wp\/v2\/media\/19773"}],"wp:attachment":[{"href":"https:\/\/ynnovuscursoson.com.br\/pt_br\/wp-json\/wp\/v2\/media?parent=19770"}],"wp:term":[{"taxonomy":"product_brand","embeddable":true,"href":"https:\/\/ynnovuscursoson.com.br\/pt_br\/wp-json\/wp\/v2\/product_brand?post=19770"},{"taxonomy":"product_cat","embeddable":true,"href":"https:\/\/ynnovuscursoson.com.br\/pt_br\/wp-json\/wp\/v2\/product_cat?post=19770"},{"taxonomy":"product_tag","embeddable":true,"href":"https:\/\/ynnovuscursoson.com.br\/pt_br\/wp-json\/wp\/v2\/product_tag?post=19770"}],"curies":[{"name":"wp","href":"https:\/\/api.w.org\/{rel}","templated":true}]}}