{"id":19447,"date":"2024-01-12T13:03:14","date_gmt":"2024-01-12T16:03:14","guid":{"rendered":"https:\/\/realizeon.ynnovuson.com.br\/produto\/administrador-de-redes\/"},"modified":"2025-09-16T07:03:53","modified_gmt":"2025-09-16T10:03:53","slug":"administrador-de-redes","status":"publish","type":"product","link":"https:\/\/ynnovuscursoson.com.br\/pt_br\/produto\/administrador-de-redes\/","title":{"rendered":"Administrador de Redes"},"content":{"rendered":"<p>Este curso tem por finalidade munir o profissional de infraestrutura de TI dos conhecimentos e habilidades t\u00e9cnicas para o gerenciamento de redes e seguran\u00e7a de dados por meio de seus protocolos, equipamento e dispositivos ativos e passivos.<\/p>\n<p><b>COMPET\u00caNCIAS ESPEC\u00cdFICAS:<\/b>\u00a0<\/p>\n<p align=\"left\"><b>UNIDADE I \u2013 REDES DE DADOS E MEIOS DE TRANSMISS\u00c3O<\/b><\/p>\n<ul>\n<li>Apontar as defini\u00e7\u00f5es b\u00e1sicas sobre redes de computadores, suas funcionalidades, tipos, componentes e tamanhos.<\/li>\n<li>Projetar uma rede de computadores, aplicando a melhor topologia de acordo com as necessidades da organiza\u00e7\u00e3o.<\/li>\n<li>Discernir sobre as diferen\u00e7as, vantagens e desvantagens entre as diversas topologias de rede existentes.<\/li>\n<li>Identificar os diferentes tipos de cabos, montando o do tipo Thin Ethernet (Par Tran\u00e7ado), considerando seus diferentes tipos de conectoriza\u00e7\u00e3o.<\/li>\n<\/ul>\n<p><b style=\"font-size:1rem;\">UNIDADE II \u2013 CABEAMENTO DE REDES E WIRELESS<\/b><\/p>\n<ul>\n<li>Montar, conectar e testar cabos do tipo UTP.<\/li>\n<li>Explicar as t\u00e9cnicas de montagem e passagem de cabos de fibra \u00f3tica.<\/li>\n<li>Instalar e gerenciar redes sem fio (wireless \/ WiFi).<\/li>\n<li>Identificar os tipos de pontos de acesso, seus protocolos e tecnologias de transmiss\u00e3o e recep\u00e7\u00e3o de dados.<\/li>\n<\/ul>\n<p><b>UNIDADE III\u00a0&#8211;<\/b> <b>PROTOCOLOS DE REDES E O MODELO OSI<\/b><\/p>\n<ul>\n<li>Identificar os tipos de protocolos de rede, com foco no TCP\/IP.<\/li>\n<li>Reconhecer os protocolos de roteamento IPX\/SPX, NetBEUI, RIP, LAT&amp;MOP e FTP, e suas aplica\u00e7\u00f5es nas redes computacionais.<\/li>\n<li>Reconhecer os protocolos HTTP, POP3 e SMTP e DNS, e suas aplica\u00e7\u00f5es nas redes computacionais.<\/li>\n<li>Interpretar a arquitetura do modelo OSI e os processos de encapsulamento e desencapsulamento.<\/li>\n<\/ul>\n<p><b style=\"font-size:1rem;\">UNIDADE IV \u2013 SEGURAN\u00c7A E GERENCIAMENTO DE REDES<\/b><\/p>\n<ul>\n<li>Lidar com equipamentos ativos e passivos de rede, como placas, repetidores, hubs, switches, bridges, roteadores, gateways, transceivers, baluns e adaptadores.<\/li>\n<li>Aplicar t\u00e9cnicas de seguran\u00e7a de dados em redes de computadores, de modo a prevenir ataques, com foco na configura\u00e7\u00e3o do proxy, filtros e criptografia.<\/li>\n<li>Identificar os tipos de gerenciamento de redes, como centralizado, descentralizado, reativo e proativo, aplicando este conhecimento na defini\u00e7\u00e3o da arquitetura de gerenciamento de redes.<\/li>\n<li>Aplicar arquiteturas e t\u00e9cnicas de gerenciamento \u00e0 monitora\u00e7\u00e3o de redes de dados e de telecomunica\u00e7\u00f5es.<\/li>\n<\/ul>\n","protected":false},"excerpt":{"rendered":"<p>Este curso tem por finalidade munir o profissional de infraestrutura de TI dos conhecimentos e habilidades t\u00e9cnicas para o gerenciamento de redes e seguran\u00e7a de dados por meio de seus protocolos, equipamento e dispositivos ativos e passivos. COMPET\u00caNCIAS ESPEC\u00cdFICAS:\u00a0 UNIDADE I \u2013 REDES DE DADOS E MEIOS DE TRANSMISS\u00c3O Apontar<\/p>\n","protected":false},"featured_media":19785,"template":"","meta":{"_joinchat":[]},"product_brand":[],"product_cat":[126],"product_tag":[],"class_list":{"0":"post-19447","1":"product","2":"type-product","3":"status-publish","4":"has-post-thumbnail","6":"product_cat-informatica","8":"first","9":"instock","10":"downloadable","11":"virtual","12":"purchasable","13":"product-type-simple"},"_links":{"self":[{"href":"https:\/\/ynnovuscursoson.com.br\/pt_br\/wp-json\/wp\/v2\/product\/19447","targetHints":{"allow":["GET"]}}],"collection":[{"href":"https:\/\/ynnovuscursoson.com.br\/pt_br\/wp-json\/wp\/v2\/product"}],"about":[{"href":"https:\/\/ynnovuscursoson.com.br\/pt_br\/wp-json\/wp\/v2\/types\/product"}],"wp:featuredmedia":[{"embeddable":true,"href":"https:\/\/ynnovuscursoson.com.br\/pt_br\/wp-json\/wp\/v2\/media\/19785"}],"wp:attachment":[{"href":"https:\/\/ynnovuscursoson.com.br\/pt_br\/wp-json\/wp\/v2\/media?parent=19447"}],"wp:term":[{"taxonomy":"product_brand","embeddable":true,"href":"https:\/\/ynnovuscursoson.com.br\/pt_br\/wp-json\/wp\/v2\/product_brand?post=19447"},{"taxonomy":"product_cat","embeddable":true,"href":"https:\/\/ynnovuscursoson.com.br\/pt_br\/wp-json\/wp\/v2\/product_cat?post=19447"},{"taxonomy":"product_tag","embeddable":true,"href":"https:\/\/ynnovuscursoson.com.br\/pt_br\/wp-json\/wp\/v2\/product_tag?post=19447"}],"curies":[{"name":"wp","href":"https:\/\/api.w.org\/{rel}","templated":true}]}}