{"id":19446,"date":"2024-01-12T13:03:14","date_gmt":"2024-01-12T16:03:14","guid":{"rendered":"https:\/\/realizeon.ynnovuson.com.br\/produto\/programador-de-computadores\/"},"modified":"2024-01-20T19:17:24","modified_gmt":"2024-01-20T22:17:24","slug":"programador-mobile","status":"publish","type":"product","link":"https:\/\/ynnovuscursoson.com.br\/pt_br\/produto\/programador-mobile\/","title":{"rendered":"Programador Mobile"},"content":{"rendered":"<p>Este curso tem por finalidade capacitar o programador a desenvolver aplicativos para dispositivos m\u00f3veis, usando a linguagem de programa\u00e7\u00e3o JAVA e os componentes do sistema operacional Android.<\/p>\n<p><b>COMPET\u00caNCIAS ESPEC\u00cdFICAS:<\/b><\/p>\n<p><b>UNIDADE I\u00a0\u2013 AMBIENTE E FUNDAMENTOS DO DESENVOLVIMENTO MOBILE<\/b><\/p>\n<ul>\n<li>Reconhecer e manipular os recursos do sistema opera\u00e7\u00e3o Android, compreendendo sua arquitetura funcional, compatibilidades e limita\u00e7\u00f5es.<\/li>\n<li>Operar a interface de desenvolvimento de aplicativos do ambiente Java para dispositivos m\u00f3veis.<\/li>\n<li>Explicar a estrutura da linguagem de programa\u00e7\u00e3o Java para dispositivos m\u00f3veis e seu m\u00e9todo de organiza\u00e7\u00e3o do c\u00f3digo.<\/li>\n<li>Desenhar e organizar os elementos de um projeto de desenvolvimento de aplicativos para Android utilizando a linguagem Java Mobile.<\/li>\n<\/ul>\n<p><b>UNIDADE II\u00a0\u2013 PROGRAMA\u00c7\u00c3O JAVA<\/b><\/p>\n<ul>\n<li>Reconhecer a sintaxe das instru\u00e7\u00f5es b\u00e1sicas do Java para manipula\u00e7\u00e3o de vari\u00e1veis e outros recursos elementares da linguagem.<\/li>\n<li>Explicar as estruturas de controle e repeti\u00e7\u00e3o de fluxo de c\u00f3digo na linguagem Java.<\/li>\n<li>Aplicar os conceitos de programa\u00e7\u00e3o orientada a objetos na linguagem Java, com foco nas classes de objetos.<\/li>\n<li>Identificar e aplicar os conceitos de polimorfismo, classes abstratas e interfaces na linguagem Java.<\/li>\n<\/ul>\n<p><b>UNIDADE III\u00a0\u2013 FRONT END E CONEX\u00c3O COM O BACK END<\/b><\/p>\n<ul>\n<li>Explicar o ciclo de vida de um aplicativo desenvolvido para Android e a classe Activity.<\/li>\n<li>Aplicar os recursos da linguagem Java para proporcionar a navegabilidade de aplicativos para dispositivos m\u00f3veis baseados no Android.<\/li>\n<li>Transmitir par\u00e2metros entre as telas de um aplicativo desenvolvido na linguagem Java para dispositivos m\u00f3veis Android.<\/li>\n<li>Codificar e tratar eventos acionados pelo usu\u00e1rio e pela m\u00e1quina em aplicativos Android, por meio da linguagem Java Mobile.<\/li>\n<\/ul>\n<p><b>UNIDADE IV\u00a0\u2013 EVENTOS E RESULTADOS NA INTERFACE DO APP<\/b><\/p>\n<ul>\n<li>Formatar telas de aplicativos para dispositivos m\u00f3veis baseados no sistema operacional Android.<\/li>\n<li>Obter e tratar dados provenientes das mais diversas atividades em um aplicativo Android, por meio da linguagem Java Mobile.<\/li>\n<li>Invocar a\u00e7\u00f5es dos recursos residentes no sistema operacional Android.<\/li>\n<li>Projetar e desenhar telas para aplicativos m\u00f3veis, aplicando-lhes t\u00e9cnicas de usabilidade e recursos dispon\u00edveis no sistema Android, por meio da linguagem Java Mobile.<\/li>\n<\/ul>\n","protected":false},"excerpt":{"rendered":"<p>Este curso tem por finalidade capacitar o programador a desenvolver aplicativos para dispositivos m\u00f3veis, usando a linguagem de programa\u00e7\u00e3o JAVA e os componentes do sistema operacional Android. COMPET\u00caNCIAS ESPEC\u00cdFICAS: UNIDADE I\u00a0\u2013 AMBIENTE E FUNDAMENTOS DO DESENVOLVIMENTO MOBILE Reconhecer e manipular os recursos do sistema opera\u00e7\u00e3o Android, compreendendo sua arquitetura funcional,<\/p>\n","protected":false},"featured_media":19520,"template":"","meta":{"_joinchat":[]},"product_brand":[],"product_cat":[126],"product_tag":[],"class_list":{"0":"post-19446","1":"product","2":"type-product","3":"status-publish","4":"has-post-thumbnail","6":"product_cat-informatica","8":"first","9":"instock","10":"downloadable","11":"virtual","12":"purchasable","13":"product-type-simple"},"_links":{"self":[{"href":"https:\/\/ynnovuscursoson.com.br\/pt_br\/wp-json\/wp\/v2\/product\/19446","targetHints":{"allow":["GET"]}}],"collection":[{"href":"https:\/\/ynnovuscursoson.com.br\/pt_br\/wp-json\/wp\/v2\/product"}],"about":[{"href":"https:\/\/ynnovuscursoson.com.br\/pt_br\/wp-json\/wp\/v2\/types\/product"}],"wp:featuredmedia":[{"embeddable":true,"href":"https:\/\/ynnovuscursoson.com.br\/pt_br\/wp-json\/wp\/v2\/media\/19520"}],"wp:attachment":[{"href":"https:\/\/ynnovuscursoson.com.br\/pt_br\/wp-json\/wp\/v2\/media?parent=19446"}],"wp:term":[{"taxonomy":"product_brand","embeddable":true,"href":"https:\/\/ynnovuscursoson.com.br\/pt_br\/wp-json\/wp\/v2\/product_brand?post=19446"},{"taxonomy":"product_cat","embeddable":true,"href":"https:\/\/ynnovuscursoson.com.br\/pt_br\/wp-json\/wp\/v2\/product_cat?post=19446"},{"taxonomy":"product_tag","embeddable":true,"href":"https:\/\/ynnovuscursoson.com.br\/pt_br\/wp-json\/wp\/v2\/product_tag?post=19446"}],"curies":[{"name":"wp","href":"https:\/\/api.w.org\/{rel}","templated":true}]}}