{"id":19445,"date":"2024-01-12T13:03:14","date_gmt":"2024-01-12T16:03:14","guid":{"rendered":"https:\/\/realizeon.ynnovuson.com.br\/produto\/programador-web\/"},"modified":"2024-01-20T19:00:55","modified_gmt":"2024-01-20T22:00:55","slug":"programador-web","status":"publish","type":"product","link":"https:\/\/ynnovuscursoson.com.br\/pt_br\/produto\/programador-web\/","title":{"rendered":"Programador Web"},"content":{"rendered":"<p>O objetivo deste curso \u00e9 capacitar o programador a desenvolver sistemas aplicativos em PHP, acessando banco de dados MySQL.<\/p>\n<p><b>COMPET\u00caNCIAS ESPEC\u00cdFICAS:<\/b><\/p>\n<p align=\"left\"><b>UNIDADE I\u00a0\u2013 A ARQUITETURA NA WEB<\/b><\/p>\n<ul>\n<li>Contextualizar-se no tempo e no estado da arte das tecnologias relacionadas \u00e0 World\u00a0Wide\u00a0Web.<\/li>\n<li>Explicar os conceitos e o modus operandi da Web 2.0.<\/li>\n<li>Escrever, executar e entender\u00a0a estrutura b\u00e1sica de\u00a0p\u00e1ginas HTML5\u00a0com W3CSS.<\/li>\n<li>Aprimorar a estrutura e apresenta\u00e7\u00e3o de p\u00e1ginas HTML5 com W3CSS.<\/li>\n<\/ul>\n<p><b>UNIDADE II\u00a0\u2013 AMBIENTE E LINGUAGEM PHP<\/b><\/p>\n<ul>\n<li>Aprimorar a estrutura e apresenta\u00e7\u00e3o de p\u00e1ginas HTML5 com W3CSS.<\/li>\n<li>Codificar programas em PHP usando vari\u00e1veis, operadores e express\u00f5es, compreendendo os v\u00e1rios tipos de dados aceitos pela linguagem.<\/li>\n<li>Desenvolver estruturas de controle para manipula\u00e7\u00e3o de matrizes e demais estruturas de dados.<\/li>\n<li>Criar formul\u00e1rios em HTML5 conectados a programas PHP, aplicando estruturas de estilo de p\u00e1ginas com o W3.CSS.<\/li>\n<\/ul>\n<p><b style=\"font-size: 1rem;\">UNIDADE III\u00a0\u2013 ACESSANDO BANCO DE DADOS EM PHP<\/b><\/p>\n<ul>\n<li>Entender o que \u00e9 e para que serve um banco de dados. Conhecer quais s\u00e3o os principais tipos. Conhecer os principais conceitos e funcionalidades do banco de dados MYSQL.<\/li>\n<li>Manipular dados armazenados em bancos de dados MYSQL por meio da linguagem PHP e suas interfaces de controle.<\/li>\n<li>Reconhecer a sintaxe e a funcionalidade das principais fun\u00e7\u00f5es em PHP, com destaque para aquelas que permitem a manipula\u00e7\u00e3o de arquivos.<\/li>\n<li>Aperfei\u00e7oar programas em PHP por meio do uso de cookies e sess\u00f5es de transa\u00e7\u00e3o, bem como o tratamento de erros.<\/li>\n<\/ul>\n<p><b>UNIDADE IV\u00a0\u2013 ORIENTA\u00c7\u00c3O A OBJETOS EM PHP<\/b><\/p>\n<ul>\n<li>Reconhecer os conceitos fundamentais da orienta\u00e7\u00e3o a objetos, como classes, objetos, m\u00e9todos e atributos.<\/li>\n<li>Aplicar os conceitos de encapsulamento e visibilidade de c\u00f3digos em PHP.<\/li>\n<li>Aplicar os conceitos de heran\u00e7a e polimorfismo em c\u00f3digos PHP.<\/li>\n<li>Aplicar os conceitos de sobrecarga e classe abstrata no desenvolvimento de programas e sistemas em PHP.<\/li>\n<\/ul>\n","protected":false},"excerpt":{"rendered":"<p>O objetivo deste curso \u00e9 capacitar o programador a desenvolver sistemas aplicativos em PHP, acessando banco de dados MySQL. COMPET\u00caNCIAS ESPEC\u00cdFICAS: UNIDADE I\u00a0\u2013 A ARQUITETURA NA WEB Contextualizar-se no tempo e no estado da arte das tecnologias relacionadas \u00e0 World\u00a0Wide\u00a0Web. Explicar os conceitos e o modus operandi da Web 2.0.<\/p>\n","protected":false},"featured_media":19521,"template":"","meta":{"_joinchat":[]},"product_brand":[],"product_cat":[126],"product_tag":[],"class_list":{"0":"post-19445","1":"product","2":"type-product","3":"status-publish","4":"has-post-thumbnail","6":"product_cat-informatica","8":"first","9":"instock","10":"downloadable","11":"virtual","12":"purchasable","13":"product-type-simple"},"_links":{"self":[{"href":"https:\/\/ynnovuscursoson.com.br\/pt_br\/wp-json\/wp\/v2\/product\/19445","targetHints":{"allow":["GET"]}}],"collection":[{"href":"https:\/\/ynnovuscursoson.com.br\/pt_br\/wp-json\/wp\/v2\/product"}],"about":[{"href":"https:\/\/ynnovuscursoson.com.br\/pt_br\/wp-json\/wp\/v2\/types\/product"}],"wp:featuredmedia":[{"embeddable":true,"href":"https:\/\/ynnovuscursoson.com.br\/pt_br\/wp-json\/wp\/v2\/media\/19521"}],"wp:attachment":[{"href":"https:\/\/ynnovuscursoson.com.br\/pt_br\/wp-json\/wp\/v2\/media?parent=19445"}],"wp:term":[{"taxonomy":"product_brand","embeddable":true,"href":"https:\/\/ynnovuscursoson.com.br\/pt_br\/wp-json\/wp\/v2\/product_brand?post=19445"},{"taxonomy":"product_cat","embeddable":true,"href":"https:\/\/ynnovuscursoson.com.br\/pt_br\/wp-json\/wp\/v2\/product_cat?post=19445"},{"taxonomy":"product_tag","embeddable":true,"href":"https:\/\/ynnovuscursoson.com.br\/pt_br\/wp-json\/wp\/v2\/product_tag?post=19445"}],"curies":[{"name":"wp","href":"https:\/\/api.w.org\/{rel}","templated":true}]}}