{"id":19443,"date":"2024-01-12T13:03:14","date_gmt":"2024-01-12T16:03:14","guid":{"rendered":"https:\/\/realizeon.ynnovuson.com.br\/produto\/assistente-de-comenrcio-exterior\/"},"modified":"2025-09-16T07:03:37","modified_gmt":"2025-09-16T10:03:37","slug":"assistente-de-comercio-exterior","status":"publish","type":"product","link":"https:\/\/ynnovuscursoson.com.br\/pt_br\/produto\/assistente-de-comercio-exterior\/","title":{"rendered":"Assistente de Com\u00e9rcio Exterior"},"content":{"rendered":"<p>Este curso tem por objetivo preparar o estudante ou profissional do direito e de \u00e1reas afins a aplicar a doutrina e a jurisprud\u00eancia no campo das rela\u00e7\u00f5es internacionais e do com\u00e9rcio exterior.<\/p>\n<p><b>COMPET\u00caNCIAS ESPEC\u00cdFICAS:<\/b>\u00a0<\/p>\n<p align=\"left\">\u00a0<b>UNIDADE I\u00a0\u2013 FUNDAMENTOS DO DIREITO INTERNACIONAL<\/b><\/p>\n<ul>\n<li>Compreender o direito no contexto da globaliza\u00e7\u00e3o econ\u00f4mica, sua import\u00e2ncia e evolu\u00e7\u00e3o hist\u00f3rica.<\/li>\n<li>Acessar de forma eficiente as fontes do direito internacional costumeiro, seus princ\u00edpios gerais, tratados internacionais e normatiza\u00e7\u00e3o, aplicando os mecanismos de controv\u00e9rsia.<\/li>\n<li>Identificar os sujeitos e atores do direito internacional, nas figuras dos estados e organiza\u00e7\u00f5es internacionais.<\/li>\n<li>Aplicar o sistema Internacional de direitos humanos em prote\u00e7\u00e3o da pessoa humana.<\/li>\n<\/ul>\n<p><b>UNIDADE II\u00a0\u2013 DIREITO INTERNACIONAL P\u00daBLICO<\/b><\/p>\n<ul>\n<li>Articular defini\u00e7\u00f5es e conceitos sobre o direito internacional p\u00fablico, entendendo sua aplica\u00e7\u00e3o pr\u00e1tica.<\/li>\n<li>Identificar os sujeitos no contexto do direito internacional p\u00fablico, a saber: popula\u00e7\u00e3o, povo, na\u00e7\u00e3o, territ\u00f3rio, governo, soberania estatal, sucess\u00e3o de estados, e organiza\u00e7\u00f5es internacionais.<\/li>\n<li>Observar as rela\u00e7\u00f5es diplom\u00e1ticas e consulares existentes, bem como os sistemas regionais de integra\u00e7\u00e3o.<\/li>\n<li>Analisar a responsabilidade internacional dos estados, as solu\u00e7\u00f5es pac\u00edficas de controv\u00e9rsias e os mecanismos de press\u00e3o e uso da for\u00e7a, aplicando-os aos mais diversos cen\u00e1rios das rela\u00e7\u00f5es internacionais.<\/li>\n<\/ul>\n<p><b>UNIDADE III\u00a0\u2013 DIREITO CIVIL INTERNACIONAL<\/b><\/p>\n<ul>\n<li>Discernir acerca dos fundamentos do direito internacional privado, passando pelos seus conceitos, objetivos, fontes e aplica\u00e7\u00e3o \u00e0 nacionalidade.<\/li>\n<li>Aplicar o estatuto do estrangeiro e o ordenamento jur\u00eddico em volta dele em situa\u00e7\u00f5es de conflitos.<\/li>\n<li>Identificar as normas que regem o direito internacional privado, seus objetos e elementos de conex\u00e3o, e os limites aplic\u00e1veis \u00e0 legisla\u00e7\u00e3o do estrangeiro.<\/li>\n<li>Aplicar os fundamentos processuais civis internacionais no \u00e2mbito internacional e no Brasil, bem como suas compet\u00eancias, coopera\u00e7\u00e3o jur\u00eddica internacional e regime de provas.<\/li>\n<\/ul>\n<p><b>UNIDADE IV\u00a0\u2013 DIREITO NO COM\u00c9RCIO EXTERIOR<\/b><\/p>\n<ul>\n<li>Aplicar a teoria do com\u00e9rcio internacional, conhecendo as faces da globaliza\u00e7\u00e3o e o sistema multilateral do com\u00e9rcio exterior.<\/li>\n<li>Entender o papel, a hist\u00f3ria, os processos de integra\u00e7\u00e3o econ\u00f4mica e os limites jurisdicionais de ag\u00eancias internacionais como: UNCTAD, UNCITRAL, OMA, FMI, Banco Mundial, Banco Interamericano de Desenvolvimento e os processos de integra\u00e7\u00e3o econ\u00f4mica.<\/li>\n<li>Recorrer a institui\u00e7\u00f5es intervenientes do com\u00e9rcio do exterior brasileiro, como: CAMEX, SECEX e MDIC.<\/li>\n<li>Aplicar os fundamentos do direito aduaneiro \u00e0s atividades de com\u00e9rcio exterior, entendendo sua jurisdi\u00e7\u00e3o, classifica\u00e7\u00e3o aduaneira de mercadorias e o valor aduano.<\/li>\n<\/ul>\n","protected":false},"excerpt":{"rendered":"<p>Este curso tem por objetivo preparar o estudante ou profissional do direito e de \u00e1reas afins a aplicar a doutrina e a jurisprud\u00eancia no campo das rela\u00e7\u00f5es internacionais e do com\u00e9rcio exterior. COMPET\u00caNCIAS ESPEC\u00cdFICAS:\u00a0 \u00a0UNIDADE I\u00a0\u2013 FUNDAMENTOS DO DIREITO INTERNACIONAL Compreender o direito no contexto da globaliza\u00e7\u00e3o econ\u00f4mica, sua import\u00e2ncia<\/p>\n","protected":false},"featured_media":19784,"template":"","meta":{"_joinchat":[]},"product_brand":[],"product_cat":[136],"product_tag":[],"class_list":{"0":"post-19443","1":"product","2":"type-product","3":"status-publish","4":"has-post-thumbnail","6":"product_cat-comercio","8":"first","9":"instock","10":"downloadable","11":"virtual","12":"purchasable","13":"product-type-simple"},"_links":{"self":[{"href":"https:\/\/ynnovuscursoson.com.br\/pt_br\/wp-json\/wp\/v2\/product\/19443","targetHints":{"allow":["GET"]}}],"collection":[{"href":"https:\/\/ynnovuscursoson.com.br\/pt_br\/wp-json\/wp\/v2\/product"}],"about":[{"href":"https:\/\/ynnovuscursoson.com.br\/pt_br\/wp-json\/wp\/v2\/types\/product"}],"wp:featuredmedia":[{"embeddable":true,"href":"https:\/\/ynnovuscursoson.com.br\/pt_br\/wp-json\/wp\/v2\/media\/19784"}],"wp:attachment":[{"href":"https:\/\/ynnovuscursoson.com.br\/pt_br\/wp-json\/wp\/v2\/media?parent=19443"}],"wp:term":[{"taxonomy":"product_brand","embeddable":true,"href":"https:\/\/ynnovuscursoson.com.br\/pt_br\/wp-json\/wp\/v2\/product_brand?post=19443"},{"taxonomy":"product_cat","embeddable":true,"href":"https:\/\/ynnovuscursoson.com.br\/pt_br\/wp-json\/wp\/v2\/product_cat?post=19443"},{"taxonomy":"product_tag","embeddable":true,"href":"https:\/\/ynnovuscursoson.com.br\/pt_br\/wp-json\/wp\/v2\/product_tag?post=19443"}],"curies":[{"name":"wp","href":"https:\/\/api.w.org\/{rel}","templated":true}]}}