{"id":19442,"date":"2024-01-12T13:03:14","date_gmt":"2024-01-12T16:03:14","guid":{"rendered":"https:\/\/realizeon.ynnovuson.com.br\/produto\/auxiliar-contabil\/"},"modified":"2025-09-16T07:03:45","modified_gmt":"2025-09-16T10:03:45","slug":"auxiliar-contabil","status":"publish","type":"product","link":"https:\/\/ynnovuscursoson.com.br\/pt_br\/produto\/auxiliar-contabil\/","title":{"rendered":"Auxiliar Cont\u00e1bil"},"content":{"rendered":"<p>O curso de\u00a0Auxiliar Cont\u00e1bil ir\u00e1 lhe ensinar a \u00e1rea das ci\u00eancias cont\u00e1beis que faz a identifica\u00e7\u00e3o e mensura\u00e7\u00e3o de todos os custos gerados pelo neg\u00f3cio. O profissional ir\u00e1 aplicar conhecimento cont\u00e1bil na gest\u00e3o financeira e rotina gerencial. Conhecer t\u00e9cnicas de fechamento, elaborar relat\u00f3rios, analisar contas, balan\u00e7os patrimoniais, e solucionar poss\u00edveis problemas de fechamento cont\u00e1bil e financeiro.<\/p>\n<p><b>COMPET\u00caNCIAS ESPEC\u00cdFICAS:<\/b>\u00a0<\/p>\n<p align=\"left\">\u00a0<b>UNIDADE I\u00a0\u2013 TEORIAS CONT\u00c1BEIS E OS RELAT\u00d3RIOS B\u00c1SICOS<\/b><\/p>\n<ul>\n<li>Compreender a origem da Contabilidade e a utiliza\u00e7\u00e3o nos dias de hoje.<\/li>\n<li>Definir os conceitos que fazem parte da Contabilidade e a import\u00e2ncia deles na gest\u00e3o financeira e patrimonial.<\/li>\n<li>Aplicar os conceitos e t\u00e9cnicas \u00e0 rotina gerencial.<\/li>\n<li>Identificar e conhecer sobre \u00f3rg\u00e3os que interferem nas normas e t\u00e9cnicas cont\u00e1beis.<\/li>\n<\/ul>\n<p><b>UNIDADE II\u00a0\u2013 O PATRIM\u00d4NIO E AS CONTAS<\/b><\/p>\n<ul>\n<li>Discernir sobre o Patrim\u00f4nio e sua forma\u00e7\u00e3o.<\/li>\n<li>Identificar e realizar lan\u00e7amentos e registros de contas patrimoniais e de resultado.<\/li>\n<li>Realizar lan\u00e7amentos cont\u00e1beis de d\u00e9bito e cr\u00e9dito.<\/li>\n<li>Analisar saldos das contas a partir do balancete de verifica\u00e7\u00e3o.<\/li>\n<\/ul>\n<p><b>UNIDADE III\u00a0\u2013 REGISTROS CONT\u00c1BEIS<\/b><\/p>\n<ul>\n<li>Interpretar como ocorre a constitui\u00e7\u00e3o de uma empresa, o a forma\u00e7\u00e3o de capital e como funciona o os m\u00e9todos e t\u00e9cnicas de registro das contas cont\u00e1beis.<\/li>\n<li>Aplicar as t\u00e9cnicas de lan\u00e7amentos das contas a d\u00e9bito e cr\u00e9dito nas contas do Ativo, Passivo e Resultados.<\/li>\n<li>Identificar e solucionar problemas relacionados a registros incorretos e em desacordo com os princ\u00edpios basilares da contabilidade.<\/li>\n<li>Executar os procedimentos de registros e lan\u00e7amentos cont\u00e1beis.<\/li>\n<\/ul>\n<p><b>UNIDADE IV\u00a0\u2013 DEMONSTRA\u00c7\u00d5ES CONT\u00c1BEIS<\/b><\/p>\n<ul>\n<li>Interpretar como funciona os fechamentos dos saldos das contas e o encerramento do exerc\u00edcio zerando as contas de resultado.<\/li>\n<li>Aplicar as t\u00e9cnicas de encerramento do per\u00edodo para fechamento e elabora\u00e7\u00e3o dos relat\u00f3rios cont\u00e1beis e financeiros.<\/li>\n<li>Identificar e solucionar problemas relacionados ao encerramento das contas e elabora\u00e7\u00e3o dos relat\u00f3rios.<\/li>\n<li>Executar os procedimentos e t\u00e9cnicas de encerramento dos relat\u00f3rios cont\u00e1beis financeiros, lendo e entendendo as informa\u00e7\u00f5es neles apresentadas.<\/li>\n<\/ul>\n","protected":false},"excerpt":{"rendered":"<p>O curso de\u00a0Auxiliar Cont\u00e1bil ir\u00e1 lhe ensinar a \u00e1rea das ci\u00eancias cont\u00e1beis que faz a identifica\u00e7\u00e3o e mensura\u00e7\u00e3o de todos os custos gerados pelo neg\u00f3cio. O profissional ir\u00e1 aplicar conhecimento cont\u00e1bil na gest\u00e3o financeira e rotina gerencial. Conhecer t\u00e9cnicas de fechamento, elaborar relat\u00f3rios, analisar contas, balan\u00e7os patrimoniais, e solucionar poss\u00edveis<\/p>\n","protected":false},"featured_media":19454,"template":"","meta":{"_joinchat":[]},"product_brand":[],"product_cat":[128],"product_tag":[],"class_list":{"0":"post-19442","1":"product","2":"type-product","3":"status-publish","4":"has-post-thumbnail","6":"product_cat-gestao-cursosynnovus","8":"first","9":"instock","10":"downloadable","11":"virtual","12":"purchasable","13":"product-type-simple"},"_links":{"self":[{"href":"https:\/\/ynnovuscursoson.com.br\/pt_br\/wp-json\/wp\/v2\/product\/19442","targetHints":{"allow":["GET"]}}],"collection":[{"href":"https:\/\/ynnovuscursoson.com.br\/pt_br\/wp-json\/wp\/v2\/product"}],"about":[{"href":"https:\/\/ynnovuscursoson.com.br\/pt_br\/wp-json\/wp\/v2\/types\/product"}],"wp:featuredmedia":[{"embeddable":true,"href":"https:\/\/ynnovuscursoson.com.br\/pt_br\/wp-json\/wp\/v2\/media\/19454"}],"wp:attachment":[{"href":"https:\/\/ynnovuscursoson.com.br\/pt_br\/wp-json\/wp\/v2\/media?parent=19442"}],"wp:term":[{"taxonomy":"product_brand","embeddable":true,"href":"https:\/\/ynnovuscursoson.com.br\/pt_br\/wp-json\/wp\/v2\/product_brand?post=19442"},{"taxonomy":"product_cat","embeddable":true,"href":"https:\/\/ynnovuscursoson.com.br\/pt_br\/wp-json\/wp\/v2\/product_cat?post=19442"},{"taxonomy":"product_tag","embeddable":true,"href":"https:\/\/ynnovuscursoson.com.br\/pt_br\/wp-json\/wp\/v2\/product_tag?post=19442"}],"curies":[{"name":"wp","href":"https:\/\/api.w.org\/{rel}","templated":true}]}}