{"id":19439,"date":"2024-01-12T13:03:13","date_gmt":"2024-01-12T16:03:13","guid":{"rendered":"https:\/\/realizeon.ynnovuson.com.br\/produto\/assistente-de-secretaria-escolar\/"},"modified":"2025-05-21T13:27:19","modified_gmt":"2025-05-21T16:27:19","slug":"assistente-de-recursos-humanos","status":"publish","type":"product","link":"https:\/\/ynnovuscursoson.com.br\/pt_br\/produto\/assistente-de-recursos-humanos\/","title":{"rendered":"Assistente de Recursos Humanos"},"content":{"rendered":"<p>Este curso visa transmitir ao estudante ou profissional que deseja trabalhar ou se desenvolver na \u00e1rea de recursos humanos, compet\u00eancias para gerir o desenvolvimento de carreiras em sua organiza\u00e7\u00e3o. S\u00e3o abordados conceitos sobre cargos, sal\u00e1rios, benef\u00edcios, treinamento e desenvolvimento (T&amp;D) e muitos outros.<\/p>\n<p><b>COMPET\u00caNCIAS ESPEC\u00cdFICAS:<\/b><\/p>\n<p><b>UNIDADE I\u00a0\u2013 CARGOS E LIDERAN\u00c7A<\/b><\/p>\n<ul>\n<li>Interpretar como funciona a remunera\u00e7\u00e3o e o que incentiva a carreira de um profissional.<\/li>\n<li>Interpretar o que as empresas precisam desenvolver para composi\u00e7\u00e3o de cargos.<\/li>\n<li>Explicar sobre as terminologias mais utilizadas pelas empresas e por profissionais de recursos humanos.<\/li>\n<li>Explicar quais s\u00e3o os tipos de lideran\u00e7a compostos pelas empresas e compreender o processo para que um chefe torne-se um verdadeiro l\u00edder.<\/li>\n<\/ul>\n<p><b style=\"font-size: 1rem;\">UNIDADE II\u00a0\u2013 AVALIA\u00c7\u00c3O DE DESEMPENHO E T&amp;D<\/b><\/p>\n<ul>\n<li>Explicar como funciona an\u00e1lise de cargos, as exig\u00eancias das empresas e como adequar o perfil de cada candidato.<\/li>\n<li>Interpretar a avalia\u00e7\u00e3o de desempenho, o acompanhamento e capacita\u00e7\u00e3o antes e durante os processos de contrata\u00e7\u00e3o.<\/li>\n<li>Apontar as etapas do processo de cargos, avalia\u00e7\u00e3o de sal\u00e1rios e condi\u00e7\u00f5es de mercado para contrata\u00e7\u00e3o e modelos a serem seguidos posteriormente.<\/li>\n<li>Executar os procedimentos de Treinamento e desenvolvimento para novos colaboradores e aperfei\u00e7oamento do corpo de funcion\u00e1rios j\u00e1 existente.<\/li>\n<\/ul>\n<p><b style=\"font-size: 1rem;\">UNIDADE III\u00a0\u2013 DESENVOLVIMENTO DE CARREIRAS<\/b><\/p>\n<ul>\n<li>Explicar o conceito de carreira, as habilidades e o conhecimento pessoal.<\/li>\n<li>Interpretar o que \u00e9 responsabilidade de carreira.<\/li>\n<li>Explicar estrutura de carreira.<\/li>\n<li>Implementar os procedimentos de promo\u00e7\u00e3o de pessoal.<\/li>\n<\/ul>\n<p><b style=\"font-size: 1rem;\">UNIDADE IV\u00a0\u2013 CARGOS, SAL\u00c1RIOS E BENEF\u00cdCIOS<\/b><\/p>\n<ul>\n<li>Explicar administra\u00e7\u00e3o de sal\u00e1rios.<\/li>\n<li>Aplicar as t\u00e9cnicas de conceito de sal\u00e1rio.<\/li>\n<li>Interpretar o programa de benef\u00edcios para a empresa e o funcion\u00e1rio.<\/li>\n<li>Identificar os diferentes tipos de recompensas e incentivos.<\/li>\n<\/ul>\n","protected":false},"excerpt":{"rendered":"<p>Este curso visa transmitir ao estudante ou profissional que deseja trabalhar ou se desenvolver na \u00e1rea de recursos humanos, compet\u00eancias para gerir o desenvolvimento de carreiras em sua organiza\u00e7\u00e3o. S\u00e3o abordados conceitos sobre cargos, sal\u00e1rios, benef\u00edcios, treinamento e desenvolvimento (T&amp;D) e muitos outros. COMPET\u00caNCIAS ESPEC\u00cdFICAS: UNIDADE I\u00a0\u2013 CARGOS E LIDERAN\u00c7A<\/p>\n","protected":false},"featured_media":19786,"template":"","meta":{"_joinchat":[]},"product_brand":[],"product_cat":[128],"product_tag":[],"class_list":{"0":"post-19439","1":"product","2":"type-product","3":"status-publish","4":"has-post-thumbnail","6":"product_cat-gestao-cursosynnovus","8":"first","9":"instock","10":"downloadable","11":"virtual","12":"purchasable","13":"product-type-simple"},"_links":{"self":[{"href":"https:\/\/ynnovuscursoson.com.br\/pt_br\/wp-json\/wp\/v2\/product\/19439","targetHints":{"allow":["GET"]}}],"collection":[{"href":"https:\/\/ynnovuscursoson.com.br\/pt_br\/wp-json\/wp\/v2\/product"}],"about":[{"href":"https:\/\/ynnovuscursoson.com.br\/pt_br\/wp-json\/wp\/v2\/types\/product"}],"wp:featuredmedia":[{"embeddable":true,"href":"https:\/\/ynnovuscursoson.com.br\/pt_br\/wp-json\/wp\/v2\/media\/19786"}],"wp:attachment":[{"href":"https:\/\/ynnovuscursoson.com.br\/pt_br\/wp-json\/wp\/v2\/media?parent=19439"}],"wp:term":[{"taxonomy":"product_brand","embeddable":true,"href":"https:\/\/ynnovuscursoson.com.br\/pt_br\/wp-json\/wp\/v2\/product_brand?post=19439"},{"taxonomy":"product_cat","embeddable":true,"href":"https:\/\/ynnovuscursoson.com.br\/pt_br\/wp-json\/wp\/v2\/product_cat?post=19439"},{"taxonomy":"product_tag","embeddable":true,"href":"https:\/\/ynnovuscursoson.com.br\/pt_br\/wp-json\/wp\/v2\/product_tag?post=19439"}],"curies":[{"name":"wp","href":"https:\/\/api.w.org\/{rel}","templated":true}]}}