{"id":19437,"date":"2024-01-12T13:03:13","date_gmt":"2024-01-12T16:03:13","guid":{"rendered":"https:\/\/realizeon.ynnovuson.com.br\/produto\/marketing-de-produtos\/"},"modified":"2024-01-20T19:18:17","modified_gmt":"2024-01-20T22:18:17","slug":"web-designer","status":"publish","type":"product","link":"https:\/\/ynnovuscursoson.com.br\/pt_br\/produto\/web-designer\/","title":{"rendered":"Web Designer"},"content":{"rendered":"<p>Este curso visa formar o desenvolvedor de websites em WordPress, abordando desde a configura\u00e7\u00e3o do ambiente de desenvolvimento e servidor, at\u00e9 a implementa\u00e7\u00e3o do website e seus recursos b\u00e1sicos.<\/p>\n<p><b>COMPET\u00caNCIAS ESPEC\u00cdFICAS:<\/b><\/p>\n<p align=\"left\"><b>UNIDADE I\u00a0\u2013 FUNDAMENTOS SOBRE WEBSITES E HTML<\/b><\/p>\n<ul>\n<li>Entender a arquitetura da web e como os sites se utilizam de seus servi\u00e7os.<\/li>\n<li>Compreender como funciona um script HTML em uma p\u00e1gina web.<\/li>\n<li>Conhecer o paradigma dos programas e servi\u00e7os geradores de p\u00e1ginas HTML, identificando os principais representantes dispon\u00edveis no mercado.<\/li>\n<li>Identificar os principais tipos de websites e suas aplica\u00e7\u00f5es, sendo capaz de desenhar o briefing de seu pr\u00f3prio site.<\/li>\n<\/ul>\n<p><b>UNIDADE II\u00a0\u2013 SERVIDOR E AMBIENTE WORDPRESS PARA WEBSITES<\/b><\/p>\n<ul>\n<li>Assimilar o funcionamento geral do WordPress, identificando seus principais elementos, recursos e funcionalidades.<\/li>\n<li>Criar o esqueleto de um website no WordPress, exportando imagens e criando as divs para as suas principais partes funcionais.<\/li>\n<li>Instalar um servidor Apache para suportar um website em WordPress.<\/li>\n<li>Instalar um servidor em local host para suportar um website em WordPress.<\/li>\n<\/ul>\n<p><b>UNIDADE III\u00a0\u2013 CRIANDO UM WEBSITE SIMPLES EM WORDPRESS<\/b><\/p>\n<ul>\n<li>Exportar um tema para o WordPress.<\/li>\n<li>Criar home, header, functions, menu, footer e p\u00e1ginas em um website WordPress.<\/li>\n<li>Criar e personalizar categorias em websites WordPress.<\/li>\n<li>Ajustar a navega\u00e7\u00e3o em um website WordPress.<\/li>\n<\/ul>\n<p><b>UNIDADE IV\u00a0\u2013 INCREMENTANDO E PUBLICANDO UM WEBSITE WORDPRESS<\/b><\/p>\n<ul>\n<li>Criar not\u00edcias, query posts, welcomes, miniaturas, m\u00eddias sociais e outros servi\u00e7os no website.<\/li>\n<li>Otimizar o website para mecanismos de busca (SEO), aplicando <i>metatags<\/i>, <i>keywords<\/i> e outras estrat\u00e9gias.<\/li>\n<li>Criar formul\u00e1rios de cadastramento e envio de mensagens no website.<\/li>\n<li>Publicar o website definitivo, efetuando ajustes no tema, al\u00e9m da checagem e corre\u00e7\u00e3o de erros.<\/li>\n<\/ul>\n","protected":false},"excerpt":{"rendered":"<p>Este curso visa formar o desenvolvedor de websites em WordPress, abordando desde a configura\u00e7\u00e3o do ambiente de desenvolvimento e servidor, at\u00e9 a implementa\u00e7\u00e3o do website e seus recursos b\u00e1sicos. COMPET\u00caNCIAS ESPEC\u00cdFICAS: UNIDADE I\u00a0\u2013 FUNDAMENTOS SOBRE WEBSITES E HTML Entender a arquitetura da web e como os sites se utilizam de<\/p>\n","protected":false},"featured_media":19518,"template":"","meta":{"_joinchat":[]},"product_brand":[],"product_cat":[126],"product_tag":[],"class_list":{"0":"post-19437","1":"product","2":"type-product","3":"status-publish","4":"has-post-thumbnail","6":"product_cat-informatica","8":"first","9":"instock","10":"downloadable","11":"virtual","12":"purchasable","13":"product-type-simple"},"_links":{"self":[{"href":"https:\/\/ynnovuscursoson.com.br\/pt_br\/wp-json\/wp\/v2\/product\/19437","targetHints":{"allow":["GET"]}}],"collection":[{"href":"https:\/\/ynnovuscursoson.com.br\/pt_br\/wp-json\/wp\/v2\/product"}],"about":[{"href":"https:\/\/ynnovuscursoson.com.br\/pt_br\/wp-json\/wp\/v2\/types\/product"}],"wp:featuredmedia":[{"embeddable":true,"href":"https:\/\/ynnovuscursoson.com.br\/pt_br\/wp-json\/wp\/v2\/media\/19518"}],"wp:attachment":[{"href":"https:\/\/ynnovuscursoson.com.br\/pt_br\/wp-json\/wp\/v2\/media?parent=19437"}],"wp:term":[{"taxonomy":"product_brand","embeddable":true,"href":"https:\/\/ynnovuscursoson.com.br\/pt_br\/wp-json\/wp\/v2\/product_brand?post=19437"},{"taxonomy":"product_cat","embeddable":true,"href":"https:\/\/ynnovuscursoson.com.br\/pt_br\/wp-json\/wp\/v2\/product_cat?post=19437"},{"taxonomy":"product_tag","embeddable":true,"href":"https:\/\/ynnovuscursoson.com.br\/pt_br\/wp-json\/wp\/v2\/product_tag?post=19437"}],"curies":[{"name":"wp","href":"https:\/\/api.w.org\/{rel}","templated":true}]}}