{"id":529,"date":"2023-08-22T13:56:09","date_gmt":"2023-08-22T16:56:09","guid":{"rendered":"https:\/\/realizeon.ynnovuson.com.br\/?page_id=529"},"modified":"2025-10-18T18:53:31","modified_gmt":"2025-10-18T21:53:31","slug":"termos-de-uso","status":"publish","type":"page","link":"https:\/\/ynnovuscursoson.com.br\/pt_br\/termos-de-uso\/","title":{"rendered":"Termos de Uso"},"content":{"rendered":"<div class=\"wpb-content-wrapper\"><div class=\"vc-custom-col-spacing clearfix vc-col-spacing-30\"><section class=\"wpb_row vc_row-fluid row-content-position-Default\"><div class=\"edukul-container\"><div class=\"row-inner clearfix\"><div class=\"wpb_column vc_column_container vc_col-sm-12\"><div class=\"vc_column-inner\"><div class=\"wpb_wrapper\"><div class=\"vc_empty_space\"   style=\"height: 32px\"><span class=\"vc_empty_space_inner\"><\/span><\/div>\n\t<div class=\"wpb_text_column wpb_content_element\" >\n\t\t<div class=\"wpb_wrapper\">\n\t\t\t<h4 style=\"text-align: center;\"><span style=\"color: #235c9c;\">Termos de Uso &#8211; YnnovusOn<\/span><\/h4>\n\n\t\t<\/div>\n\t<\/div>\n<div class=\"vc_empty_space\"   style=\"height: 32px\"><span class=\"vc_empty_space_inner\"><\/span><\/div><\/div><\/div><\/div><\/div><\/div><\/section><\/div><div class=\"vc-custom-col-spacing clearfix vc-col-spacing-30\"><section class=\"wpb_row vc_row-fluid row-content-position-Default\"><div class=\"edukul-container\"><div class=\"row-inner clearfix\"><div class=\"wpb_column vc_column_container vc_col-sm-3\"><div class=\"vc_column-inner\"><div class=\"wpb_wrapper\"><\/div><\/div><\/div><div class=\"wpb_column vc_column_container vc_col-sm-6\"><div class=\"vc_column-inner\"><div class=\"wpb_wrapper\">\n\t<div class=\"wpb_text_column wpb_content_element\" >\n\t\t<div class=\"wpb_wrapper\">\n\t\t\t<h2 data-start=\"300\" data-end=\"318\"><strong data-start=\"303\" data-end=\"318\">VIS\u00c3O GERAL<\/strong><\/h2>\n<p data-start=\"320\" data-end=\"602\"><strong data-start=\"320\" data-end=\"326\">A.<\/strong> A YnnovusOn, pessoa jur\u00eddica de direito privado, descreve, atrav\u00e9s deste Termo, as regras de uso do site <a data-start=\"432\" data-end=\"498\" class=\"decorated-link\" rel=\"noopener\" target=\"_new\" href=\"https:\/\/ynnovuscursoson.com.br\/\">https:\/\/ynnovuscursoson.com.br\/<span aria-hidden=\"true\" class=\"ms-0.5 inline-block align-middle leading-none\"><svg width=\"20\" height=\"20\" viewbox=\"0 0 20 20\" fill=\"currentColor\" xmlns=\"http:\/\/www.w3.org\/2000\/svg\" data-rtl-flip=\"\" class=\"block h-&#091;0.75em&#093; w-&#091;0.75em&#093; stroke-current stroke-&#091;0.75&#093;\"><path d=\"M14.3349 13.3301V6.60645L5.47065 15.4707C5.21095 15.7304 4.78895 15.7304 4.52925 15.4707C4.26955 15.211 4.26955 14.789 4.52925 14.5293L13.3935 5.66504H6.66011C6.29284 5.66504 5.99507 5.36727 5.99507 5C5.99507 4.63273 6.29284 4.33496 6.66011 4.33496H14.9999L15.1337 4.34863C15.4369 4.41057 15.665 4.67857 15.665 5V13.3301C15.6649 13.6973 15.3672 13.9951 14.9999 13.9951C14.6327 13.9951 14.335 13.6973 14.3349 13.3301Z\"><\/path><\/svg><\/span><\/a> e seus subdom\u00ednios, bem como de quaisquer outros sites, interfaces ou aplicativos de sua propriedade.<\/p>\n<p data-start=\"604\" data-end=\"814\"><strong data-start=\"604\" data-end=\"610\">B.<\/strong> Ao utilizar a Plataforma, consideramos que voc\u00ea est\u00e1 de acordo com os Termos de Uso abaixo, declarando que os conhece e concorda com o seu conte\u00fado, inclusive com a Pol\u00edtica de Privacidade (leia aqui).<\/p>\n<p data-start=\"816\" data-end=\"1221\"><strong data-start=\"816\" data-end=\"822\">C.<\/strong> Se modificarmos nossos Termos de Uso, publicaremos o novo texto nesta Plataforma, com a data de revis\u00e3o atualizada. Podemos alterar este documento a qualquer momento, e a nova vers\u00e3o prevalecer\u00e1 sobre a anterior. Caso haja altera\u00e7\u00e3o significativa nos termos deste contrato, poderemos inform\u00e1-lo por meio das informa\u00e7\u00f5es de contato que tivermos em nosso banco de dados ou por meio de notifica\u00e7\u00f5es.<\/p>\n<p data-start=\"1223\" data-end=\"1493\"><strong data-start=\"1223\" data-end=\"1229\">D.<\/strong> Se voc\u00ea discordar da nova vers\u00e3o dos Termos, poder\u00e1 encerrar este Contrato com efeito imediato. Se n\u00e3o encerrar seu Contrato antes da data de vig\u00eancia da nova vers\u00e3o dos Termos, seu acesso cont\u00ednuo ou uso da Plataforma significar\u00e1 que voc\u00ea aceita as altera\u00e7\u00f5es.<\/p>\n<hr data-start=\"1495\" data-end=\"1498\" \/>\n<h2 data-start=\"1500\" data-end=\"1540\"><strong data-start=\"1503\" data-end=\"1540\">Servi\u00e7os Prestados pela YnnovusOn<\/strong><\/h2>\n<p data-start=\"1542\" data-end=\"1977\">A YnnovusOn \u00e9 uma plataforma que disponibiliza um ambiente para que os Usu\u00e1rios criem, divulguem, comercializem e\/ou consumam conte\u00fados por meio de um conjunto de recursos digitais, fornecendo o suporte necess\u00e1rio para o desenvolvimento do neg\u00f3cio.<br data-start=\"1790\" data-end=\"1793\" \/>A YnnovusOn acredita que, atrav\u00e9s do empreendedorismo, pode haver transforma\u00e7\u00e3o e, dessa forma, tem como miss\u00e3o a gera\u00e7\u00e3o de oportunidades para quem busca adquirir novas habilidades.<\/p>\n<hr data-start=\"1979\" data-end=\"1982\" \/>\n<h2 data-start=\"1984\" data-end=\"2009\"><strong data-start=\"1987\" data-end=\"2009\">Se\u00e7\u00e3o 1 \u2013 Usu\u00e1rios<\/strong><\/h2>\n<ol data-start=\"2011\" data-end=\"2619\">\n<li data-start=\"2011\" data-end=\"2619\">\n<p data-start=\"2014\" data-end=\"2619\">A utiliza\u00e7\u00e3o deste website atribui, de forma autom\u00e1tica, a condi\u00e7\u00e3o de Usu\u00e1rio, bem como concede a voc\u00ea uma licen\u00e7a de uso n\u00e3o exclusiva da Plataforma e de seus recursos, podendo estes ser modificados e\/ou removidos a qualquer momento, sem aviso pr\u00e9vio. A utiliza\u00e7\u00e3o implica a plena aceita\u00e7\u00e3o de todas as diretrizes e condi\u00e7\u00f5es inclu\u00eddas nestes Termos. A rela\u00e7\u00e3o entre o Usu\u00e1rio e a Plataforma n\u00e3o configura, em nenhuma hip\u00f3tese, v\u00ednculo empregat\u00edcio, representa\u00e7\u00e3o, sociedade ou afins \u2014 apenas uma rela\u00e7\u00e3o contratual, em que o Usu\u00e1rio contrata a presta\u00e7\u00e3o de um servi\u00e7o com intermedia\u00e7\u00e3o da Plataforma.<\/p>\n<\/li>\n<\/ol>\n<p data-start=\"2621\" data-end=\"3000\">1.1. O Usu\u00e1rio fica ciente de que, ao aceitar estes Termos, o uso irregular ou ilegal da Plataforma ser\u00e1 reportado \u00e0s autoridades competentes, ficando inteiramente respons\u00e1vel pelas poss\u00edveis san\u00e7\u00f5es decorrentes de seus atos. O desrespeito a estes Termos implica tamb\u00e9m a suspens\u00e3o do acesso \u00e0 conta, o cancelamento do cadastro e o encerramento da licen\u00e7a de uso da Plataforma.<\/p>\n<p data-start=\"3002\" data-end=\"3323\">1.2. Ao utilizar a Plataforma em rela\u00e7\u00e3o aos Produtos e\/ou Servi\u00e7os disponibilizados, o Usu\u00e1rio se responsabiliza por identificar, compreender e cumprir todas as leis, regras e regulamenta\u00e7\u00f5es aplic\u00e1veis. Isso inclui, entre outras, normas de natureza civil, propriedade intelectual, privacidade e uso de dados pessoais.<\/p>\n<p data-start=\"3325\" data-end=\"3865\">1.3. Os Usu\u00e1rios ficam cientes de que o acesso \u00e0 Plataforma, atrav\u00e9s de login e senha, \u00e9 de uso pessoal, sendo vedada a transfer\u00eancia a terceiros. O Usu\u00e1rio \u00e9 o \u00fanico respons\u00e1vel por sua conta e por tudo o que possa acontecer com ela, incluindo quaisquer danos ou preju\u00edzos causados por terceiros que a utilizem sem autoriza\u00e7\u00e3o. \u00c9 de responsabilidade do Usu\u00e1rio informar \u00e0 YnnovusOn, atrav\u00e9s da equipe de suporte, quando suspeitar que outra pessoa esteja utilizando sua conta sem permiss\u00e3o, para que sejam tomadas as devidas provid\u00eancias.<\/p>\n<p data-start=\"3867\" data-end=\"4133\">1.4. Em geral, o acesso \u00e0 Plataforma da YnnovusOn possui car\u00e1ter gratuito e n\u00e3o exige pr\u00e9via inscri\u00e7\u00e3o ou registro. Contudo, para usufruir de algumas funcionalidades e recursos, o Usu\u00e1rio precisar\u00e1 efetuar um cadastro, criando uma conta com login e senha pr\u00f3prios.<\/p>\n<p data-start=\"4135\" data-end=\"4317\">1.5. \u00c9 de total responsabilidade do Usu\u00e1rio fornecer apenas informa\u00e7\u00f5es corretas, aut\u00eanticas, v\u00e1lidas, completas e atualizadas, bem como n\u00e3o divulgar seu login e senha a terceiros.<\/p>\n<hr data-start=\"4319\" data-end=\"4322\" \/>\n<h2 data-start=\"4324\" data-end=\"4389\"><strong data-start=\"4327\" data-end=\"4389\">Se\u00e7\u00e3o 2 \u2013 Elegibilidade de acesso e cadastro na Plataforma<\/strong><\/h2>\n<ol start=\"2\" data-start=\"4391\" data-end=\"4659\">\n<li data-start=\"4391\" data-end=\"4659\">\n<p data-start=\"4394\" data-end=\"4659\">Para o acesso \u00e0 Plataforma, \u00e9 necess\u00e1rio que o Usu\u00e1rio, Produtor ou Comprador\/Aluno tenha, pelo menos, 18 anos de idade ou seja emancipado, nos moldes da legisla\u00e7\u00e3o aplic\u00e1vel. Para o acesso de menores de 18 anos, \u00e9 necess\u00e1ria autoriza\u00e7\u00e3o dos pais ou respons\u00e1veis.<\/p>\n<\/li>\n<\/ol>\n<hr data-start=\"4661\" data-end=\"4664\" \/>\n<h2 data-start=\"4666\" data-end=\"4703\"><strong data-start=\"4669\" data-end=\"4703\">Se\u00e7\u00e3o 3 \u2013 Recursos e conte\u00fados<\/strong><\/h2>\n<ol start=\"3\" data-start=\"4705\" data-end=\"4997\">\n<li data-start=\"4705\" data-end=\"4997\">\n<p data-start=\"4708\" data-end=\"4997\">A YnnovusOn oferece, atrav\u00e9s da Plataforma, diversos recursos para facilitar o desenvolvimento do neg\u00f3cio do Produtor, de forma a suprir, em um s\u00f3 lugar, todas as necessidades do empreendedor \u2014 desde assessorias com profissionais at\u00e9 ferramentas que viabilizam a continuidade do neg\u00f3cio.<\/p>\n<\/li>\n<\/ol>\n<p data-start=\"4999\" data-end=\"5276\">3.1. O Produtor, ao utilizar a Plataforma para disponibilizar conte\u00fados, declara ser o titular exclusivo de todos os direitos decorrentes (como os de propriedade intelectual) ou estar devidamente autorizado. Declara ainda n\u00e3o violar direitos de terceiros de qualquer esp\u00e9cie.<\/p>\n<p data-start=\"5278\" data-end=\"5467\">3.2. O Produtor concorda em conceder exclusividade \u00e0 YnnovusOn aos Produtos comercializados na Plataforma, comprometendo-se a n\u00e3o disponibilizar o mesmo conte\u00fado a terceiros concorrentes.<\/p>\n<p data-start=\"5469\" data-end=\"5918\">3.3. Considerando o prop\u00f3sito da YnnovusOn \u2014 de facilitar o desenvolvimento do neg\u00f3cio do Produtor e viabilizar o acesso \u00e0 educa\u00e7\u00e3o e \u00e0 informa\u00e7\u00e3o pelo Comprador \u2014, alguns princ\u00edpios regem a rela\u00e7\u00e3o entre Plataforma e Usu\u00e1rios: respeito m\u00fatuo, observ\u00e2ncia \u00e0s leis, liberdade de express\u00e3o, cren\u00e7a e igualdade racial. Assim, \u00e9 vedado todo e qualquer tipo de preconceito ou discrimina\u00e7\u00e3o. A YnnovusOn n\u00e3o aceita conte\u00fados que violem essas diretrizes.<\/p>\n<p data-start=\"5920\" data-end=\"6440\">3.4. O Comprador est\u00e1 ciente de que, ao adquirir um Produto disponibilizado na Plataforma, n\u00e3o adquire direitos de propriedade intelectual, comercializa\u00e7\u00e3o ou cess\u00e3o a terceiros, no todo ou em parte, ainda que de forma gratuita. O fornecimento ou compartilhamento de senhas, downloads, transmiss\u00f5es ou armazenamento n\u00e3o autorizados do Produto caracterizam fraude. Caso tais pr\u00e1ticas sejam verificadas, a YnnovusOn poder\u00e1 cessar, de forma definitiva ou tempor\u00e1ria, o acesso ao Produto e tomar todas as medidas cab\u00edveis.<\/p>\n<hr data-start=\"6442\" data-end=\"6445\" \/>\n<h2 data-start=\"6447\" data-end=\"6493\"><strong data-start=\"6450\" data-end=\"6493\">Se\u00e7\u00e3o 4 \u2013 Regras aplic\u00e1veis ao Produtor<\/strong><\/h2>\n<ol start=\"4\" data-start=\"6495\" data-end=\"6713\">\n<li data-start=\"6495\" data-end=\"6713\">\n<p data-start=\"6498\" data-end=\"6713\">O Produtor fica ciente de que n\u00e3o poder\u00e1 usar a marca, logo ou nome da YnnovusOn para divulga\u00e7\u00e3o de qualquer Produto indicando associa\u00e7\u00e3o indevida, devendo faz\u00ea-lo apenas nos limites necess\u00e1rios \u00e0 comercializa\u00e7\u00e3o.<\/p>\n<\/li>\n<\/ol>\n<p data-start=\"6715\" data-end=\"7356\">4.1. O Produtor, ao disponibilizar um Produto na Plataforma, concede automaticamente \u00e0 YnnovusOn licen\u00e7a de uso de todos os direitos de propriedade intelectual e autorais, com o objetivo de usar, reproduzir, processar, adaptar, modificar, traduzir, incluir legendas, publicar, transmitir, exibir ou distribuir o Produto em qualquer m\u00eddia, dentro e fora da Plataforma. Essa licen\u00e7a permite que a YnnovusOn disponibilize o Produto a terceiros parceiros, para fins de marketing, divulga\u00e7\u00e3o ou venda. O Produtor continua sendo titular de todos os direitos e obriga\u00e7\u00f5es relacionados ao Produto criado, divulgado ou comercializado na Plataforma.<\/p>\n<p data-start=\"7358\" data-end=\"7696\">4.2. Em rela\u00e7\u00e3o ao Comprador, o Produtor \u00e9 inteiramente respons\u00e1vel pela rela\u00e7\u00e3o contratual estabelecida entre ambos, pela entrega dos Produtos, cumprimento de prazos, suporte e garantia. O Produtor tamb\u00e9m autoriza a YnnovusOn a deduzir valores de reembolso diretamente dos cr\u00e9ditos existentes ou futuros em sua conta, quando aplic\u00e1vel.<\/p>\n<hr data-start=\"7698\" data-end=\"7701\" \/>\n<h2 data-start=\"7703\" data-end=\"7744\"><strong data-start=\"7706\" data-end=\"7744\">Se\u00e7\u00e3o 5 \u2013 Remunera\u00e7\u00e3o da YnnovusOn<\/strong><\/h2>\n<ol start=\"5\" data-start=\"7746\" data-end=\"8138\">\n<li data-start=\"7746\" data-end=\"8138\">\n<p data-start=\"7749\" data-end=\"8138\">O uso, pelo Produtor, dos recursos que a Plataforma disponibiliza est\u00e1 sujeito ao pagamento das Tarifas de Licen\u00e7a e de Intermedia\u00e7\u00e3o, cobradas por ocasi\u00e3o da venda de cada Produto, no momento da aprova\u00e7\u00e3o da transa\u00e7\u00e3o, sendo deduzidas do valor final cobrado ao Comprador. Essas tarifas, seus meios de pagamento e condi\u00e7\u00f5es est\u00e3o estabelecidas no contrato entre a YnnovusOn e o Produtor.<\/p>\n<\/li>\n<\/ol>\n<hr data-start=\"8140\" data-end=\"8143\" \/>\n<h2 data-start=\"8145\" data-end=\"8169\"><strong data-start=\"8148\" data-end=\"8169\">Se\u00e7\u00e3o 6 \u2013 Cookies<\/strong><\/h2>\n<ol start=\"6\" data-start=\"8171\" data-end=\"8637\">\n<li data-start=\"8171\" data-end=\"8637\">\n<p data-start=\"8174\" data-end=\"8637\">Informa\u00e7\u00f5es sobre o seu uso deste website podem ser coletadas por meio de cookies. Cookies s\u00e3o dados armazenados diretamente no computador que voc\u00ea utiliza. Eles permitem coletar informa\u00e7\u00f5es como tipo de navegador, tempo de uso, p\u00e1ginas visitadas, prefer\u00eancias de idioma e outros dados an\u00f4nimos de tr\u00e1fego. N\u00f3s e nossos prestadores de servi\u00e7os utilizamos essas informa\u00e7\u00f5es para seguran\u00e7a, navega\u00e7\u00e3o, personaliza\u00e7\u00e3o e melhoria cont\u00ednua da experi\u00eancia do usu\u00e1rio.<\/p>\n<\/li>\n<\/ol>\n<p data-start=\"8639\" data-end=\"8828\">6.1. Caso n\u00e3o deseje que suas informa\u00e7\u00f5es sejam coletadas por meio de cookies, \u00e9 poss\u00edvel configurar o navegador para rejeit\u00e1-los. No entanto, isso pode afetar o funcionamento do website.<\/p>\n<p data-start=\"8830\" data-end=\"9019\">6.2. As defini\u00e7\u00f5es escolhidas podem impactar a experi\u00eancia de navega\u00e7\u00e3o. A YnnovusOn n\u00e3o se responsabiliza por eventuais limita\u00e7\u00f5es de funcionamento decorrentes da desativa\u00e7\u00e3o de cookies.<\/p>\n<hr data-start=\"9021\" data-end=\"9024\" \/>\n<h2 data-start=\"9026\" data-end=\"9066\"><strong data-start=\"9029\" data-end=\"9066\">Se\u00e7\u00e3o 7 \u2013 Propriedade Intelectual<\/strong><\/h2>\n<ol start=\"7\" data-start=\"9068\" data-end=\"9288\">\n<li data-start=\"9068\" data-end=\"9288\">\n<p data-start=\"9071\" data-end=\"9288\">Todos os elementos da YnnovusOn s\u00e3o de propriedade intelectual da empresa ou de seus licenciados. Estes Termos ou a utiliza\u00e7\u00e3o do website n\u00e3o concedem qualquer licen\u00e7a ou direito de uso de tais direitos a terceiros.<\/p>\n<\/li>\n<\/ol>\n<hr data-start=\"9290\" data-end=\"9293\" \/>\n<h2 data-start=\"9295\" data-end=\"9341\"><strong data-start=\"9298\" data-end=\"9341\">Se\u00e7\u00e3o 8 \u2013 Links para sites de terceiros<\/strong><\/h2>\n<ol start=\"8\" data-start=\"9343\" data-end=\"9561\">\n<li data-start=\"9343\" data-end=\"9561\">\n<p data-start=\"9346\" data-end=\"9561\">Este website pode conter links que redirecionam o usu\u00e1rio para sites de parceiros, anunciantes ou fornecedores. Cada site possui suas pr\u00f3prias pr\u00e1ticas de privacidade, e a YnnovusOn n\u00e3o se responsabiliza por elas.<\/p>\n<\/li>\n<\/ol>\n<p data-start=\"9563\" data-end=\"9835\">8.1. Tamb\u00e9m n\u00e3o nos responsabilizamos pelas pr\u00e1ticas de coleta, uso e divulga\u00e7\u00e3o de dados de outras organiza\u00e7\u00f5es (como Facebook, Google, Microsoft, Apple etc.). Recomendamos que voc\u00ea leia atentamente as pol\u00edticas de privacidade e termos de uso de cada servi\u00e7o utilizado.<\/p>\n<hr data-start=\"9837\" data-end=\"9840\" \/>\n<h2 data-start=\"9842\" data-end=\"9878\"><strong data-start=\"9845\" data-end=\"9878\">Se\u00e7\u00e3o 9 \u2013 Prazos e altera\u00e7\u00f5es<\/strong><\/h2>\n<ol start=\"9\" data-start=\"9880\" data-end=\"9945\">\n<li data-start=\"9880\" data-end=\"9945\">\n<p data-start=\"9883\" data-end=\"9945\">O funcionamento deste website se d\u00e1 por prazo indeterminado.<\/p>\n<\/li>\n<\/ol>\n<p data-start=\"9947\" data-end=\"10101\">9.1. O website, no todo ou em parte, pode ser encerrado, suspenso ou interrompido unilateralmente pela YnnovusOn, a qualquer momento e sem aviso pr\u00e9vio.<\/p>\n<hr data-start=\"10103\" data-end=\"10106\" \/>\n<h2 data-start=\"10108\" data-end=\"10133\"><strong data-start=\"10111\" data-end=\"10133\">Se\u00e7\u00e3o 10 \u2013 Contato<\/strong><\/h2>\n<p data-start=\"10135\" data-end=\"10218\">Caso voc\u00ea tenha qualquer d\u00favida sobre os Termos de Uso, entre em contato conosco:<\/p>\n<p data-start=\"10220\" data-end=\"10306\"><strong data-start=\"10223\" data-end=\"10234\">E-mail:<\/strong> <a data-start=\"10235\" data-end=\"10266\" class=\"decorated-link cursor-pointer\" rel=\"noopener\">comercialcurso@ynnovuson.com.br<span aria-hidden=\"true\" class=\"ms-0.5 inline-block align-middle leading-none\"><svg width=\"20\" height=\"20\" viewbox=\"0 0 20 20\" fill=\"currentColor\" xmlns=\"http:\/\/www.w3.org\/2000\/svg\" data-rtl-flip=\"\" class=\"block h-&#091;0.75em&#093; w-&#091;0.75em&#093; stroke-current stroke-&#091;0.75&#093;\"><path d=\"M14.3349 13.3301V6.60645L5.47065 15.4707C5.21095 15.7304 4.78895 15.7304 4.52925 15.4707C4.26955 15.211 4.26955 14.789 4.52925 14.5293L13.3935 5.66504H6.66011C6.29284 5.66504 5.99507 5.36727 5.99507 5C5.99507 4.63273 6.29284 4.33496 6.66011 4.33496H14.9999L15.1337 4.34863C15.4369 4.41057 15.665 4.67857 15.665 5V13.3301C15.6649 13.6973 15.3672 13.9951 14.9999 13.9951C14.6327 13.9951 14.335 13.6973 14.3349 13.3301Z\"><\/path><\/svg><\/span><\/a><br data-start=\"10266\" data-end=\"10269\" \/><strong data-start=\"10272\" data-end=\"10285\">Telefone:<\/strong> +55 (62) 3442-0344<\/p>\n\n\t\t<\/div>\n\t<\/div>\n<\/div><\/div><\/div><div class=\"wpb_column vc_column_container vc_col-sm-3\"><div class=\"vc_column-inner\"><div class=\"wpb_wrapper\"><\/div><\/div><\/div><\/div><\/div><\/section><\/div><div class=\"vc-custom-col-spacing clearfix vc-col-spacing-30\"><section class=\"wpb_row vc_row-fluid row-content-position-Default\"><div class=\"edukul-container\"><div class=\"row-inner clearfix\"><div class=\"wpb_column vc_column_container vc_col-sm-12\"><div class=\"vc_column-inner\"><div class=\"wpb_wrapper\"><div class=\"vc_empty_space\"   style=\"height: 32px\"><span class=\"vc_empty_space_inner\"><\/span><\/div><\/div><\/div><\/div><\/div><\/div><\/section><\/div>\n<\/div>","protected":false},"excerpt":{"rendered":"Termos de Uso - YnnovusOn VIS\u00c3O GERAL A. A YnnovusOn, pessoa jur\u00eddica de direito privado, descreve, atrav\u00e9s deste Termo, as regras de uso do site https:\/\/ynnovuscursoson.com.br\/ e seus subdom\u00ednios, bem como de quaisquer outros sites, interfaces ou aplicativos de sua propriedade. B. Ao utilizar a Plataforma, consideramos que voc\u00ea est\u00e1","protected":false},"author":1,"featured_media":0,"parent":0,"menu_order":0,"comment_status":"closed","ping_status":"closed","template":"","meta":{"productId":0,"courseId":0,"_joinchat":[],"footnotes":""},"class_list":["post-529","page","type-page","status-publish","hentry"],"_links":{"self":[{"href":"https:\/\/ynnovuscursoson.com.br\/pt_br\/wp-json\/wp\/v2\/pages\/529","targetHints":{"allow":["GET"]}}],"collection":[{"href":"https:\/\/ynnovuscursoson.com.br\/pt_br\/wp-json\/wp\/v2\/pages"}],"about":[{"href":"https:\/\/ynnovuscursoson.com.br\/pt_br\/wp-json\/wp\/v2\/types\/page"}],"author":[{"embeddable":true,"href":"https:\/\/ynnovuscursoson.com.br\/pt_br\/wp-json\/wp\/v2\/users\/1"}],"replies":[{"embeddable":true,"href":"https:\/\/ynnovuscursoson.com.br\/pt_br\/wp-json\/wp\/v2\/comments?post=529"}],"version-history":[{"count":2,"href":"https:\/\/ynnovuscursoson.com.br\/pt_br\/wp-json\/wp\/v2\/pages\/529\/revisions"}],"predecessor-version":[{"id":20708,"href":"https:\/\/ynnovuscursoson.com.br\/pt_br\/wp-json\/wp\/v2\/pages\/529\/revisions\/20708"}],"wp:attachment":[{"href":"https:\/\/ynnovuscursoson.com.br\/pt_br\/wp-json\/wp\/v2\/media?parent=529"}],"curies":[{"name":"wp","href":"https:\/\/api.w.org\/{rel}","templated":true}]}}