{"id":510,"date":"2023-08-22T11:01:45","date_gmt":"2023-08-22T14:01:45","guid":{"rendered":"https:\/\/realizeon.ynnovuson.com.br\/?page_id=510"},"modified":"2023-08-22T14:02:29","modified_gmt":"2023-08-22T17:02:29","slug":"politica-de-privacidade","status":"publish","type":"page","link":"https:\/\/ynnovuscursoson.com.br\/pt_br\/politica-de-privacidade\/","title":{"rendered":"Pol\u00edtica de Privacidade"},"content":{"rendered":"<div class=\"wpb-content-wrapper\"><div class=\"vc-custom-col-spacing clearfix vc-col-spacing-30\"><section class=\"wpb_row vc_row-fluid row-content-position-Default\"><div class=\"edukul-container\"><div class=\"row-inner clearfix\"><div class=\"wpb_column vc_column_container vc_col-sm-12\"><div class=\"vc_column-inner\"><div class=\"wpb_wrapper\"><div class=\"vc_empty_space\"   style=\"height: 32px\"><span class=\"vc_empty_space_inner\"><\/span><\/div>\n\t<div class=\"wpb_text_column wpb_content_element\" >\n\t\t<div class=\"wpb_wrapper\">\n\t\t\t<h4 style=\"text-align: center;\"><span style=\"color: #235c9c;\">Pol\u00edtica de Privacidade<\/span><\/h4>\n\n\t\t<\/div>\n\t<\/div>\n<div class=\"vc_empty_space\"   style=\"height: 32px\"><span class=\"vc_empty_space_inner\"><\/span><\/div><\/div><\/div><\/div><\/div><\/div><\/section><\/div><div class=\"vc-custom-col-spacing clearfix vc-col-spacing-30\"><section class=\"wpb_row vc_row-fluid row-content-position-Default\"><div class=\"edukul-container\"><div class=\"row-inner clearfix\"><div class=\"wpb_column vc_column_container vc_col-sm-3\"><div class=\"vc_column-inner\"><div class=\"wpb_wrapper\"><\/div><\/div><\/div><div class=\"wpb_column vc_column_container vc_col-sm-6\"><div class=\"vc_column-inner\"><div class=\"wpb_wrapper\">\n\t<div class=\"wpb_text_column wpb_content_element\" >\n\t\t<div class=\"wpb_wrapper\">\n\t\t\t<h4 class=\"p1\"><span style=\"color: #000000;\"><b>VIS\u00c3O GERAL<\/b><\/span><\/h4>\n<p class=\"p1\"><span style=\"color: #000000;\">A YnnovusOn leva a sua privacidade a s\u00e9rio e zela pela seguran\u00e7a e prote\u00e7\u00e3o de dados de todos os seus usu\u00e1rios. Esta Pol\u00edtica de Privacidade estabelece as regras sobre como e para quais finalidades seus dados pessoais podem ser tratados, com quem esses dados podem ser compartilhados, e como os Usu\u00e1rios podem gerenciar seus dados pessoais. Ela se aplica ao uso ou acesso \u00e0 Plataforma da YnnovusOn mediante o site e seus subdom\u00ednios, bem como mediante outros sites, interfaces ou aplicativos nos quais a YnnovusOn disponibilize seus recursos.<\/span><\/p>\n<p class=\"p1\"><span style=\"color: #000000;\"><b>AO ACESSAR A PALATAFORMA, ENVIAR COMUNICA\u00c7\u00d5ES OU FORNECER QUALQUER TIPO DE DADO PESSOAL, VOC\u00ca DECLARA ESTAR CIENTE COM RELA\u00c7\u00c3O AOS TERMOS AQUI PREVISTOS E DE ACORDO COM A POL\u00cdTICA DE PRIVACIDADE, A QUAL DESCREVE AS FINALIDADES E FORMAS DE TRATAMENTO DE SEUS DADOS PESSOAIS QUE VOC\u00ca DISPONIBILIZAR.<\/b><\/span><\/p>\n<p class=\"p1\"><span style=\"color: #000000;\">Esta Pol\u00edtica de Privacidade fornece uma vis\u00e3o geral de nossas pr\u00e1ticas de privacidade e das escolhas que voc\u00ea pode fazer, bem como direitos que voc\u00ea pode exercer em rela\u00e7\u00e3o aos Dados Pessoais tratados por n\u00f3s. Se voc\u00ea tiver alguma d\u00favida sobre o uso de Dados Pessoais, entre em contato com\u00a0(colocar o e-mail).<\/span><\/p>\n<p class=\"p1\"><span style=\"color: #000000;\">Caso voc\u00ea nos envie Dados Pessoais referentes a outras pessoas f\u00edsicas, voc\u00ea declara ter a compet\u00eancia para faz\u00ea-lo e declara ter obtido o consentimento necess\u00e1rio para autorizar o uso de tais informa\u00e7\u00f5es nos termos desta Pol\u00edtica de Privacidade.<\/span><\/p>\n<p class=\"p1\"><span style=\"color: #000000;\"><b>Se\u00e7\u00e3o 1 &#8211; Defini\u00e7\u00f5es<\/b><\/span><\/p>\n<p class=\"p1\"><span style=\"color: #000000;\">Para os fins desta Pol\u00edtica de Privacidade, \u00e9 importante a sua compreens\u00e3o dos termos a seguir:<\/span><\/p>\n<ul class=\"ul1\">\n<li class=\"li1\"><span style=\"color: #000000;\">&#8220;<b>Dados Pessoais<\/b>&#8220;: significa qualquer informa\u00e7\u00e3o que, direta ou indiretamente, identifique ou possa identificar uma pessoa natural, como por exemplo, nome, CPF, data de nascimento, endere\u00e7o IP, dentre outros;<\/span><\/li>\n<li class=\"li1\"><span style=\"color: #000000;\">&#8220;<b>Dados Pessoais Sens\u00edveis<\/b>&#8220;: significa qualquer informa\u00e7\u00e3o que revele, em rela\u00e7\u00e3o a uma pessoa natural, origem racial ou \u00e9tnica, convic\u00e7\u00e3o religiosa, opini\u00e3o pol\u00edtica, filia\u00e7\u00e3o a sindicato ou a organiza\u00e7\u00e3o de car\u00e1ter religioso, filos\u00f3fico ou pol\u00edtico, dado referente \u00e0 sa\u00fade ou \u00e0 vida sexual, dado gen\u00e9tico ou biom\u00e9trico;<\/span><\/li>\n<li class=\"li1\"><span style=\"color: #000000;\">&#8220;<b>Tratamento de Dados Pessoais<\/b>&#8220;: significa qualquer opera\u00e7\u00e3o efetuada no \u00e2mbito dos Dados Pessoais, por meio de meios autom\u00e1ticos ou n\u00e3o, tal como a recolha, grava\u00e7\u00e3o, organiza\u00e7\u00e3o, estrutura\u00e7\u00e3o, armazenamento, adapta\u00e7\u00e3o ou altera\u00e7\u00e3o, recupera\u00e7\u00e3o, consulta, utiliza\u00e7\u00e3o, divulga\u00e7\u00e3o por transmiss\u00e3o, dissemina\u00e7\u00e3o ou, alternativamente, disponibiliza\u00e7\u00e3o, harmoniza\u00e7\u00e3o ou associa\u00e7\u00e3o, restri\u00e7\u00e3o, elimina\u00e7\u00e3o ou destrui\u00e7\u00e3o. Tamb\u00e9m \u00e9 considerado Tratamento de Dados Pessoais qualquer outra opera\u00e7\u00e3o prevista nos termos da legisla\u00e7\u00e3o aplic\u00e1vel;<\/span><\/li>\n<li class=\"li1\"><span style=\"color: #000000;\">&#8220;<b>Leis de Prote\u00e7\u00e3o de Dados<\/b>&#8220;: significa todas as disposi\u00e7\u00f5es legais que regulam o Tratamento de Dados Pessoais, incluindo, por\u00e9m sem se limitar, a Lei n\u00ba 13.709\/18, Lei Geral de Prote\u00e7\u00e3o de Dados Pessoais (&#8220;<b>LGPD<\/b>&#8220;).<\/span><\/li>\n<\/ul>\n<p class=\"p1\"><span style=\"color: #000000;\"><b>Se\u00e7\u00e3o 2 \u2013 Dados Pessoais Tratados Pela YnnovusOn<\/b><\/span><\/p>\n<p class=\"p1\"><span style=\"color: #000000;\"><b>2.1 Dados Pessoais: <\/b>Coletamos e usamos Dados Pessoais para gerenciar seu relacionamento conosco e melhor atend\u00ea-lo quando voc\u00ea estiver adquirindo nossos produtos e\/ou servi\u00e7os, personalizando e melhorando sua experi\u00eancia. Esses dados pessoais podem ser coletados diretamente do Usu\u00e1rio, obtidos atrav\u00e9s de terceiros ou coletados automaticamente, mesmo se n\u00e3o houver conta na Plataforma, como as informa\u00e7\u00f5es sobre o navegador, IP, frequ\u00eancia de utiliza\u00e7\u00e3o da Plataforma, cookies, pixel e tecnologias semelhantes, dentre outros.<\/span><\/p>\n<p class=\"p1\"><span style=\"color: #000000;\">Al\u00e9m disso, os Dados Pessoais fornecidos tamb\u00e9m podem ser utilizados na forma que julgarmos necess\u00e1ria ou adequada:\u00a0<b>(a)<\/b>\u00a0nos termos das Leis de Prote\u00e7\u00e3o de Dados;\u00a0<b>(b)<\/b>\u00a0para atender exig\u00eancias de processo judicial;\u00a0<b>(c)<\/b>\u00a0para cumprir decis\u00e3o judicial, decis\u00e3o regulat\u00f3ria ou decis\u00e3o de autoridades competentes, incluindo autoridades fora do pa\u00eds de resid\u00eancia;\u00a0<b>(d)<\/b>\u00a0para aplicar nossos Termos e Condi\u00e7\u00f5es de Uso;\u00a0<b>(e)<\/b>\u00a0para proteger nossas opera\u00e7\u00f5es;\u00a0<b>(f)<\/b>\u00a0para proteger direitos, privacidade, seguran\u00e7a nossos, seus ou de terceiros;\u00a0<b>(g)<\/b>\u00a0para detectar e prevenir fraude;\u00a0<b>(h)<\/b>\u00a0permitir-nos usar as a\u00e7\u00f5es dispon\u00edveis ou limitar danos que venhamos a sofrer; e (i) de outros modos permitidos por lei.<\/span><\/p>\n<p class=\"p1\"><span style=\"color: #000000;\"><b>2.2 Dados P\u00fablicos<\/b>: H\u00e1 alguns dados pessoais que s\u00e3o considerados como p\u00fablicos, porque podem ser vistos por qualquer pessoa, dentro e fora da Plataforma, inclusive se essa pessoa n\u00e3o tiver uma conta na Plataforma. S\u00e3o considerados dados p\u00fablicos as informa\u00e7\u00f5es que voc\u00ea inserir nos campos destacados com o aviso \u201cdados p\u00fablicos\u201d. Voc\u00ea, outras pessoas que usam a Plataforma e YnnovusOn podem fornecer acesso ou enviar dados p\u00fablicos para qualquer pessoa dentro e fora da Plataforma.<\/span><\/p>\n<p class=\"p1\"><span style=\"color: #000000;\"><b>2.3 Dados Pessoais Obtidos de Terceiros: <\/b>A YnnovusOn pode ter acesso a determinados dados pessoais por interm\u00e9dio de terceiros, sejam eles informa\u00e7\u00f5es cadastrais ou banc\u00e1rias. Isso acontece, por exemplo, quando, em raz\u00e3o de cumprimento de obriga\u00e7\u00e3o legal ou regulat\u00f3ria, a YnnovusOn precisa consultar bancos de dados mantidos por terceiros que viabilizem a an\u00e1lise de restri\u00e7\u00f5es credit\u00edcias, an\u00e1lises antifraude e demais an\u00e1lises de gest\u00e3o de risco integrados \u00e0 Plataforma. Inclusive, poder\u00e1 haver a coleta de dados por interm\u00e9dio de terceiros quando o Usu\u00e1rio se conecta ou faz login na plataforma por um servi\u00e7o de terceiro, a exemplo do Google e Facebook.<\/span><\/p>\n<p class=\"p1\"><span style=\"color: #000000;\"><b>Se\u00e7\u00e3o 3 \u2013 Dados Pessoais Tratados pela YnnovusOn em Nome de Terceiros<\/b><\/span><\/p>\n<p class=\"p1\"><span style=\"color: #000000;\"><b>3.1<\/b> <b>Tratamento de Dados Pessoais a Pedido de Terceiros<\/b> H\u00e1 alguns dados pessoais que s\u00e3o tratados pela YnnovusOn a pedido de terceiros. A YnnovusOn realiza o tratamento desses dados pessoais seguindo regras formalizadas com esses terceiros por meio de contratos escritos. Por exemplo, o Produtor pode solicitar, atrav\u00e9s da Plataforma, dados pessoais adicionais ao Comprador. Os tipos de Dados Pessoais coletados em nome do Produtor podem variar a depender da orienta\u00e7\u00e3o espec\u00edfica do Produtor.<\/span><\/p>\n<p class=\"p1\"><span style=\"color: #000000;\"><b>3.2 Tratamento de Dados Pessoais relativos a Servi\u00e7os de Pagamento: <\/b>A YnnovusOn poder\u00e1 tratar determinados dados pessoais em nome de terceiros quando houver a op\u00e7\u00e3o de utiliza\u00e7\u00e3o de servi\u00e7os de pagamento de terceiros, como coleta de n\u00famero de cart\u00e3o, nome do titular, validade, c\u00f3digo CVV, CPF e informa\u00e7\u00f5es da transa\u00e7\u00e3o de pagamento em nome da institui\u00e7\u00e3o parceira. Os terceiros aqui referidos tamb\u00e9m s\u00e3o agentes de tratamentos respons\u00e1veis pelos dados pessoais no contexto do oferecimento de seus produtos e servi\u00e7os.<\/span><\/p>\n<p class=\"p1\"><span style=\"color: #000000;\"><b>Se\u00e7\u00e3o 4 \u2013 Finalidades do Tratamento dos Dados Pessoais<\/b><\/span><\/p>\n<p class=\"p1\"><span style=\"color: #000000;\"><b>4.1 <\/b>Os Dados Pessoais coletados s\u00e3o utilizados para as seguintes finalidades:<\/span><\/p>\n<ul class=\"ul1\">\n<li class=\"li1\"><span style=\"color: #000000;\">Viabilizar que voc\u00ea adquira produtos e\/ou servi\u00e7os da Plataforma;<\/span><\/li>\n<li class=\"li1\"><span style=\"color: #000000;\">Para confirmar ou corrigir as informa\u00e7\u00f5es que temos sobre voc\u00ea;<\/span><\/li>\n<li class=\"li1\"><span style=\"color: #000000;\">Para enviar informa\u00e7\u00f5es que acreditamos ser do seu interesse;<\/span><\/li>\n<li class=\"li1\"><span style=\"color: #000000;\">Para personalizar sua experi\u00eancia de uso da Plataforma;<\/span><\/li>\n<li class=\"li1\"><span style=\"color: #000000;\">Arquivar hist\u00f3rico de compra<\/span><\/li>\n<li class=\"li1\"><span style=\"color: #000000;\">Atualizar cadastro<\/span><\/li>\n<li class=\"li1\"><span style=\"color: #000000;\">Enviar mensagens, atualiza\u00e7\u00f5es e notifica\u00e7\u00f5es da conta<\/span><\/li>\n<li class=\"li1\"><span style=\"color: #000000;\">Realizar atividades de suporte ao Usu\u00e1rio<\/span><\/li>\n<li class=\"li1\"><span style=\"color: #000000;\">Permitir que o Usu\u00e1rio publique seus conte\u00fados<\/span><\/li>\n<li class=\"li1\"><span style=\"color: #000000;\">Divulgar o conte\u00fado do Usu\u00e1rio pelos meios dispon\u00edveis na Plataforma<\/span><\/li>\n<li class=\"li1\"><span style=\"color: #000000;\">Enviar newsletter<\/span><\/li>\n<li class=\"li2\"><span style=\"color: #000000;\">Enviar comunica\u00e7\u00f5es via e-mail, SMS ou grava\u00e7\u00f5es telef\u00f4nicas<\/span><\/li>\n<li class=\"li1\"><span style=\"color: #000000;\">Enviar comunica\u00e7\u00e3o, tais como e-mail marketing, remarketing e outras campanhas de publicidade nos canais de m\u00eddia<\/span><\/li>\n<li class=\"li1\"><span style=\"color: #000000;\">Analisar o comportamento de navega\u00e7\u00e3o para otimiza\u00e7\u00e3o da Plataforma e oferta de produtos e servi\u00e7os<\/span><\/li>\n<li class=\"li1\"><span style=\"color: #000000;\">Realizar comunica\u00e7\u00e3o ligada ao pagamento, como, por exemplo, envio de e-mails transacionais<\/span><\/li>\n<li class=\"li1\"><span style=\"color: #000000;\">Participar do arranjo com as bandeiras de cart\u00e3o<\/span><\/li>\n<li class=\"li1\"><span style=\"color: #000000;\">Emitir moeda eletr\u00f4nica<\/span><\/li>\n<li class=\"li1\"><span style=\"color: #000000;\">Credenciar e emitir instrumento de pagamento<\/span><\/li>\n<li class=\"li1\"><span style=\"color: #000000;\">Gerir conta de pagamento<\/span><\/li>\n<li class=\"li1\"><span style=\"color: #000000;\">Converter moeda f\u00edsica em moeda eletr\u00f4nica<\/span><\/li>\n<li class=\"li1\"><span style=\"color: #000000;\">Executar remessa de fundos<\/span><\/li>\n<li class=\"li1\"><span style=\"color: #000000;\">Aplicar as condi\u00e7\u00f5es dos termos de uso do cart\u00e3o de cr\u00e9dito<\/span><\/li>\n<\/ul>\n<p class=\"p1\"><span style=\"color: #000000;\"><b>Se\u00e7\u00e3o 5 &#8211; N\u00e3o fornecimento de Dados Pessoais<\/b><\/span><\/p>\n<p class=\"p1\"><span style=\"color: #000000;\"><b>5.1 <\/b>N\u00e3o h\u00e1 obrigatoriedade em compartilhar os Dados Pessoais que solicitamos. No entanto, se voc\u00ea optar por n\u00e3o os compartilhar, em alguns casos, n\u00e3o poderemos fornecer a voc\u00ea acesso completo \u00e0 Plataforma, alguns recursos especializados ou ser capaz de prestar a assist\u00eancia necess\u00e1ria ou, ainda, viabilizar a entrega do produto ou prestar o servi\u00e7o contratado por voc\u00ea.<\/span><\/p>\n<p class=\"p1\"><span style=\"color: #000000;\"><b>Se\u00e7\u00e3o 6 &#8211; Transfer\u00eancias internacionais de dados<\/b><\/span><\/p>\n<p class=\"p1\"><span style=\"color: #000000;\"><b>6.1 <\/b>Dados Pessoais e informa\u00e7\u00f5es de outras naturezas coletadas por n\u00f3s podem ser transferidos ou acessados por entidades pertencentes ao grupo corporativo das empresas parceiras em todo o mundo de acordo com esta Pol\u00edtica de Privacidade.<\/span><\/p>\n<p class=\"p1\"><span style=\"color: #000000;\"><b>Se\u00e7\u00e3o 7 \u2013 Bases Legais de Tratamento<\/b><\/span><\/p>\n<p class=\"p1\"><span style=\"color: #000000;\"><b>7.1 <\/b>O tratamento de dados pessoais realizado pela YnnovusOn tem fundamento nas bases legais previstas em legisla\u00e7\u00f5es aplic\u00e1veis, a exemplo da Lei 13.709\/18 \u2013 Lei Geral de Prote\u00e7\u00e3o de dados (LGPD), mas n\u00e3o a esta se limitando. Estes s\u00e3o alguns exemplos de bases legais utilizadas: <b>consentimento<\/b> \u2013 quando h\u00e1 o aceite do Usu\u00e1rio ao tratamento de dados pessoais, <b>cumprimento de obriga\u00e7\u00e3o legal ou regulat\u00f3ria<\/b> \u2013 quando h\u00e1 a obrigatoriedade de realizar tratamento de dados pessoais em raz\u00e3o de determina\u00e7\u00e3o legal ou regulat\u00f3ria, <b>execu\u00e7\u00e3o de contrato com o Usu\u00e1rio<\/b> <b>e<\/b> <b>exerc\u00edcio regular de direitos em processo judicial, administrativo ou arbitral.<\/b><\/span><\/p>\n<p class=\"p1\"><span style=\"color: #000000;\"><b>Se\u00e7\u00e3o 8 \u2013 Per\u00edodo de reten\u00e7\u00e3o dos Dados Pessoais<\/b><\/span><\/p>\n<p class=\"p1\"><span style=\"color: #000000;\"><b>8.1 <\/b>Os dados pessoais do usu\u00e1rio e visitante s\u00e3o armazenados pela plataforma durante o per\u00edodo necess\u00e1rio para a presta\u00e7\u00e3o do servi\u00e7o ou o cumprimento das finalidades previstas no presente documento, conforme o disposto no inciso I do artigo 15 da Lei 13.709\/18.<\/span><\/p>\n<p class=\"p1\"><span style=\"color: #000000;\">Os dados podem ser removidos ou anonimizados a pedido do usu\u00e1rio, excetuando os casos em que a lei oferecer outro tratamento.<\/span><\/p>\n<p class=\"p1\"><span style=\"color: #000000;\">Ainda, os dados pessoais dos usu\u00e1rios apenas podem ser conservados ap\u00f3s o t\u00e9rmino de seu tratamento nas seguintes hip\u00f3teses previstas no artigo 16 da referida lei:<\/span><\/p>\n<p class=\"p3\"><span style=\"color: #000000;\">I &#8211; cumprimento de obriga\u00e7\u00e3o legal ou regulat\u00f3ria pelo controlador;<\/span><\/p>\n<p class=\"p3\"><span style=\"color: #000000;\">II &#8211; estudo por \u00f3rg\u00e3o de pesquisa, garantida, sempre que poss\u00edvel, a anonimiza\u00e7\u00e3o dos dados pessoais;<\/span><\/p>\n<p class=\"p3\"><span style=\"color: #000000;\">III &#8211; transfer\u00eancia a terceiro, desde que respeitados os requisitos de tratamento de dados dispostos nesta Lei;<\/span><\/p>\n<p class=\"p3\"><span style=\"color: #000000;\">IV &#8211; uso exclusivo do controlador, vedado seu acesso por terceiro, e desde que anonimizados os dados.<\/span><\/p>\n<p class=\"p1\"><span style=\"color: #000000;\"><b>Se\u00e7\u00e3o 9 &#8211; Direitos do Usu\u00e1rio<\/b><\/span><\/p>\n<p class=\"p1\"><span style=\"color: #000000;\"><b>9.1 <\/b>Voc\u00ea pode, a qualquer momento, requerer:\u00a0<b>(i)<\/b>\u00a0confirma\u00e7\u00e3o de que seus Dados Pessoais est\u00e3o sendo tratados;\u00a0<b>(ii)<\/b>\u00a0acesso aos seus Dados Pessoais;\u00a0<b>(iii)<\/b>\u00a0corre\u00e7\u00f5es a dados incompletos, inexatos ou desatualizados; (iv) anonimiza\u00e7\u00e3o, bloqueio ou elimina\u00e7\u00e3o de dados desnecess\u00e1rios, excessivos ou tratados em desconformidade com o disposto em lei;\u00a0<b>(v)<\/b>\u00a0portabilidade de Dados Pessoais a outro prestador de servi\u00e7os, contanto que isso n\u00e3o afete nossos segredos industriais e comerciais;\u00a0<b>(vi)<\/b>\u00a0elimina\u00e7\u00e3o de Dados Pessoais tratados com seu consentimento, na medida do permitido em lei;\u00a0<b>(vii)<\/b>\u00a0informa\u00e7\u00f5es sobre as entidades \u00e0s quais seus Dados Pessoais tenham sido compartilhados;\u00a0<b>(viii)<\/b>\u00a0informa\u00e7\u00f5es sobre a possibilidade de n\u00e3o fornecer o consentimento e sobre as consequ\u00eancias da negativa; e\u00a0<b>(ix)<\/b>\u00a0revoga\u00e7\u00e3o do consentimento. Os seus pedidos ser\u00e3o tratados com especial cuidado de forma a que possamos assegurar a efic\u00e1cia dos seus direitos. Poder\u00e1 lhe ser pedido que fa\u00e7a prova da sua identidade de modo a assegurar que a partilha dos Dados Pessoais \u00e9 apenas feita com o seu titular.<\/span><\/p>\n<p class=\"p1\"><span style=\"color: #000000;\">Voc\u00ea dever\u00e1 ter em mente que, em certos casos (por exemplo, devido a requisitos legais), o seu pedido poder\u00e1 n\u00e3o ser imediatamente satisfeito, al\u00e9m de que n\u00f3s poderemos n\u00e3o conseguir atend\u00ea-lo por conta de cumprimento de obriga\u00e7\u00f5es legais.<\/span><\/p>\n<p class=\"p1\"><span style=\"color: #000000;\"><b>Se\u00e7\u00e3o 10 &#8211; Seguran\u00e7a dos Dados Pessoais<\/b><\/span><\/p>\n<p class=\"p1\"><span style=\"color: #000000;\"><b>10.1 <\/b>Buscamos adotar as medidas t\u00e9cnicas e organizacionais previstas pelas Leis de Prote\u00e7\u00e3o de Dados adequadas para prote\u00e7\u00e3o dos Dados Pessoais na nossa organiza\u00e7\u00e3o. Infelizmente, nenhuma transmiss\u00e3o ou sistema de armazenamento de dados tem a garantia de serem 100% seguros. Caso tenha motivos para acreditar que sua intera\u00e7\u00e3o conosco tenha deixado de ser segura (por exemplo, caso acredite que a seguran\u00e7a de qualquer uma de suas contas foi comprometida), favor nos notificar imediatamente.<\/span><\/p>\n<p class=\"p1\"><span style=\"color: #000000;\"><b>Se\u00e7\u00e3o 11 &#8211; Atualiza\u00e7\u00f5es desta Pol\u00edtica de Privacidade<\/b><\/span><\/p>\n<p class=\"p1\"><span style=\"color: #000000;\"><b>11.1 <\/b>Se modificarmos nossa Pol\u00edtica de Privacidade, publicaremos o novo texto na Plataforma, com a data de revis\u00e3o atualizada. Podemos alterar esta Pol\u00edtica de Privacidade a qualquer momento. Caso haja altera\u00e7\u00e3o significativa nos termos desta Pol\u00edtica de Privacidade, podemos inform\u00e1-lo por meio das informa\u00e7\u00f5es de contato que tivermos em nosso banco de dados ou por meio de notifica\u00e7\u00e3o em nossos sites.<\/span><\/p>\n<p class=\"p1\"><span style=\"color: #000000;\">Recordamos que n\u00f3s temos como compromisso n\u00e3o tratar os seus Dados Pessoais de forma incompat\u00edvel com os objetivos descritos acima, exceto se de outra forma requerido por lei ou ordem judicial.<\/span><\/p>\n<p class=\"p1\"><span style=\"color: #000000;\">Sua utiliza\u00e7\u00e3o da Plataforma ap\u00f3s as altera\u00e7\u00f5es significa que aceitou as Pol\u00edticas de Privacidade revisadas. Caso, ap\u00f3s a leitura da vers\u00e3o revisada, voc\u00ea n\u00e3o esteja de acordo com seus termos, favor encerrar o acesso.<\/span><\/p>\n<p class=\"p1\"><span style=\"color: #000000;\"><b>Se\u00e7\u00e3o 12 &#8211; Encarregado do tratamento dos Dados Pessoais<\/b><\/span><\/p>\n<p class=\"p1\"><span style=\"color: #000000;\">Caso pretenda exercer qualquer um dos direitos previstos, inclusive retirar o seu consentimento, nesta Pol\u00edtica de Privacidade e\/ou nas Leis de Prote\u00e7\u00e3o de Dados, ou resolver quaisquer d\u00favidas relacionadas ao Tratamento de seus Dados Pessoais, favor contatar-nos em\u00a0(colocar o e-mail e\/ou os dados para entrar em contato).<\/span><\/p>\n\n\t\t<\/div>\n\t<\/div>\n<\/div><\/div><\/div><div class=\"wpb_column vc_column_container vc_col-sm-3\"><div class=\"vc_column-inner\"><div class=\"wpb_wrapper\"><\/div><\/div><\/div><\/div><\/div><\/section><\/div><div class=\"vc-custom-col-spacing clearfix vc-col-spacing-30\"><section class=\"wpb_row vc_row-fluid row-content-position-Default\"><div class=\"edukul-container\"><div class=\"row-inner clearfix\"><div class=\"wpb_column vc_column_container vc_col-sm-12\"><div class=\"vc_column-inner\"><div class=\"wpb_wrapper\"><div class=\"vc_empty_space\"   style=\"height: 32px\"><span class=\"vc_empty_space_inner\"><\/span><\/div><\/div><\/div><\/div><\/div><\/div><\/section><\/div>\n<\/div>","protected":false},"excerpt":{"rendered":"Pol\u00edtica de Privacidade VIS\u00c3O GERAL A YnnovusOn leva a sua privacidade a s\u00e9rio e zela pela seguran\u00e7a e prote\u00e7\u00e3o de dados de todos os seus usu\u00e1rios. Esta Pol\u00edtica de Privacidade estabelece as regras sobre como e para quais finalidades seus dados pessoais podem ser tratados, com quem esses dados podem","protected":false},"author":1,"featured_media":0,"parent":0,"menu_order":0,"comment_status":"closed","ping_status":"closed","template":"","meta":{"productId":0,"courseId":0,"_joinchat":[],"footnotes":""},"class_list":["post-510","page","type-page","status-publish","hentry"],"_links":{"self":[{"href":"https:\/\/ynnovuscursoson.com.br\/pt_br\/wp-json\/wp\/v2\/pages\/510","targetHints":{"allow":["GET"]}}],"collection":[{"href":"https:\/\/ynnovuscursoson.com.br\/pt_br\/wp-json\/wp\/v2\/pages"}],"about":[{"href":"https:\/\/ynnovuscursoson.com.br\/pt_br\/wp-json\/wp\/v2\/types\/page"}],"author":[{"embeddable":true,"href":"https:\/\/ynnovuscursoson.com.br\/pt_br\/wp-json\/wp\/v2\/users\/1"}],"replies":[{"embeddable":true,"href":"https:\/\/ynnovuscursoson.com.br\/pt_br\/wp-json\/wp\/v2\/comments?post=510"}],"version-history":[{"count":0,"href":"https:\/\/ynnovuscursoson.com.br\/pt_br\/wp-json\/wp\/v2\/pages\/510\/revisions"}],"wp:attachment":[{"href":"https:\/\/ynnovuscursoson.com.br\/pt_br\/wp-json\/wp\/v2\/media?parent=510"}],"curies":[{"name":"wp","href":"https:\/\/api.w.org\/{rel}","templated":true}]}}