{"id":417,"date":"2023-08-10T10:20:30","date_gmt":"2023-08-10T13:20:30","guid":{"rendered":"https:\/\/realizeon.ynnovuson.com.br\/?page_id=417"},"modified":"2025-02-26T17:00:41","modified_gmt":"2025-02-26T20:00:41","slug":"como-funciona","status":"publish","type":"page","link":"https:\/\/ynnovuscursoson.com.br\/pt_br\/como-funciona\/","title":{"rendered":"Como Funciona"},"content":{"rendered":"<div class=\"wpb-content-wrapper\"><div class=\"vc-custom-col-spacing clearfix vc-col-spacing-30\"><section class=\"wpb_row vc_row-fluid vc_custom_1691613949183 vc_row-has-fill row-content-position-Default\"><div class=\"edukul-container\"><div class=\"row-inner clearfix\"><div class=\"wpb_column vc_column_container vc_col-sm-6\"><div class=\"vc_column-inner\"><div class=\"wpb_wrapper\">\n\t<div  class=\"wpb_single_image wpb_content_element vc_align_right wpb_content_element\">\n\t\t\n\t\t<figure class=\"wpb_wrapper vc_figure\">\n\t\t\t<div class=\"vc_single_image-wrapper vc_box_rounded  vc_box_border_grey\"><img loading=\"lazy\" decoding=\"async\" width=\"2560\" height=\"1707\" src=\"https:\/\/ynnovuscursoson.com.br\/wp-content\/uploads\/2024\/07\/5fa9985ac3b90635d832133b_svdesdeva_cesjf_image_270-scaled.jpeg\" class=\"vc_single_image-img attachment-full\" alt=\"\" title=\"5fa9985ac3b90635d832133b_svdesdeva_cesjf_image_270\" srcset=\"https:\/\/ynnovuscursoson.com.br\/wp-content\/uploads\/2024\/07\/5fa9985ac3b90635d832133b_svdesdeva_cesjf_image_270-scaled.jpeg 2560w, https:\/\/ynnovuscursoson.com.br\/wp-content\/uploads\/2024\/07\/5fa9985ac3b90635d832133b_svdesdeva_cesjf_image_270-300x200.jpeg 300w, https:\/\/ynnovuscursoson.com.br\/wp-content\/uploads\/2024\/07\/5fa9985ac3b90635d832133b_svdesdeva_cesjf_image_270-1024x683.jpeg 1024w, https:\/\/ynnovuscursoson.com.br\/wp-content\/uploads\/2024\/07\/5fa9985ac3b90635d832133b_svdesdeva_cesjf_image_270-768x512.jpeg 768w, https:\/\/ynnovuscursoson.com.br\/wp-content\/uploads\/2024\/07\/5fa9985ac3b90635d832133b_svdesdeva_cesjf_image_270-1536x1024.jpeg 1536w\" sizes=\"auto, (max-width: 2560px) 100vw, 2560px\" \/><\/div>\n\t\t<\/figure>\n\t<\/div>\n<div class=\"vc_empty_space\"   style=\"height: 32px\"><span class=\"vc_empty_space_inner\"><\/span><\/div><\/div><\/div><\/div><div class=\"wpb_column vc_column_container vc_col-sm-6\"><div class=\"vc_column-inner\"><div class=\"wpb_wrapper\">\n\t<div class=\"wpb_text_column wpb_content_element\" >\n\t\t<div class=\"wpb_wrapper\">\n\t\t\t<h1 style=\"text-align: left;\"><strong><span style=\"color: #1e73be;\">Como Funciona a YnnovusOn?<\/span><\/strong><\/h1>\n<p><span style=\"font-weight: 400;\">A YnnovusOn \u00e9 uma plataforma inovadora desenvolvida para facilitar cada etapa da cria\u00e7\u00e3o, produ\u00e7\u00e3o e execu\u00e7\u00e3o de cursos online. Se voc\u00ea \u00e9 especialista em um tema, mas encontra desafios na produ\u00e7\u00e3o de conte\u00fado de alta qualidade, n\u00f3s oferecemos todo o suporte necess\u00e1rio para transformar seu conhecimento em um curso de sucesso.<\/span><\/p>\n<p><span style=\"font-weight: 400;\">Uma Plataforma Completa para Criadores<\/span><\/p>\n<p><span style=\"font-weight: 400;\">Nossa equipe de profissionais especializados trabalha ao seu lado para desenvolver conte\u00fados envolventes e bem estruturados, garantindo que sua expertise seja compartilhada de forma clara, din\u00e2mica e impactante. Com a YnnovusOn, voc\u00ea foca no que faz de melhor enquanto n\u00f3s cuidamos do restante.<\/span><\/p>\n\n\t\t<\/div>\n\t<\/div>\n<div class=\"vc_empty_space\"   style=\"height: 32px\"><span class=\"vc_empty_space_inner\"><\/span><\/div><\/div><\/div><\/div><\/div><\/div><\/section><\/div><section class=\"vc_section\"><div class=\"vc-custom-col-spacing clearfix vc-col-spacing-30\"><section class=\"wpb_row vc_row-fluid vc_custom_1695069674188 vc_row-has-fill row-content-position-Default\"><div class=\"edukul-container\"><div class=\"row-inner clearfix\"><div class=\"wpb_column vc_column_container vc_col-sm-4\"><div class=\"vc_column-inner\"><div class=\"wpb_wrapper\"><div class=\"vc_empty_space\"   style=\"height: 32px\"><span class=\"vc_empty_space_inner\"><\/span><\/div><div class=\"edukul-single-heading clearfix  has-line\" style=\"\"><span class=\"inner\"><span class=\"line accent\" style=\"width:40px;height:2px;\"><\/span><span class=\"heading clearfix \" style=\"font-weight:800;color:#f8a602;font-family:Montserrat;\">\r\n\t\tMISS\u00c3O\r\n\t<\/span><\/span><\/div><h6 class=\"edukul-special-text text-left\">\r\n        <span style=\"color:#ffffff;font-family:;\">Capacitar e inspirar pessoas em sua jornada de crescimento, proporcionando uma plataforma digital acess\u00edvel e completa, com cursos e treinamentos que atendem \u00e0s diversas necessidades de aprendizado e desenvolvimento.<\/span><span style=\"font-family:;\"><\/span><span style=\"font-family:;\"><\/span>\r\n    <\/h6><\/div><\/div><\/div><div class=\"wpb_column vc_column_container vc_col-sm-4\"><div class=\"vc_column-inner\"><div class=\"wpb_wrapper\"><div class=\"vc_empty_space\"   style=\"height: 32px\"><span class=\"vc_empty_space_inner\"><\/span><\/div><div class=\"edukul-single-heading clearfix  has-line\" style=\"\"><span class=\"inner\"><span class=\"line accent\" style=\"width:40px;height:2px;\"><\/span><span class=\"heading clearfix \" style=\"font-weight:800;color:#f8a602;font-family:Montserrat;\">\r\n\t\tVIS\u00c3O\r\n\t<\/span><\/span><\/div><h6 class=\"edukul-special-text text-left\">\r\n        <span style=\"color:#ffffff;font-family:;\">Ser refer\u00eancia global em aprendizado digital, conectando indiv\u00edduos a oportunidades educacionais transformadoras e impulsionando o aprimoramento pessoal e profissional.<\/span><span style=\"font-family:;\"><\/span><span style=\"font-family:;\"><\/span>\r\n    <\/h6><\/div><\/div><\/div><div class=\"wpb_column vc_column_container vc_col-sm-4\"><div class=\"vc_column-inner\"><div class=\"wpb_wrapper\"><div class=\"vc_empty_space\"   style=\"height: 32px\"><span class=\"vc_empty_space_inner\"><\/span><\/div><div class=\"edukul-single-heading clearfix  has-line\" style=\"\"><span class=\"inner\"><span class=\"line accent\" style=\"width:40px;height:2px;\"><\/span><span class=\"heading clearfix \" style=\"font-weight:800;color:#f8a602;font-family:Montserrat;\">\r\n\t\tVALORES\r\n\t<\/span><\/span><\/div><h6 class=\"edukul-special-text text-left\">\r\n        <span style=\"color:#ffffff;font-family:;\">\ud83d\udd39 Excel\u00eancia Educacional \u2013 Compromisso com a qualidade e relev\u00e2ncia do conhecimento compartilhado. \ud83d\udd39 Inova\u00e7\u00e3o Cont\u00ednua \u2013 Evoluir sempre para oferecer as melhores solu\u00e7\u00f5es em educa\u00e7\u00e3o digital. \ud83d\udd39 Empoderamento Pessoal \u2013 Incentivar o crescimento e a autoconfian\u00e7a de cada aluno. \ud83d\udd39 Respeito e Diversidade \u2013 Valorizar diferentes perspectivas e tornar o aprendizado acess\u00edvel a todos. \ud83d\udd39 Impacto Positivo \u2013 Transformar vidas por meio da educa\u00e7\u00e3o e do conhecimento.<\/span><span style=\"font-family:;\"><\/span><span style=\"font-family:;\"><\/span>\r\n    <\/h6><\/div><\/div><\/div><\/div><\/div><\/section><\/div><\/section><div class=\"vc-custom-col-spacing clearfix vc-col-spacing-30\"><section data-vc-parallax=\"1.5\" class=\"wpb_row vc_row-fluid vc_custom_1695070015182 vc_row-has-fill vc_general vc_parallax vc_parallax-content-moving row-content-position-Default\"><div class=\"edukul-container\"><div class=\"row-inner clearfix\"><div class=\"wpb_column vc_column_container vc_col-sm-3\"><div class=\"vc_column-inner\"><div class=\"wpb_wrapper\"><\/div><\/div><\/div><div class=\"wpb_column vc_column_container vc_col-sm-6\"><div class=\"vc_column-inner\"><div class=\"wpb_wrapper\"><div class=\"vc_empty_space\"   style=\"height: 32px\"><span class=\"vc_empty_space_inner\"><\/span><\/div>\n\t<div class=\"wpb_text_column wpb_content_element\" >\n\t\t<div class=\"wpb_wrapper\">\n\t\t\t<h1 style=\"text-align: center;\"><span style=\"color: #ffffff;\">YnnovusOn &#8211; O caminho para o seu sucesso<\/span><\/h1>\n\n\t\t<\/div>\n\t<\/div>\n<div class=\"vc_empty_space\"   style=\"height: 32px\"><span class=\"vc_empty_space_inner\"><\/span><\/div><\/div><\/div><\/div><div class=\"wpb_column vc_column_container vc_col-sm-3\"><div class=\"vc_column-inner\"><div class=\"wpb_wrapper\"><\/div><\/div><\/div><\/div><\/div><\/section><\/div><div class=\"vc-custom-col-spacing clearfix vc-col-spacing-30\"><section class=\"wpb_row vc_row-fluid vc_custom_1691613949183 vc_row-has-fill row-content-position-Default\"><div class=\"edukul-container\"><div class=\"row-inner clearfix\"><div class=\"wpb_column vc_column_container vc_col-sm-6\"><div class=\"vc_column-inner\"><div class=\"wpb_wrapper\"><div class=\"vc_empty_space\"   style=\"height: 32px\"><span class=\"vc_empty_space_inner\"><\/span><\/div>\n\t<div class=\"wpb_text_column wpb_content_element\" >\n\t\t<div class=\"wpb_wrapper\">\n\t\t\t<h1 style=\"text-align: right;\"><span style=\"color: #1e73be;\">Junte-se a n\u00f3s!<\/span><\/h1>\n<p style=\"text-align: right;\"><span style=\"color: #1e73be;\">Na Ynnovus On, acreditamos que o sucesso \u00e9 uma jornada que envolve compartilhar conhecimento, desenvolver habilidades e construir um neg\u00f3cio s\u00f3lido. Com nossa plataforma e equipe de profissionais dedicados, voc\u00ea ter\u00e1 as ferramentas necess\u00e1rias para transformar suas ideias em cursos de sucesso e seu empreendimento em uma realidade pr\u00f3spera.<\/span><\/p>\n<p>&nbsp;<\/p>\n\n\t\t<\/div>\n\t<\/div>\n<\/div><\/div><\/div><div class=\"wpb_column vc_column_container vc_col-sm-6\"><div class=\"vc_column-inner\"><div class=\"wpb_wrapper\"><div class=\"vc_empty_space\"   style=\"height: 32px\"><span class=\"vc_empty_space_inner\"><\/span><\/div>\n\t<div  class=\"wpb_single_image wpb_content_element vc_align_left wpb_content_element\">\n\t\t\n\t\t<figure class=\"wpb_wrapper vc_figure\">\n\t\t\t<div class=\"vc_single_image-wrapper vc_box_rounded  vc_box_border_grey\"><img loading=\"lazy\" decoding=\"async\" width=\"640\" height=\"360\" src=\"https:\/\/ynnovuscursoson.com.br\/wp-content\/uploads\/2023\/08\/equipe-3.png\" class=\"vc_single_image-img attachment-full\" alt=\"\" title=\"equipe-3\" srcset=\"https:\/\/ynnovuscursoson.com.br\/wp-content\/uploads\/2023\/08\/equipe-3.png 640w, https:\/\/ynnovuscursoson.com.br\/wp-content\/uploads\/2023\/08\/equipe-3-550x309.png 550w, https:\/\/ynnovuscursoson.com.br\/wp-content\/uploads\/2023\/08\/equipe-3-300x169.png 300w, https:\/\/ynnovuscursoson.com.br\/wp-content\/uploads\/2023\/08\/equipe-3-370x208.png 370w, https:\/\/ynnovuscursoson.com.br\/wp-content\/uploads\/2023\/08\/equipe-3-270x152.png 270w, https:\/\/ynnovuscursoson.com.br\/wp-content\/uploads\/2023\/08\/equipe-3-540x304.png 540w\" sizes=\"auto, (max-width: 640px) 100vw, 640px\" \/><\/div>\n\t\t<\/figure>\n\t<\/div>\n<\/div><\/div><\/div><\/div><\/div><\/section><\/div>\n<\/div>","protected":false},"excerpt":{"rendered":"Como Funciona a YnnovusOn? A YnnovusOn \u00e9 uma plataforma inovadora desenvolvida para facilitar cada etapa da cria\u00e7\u00e3o, produ\u00e7\u00e3o e execu\u00e7\u00e3o de cursos online. Se voc\u00ea \u00e9 especialista em um tema, mas encontra desafios na produ\u00e7\u00e3o de conte\u00fado de alta qualidade, n\u00f3s oferecemos todo o suporte necess\u00e1rio para transformar seu conhecimento","protected":false},"author":1,"featured_media":0,"parent":0,"menu_order":0,"comment_status":"closed","ping_status":"closed","template":"","meta":{"productId":0,"courseId":0,"_joinchat":[],"footnotes":""},"class_list":["post-417","page","type-page","status-publish","hentry"],"_links":{"self":[{"href":"https:\/\/ynnovuscursoson.com.br\/pt_br\/wp-json\/wp\/v2\/pages\/417","targetHints":{"allow":["GET"]}}],"collection":[{"href":"https:\/\/ynnovuscursoson.com.br\/pt_br\/wp-json\/wp\/v2\/pages"}],"about":[{"href":"https:\/\/ynnovuscursoson.com.br\/pt_br\/wp-json\/wp\/v2\/types\/page"}],"author":[{"embeddable":true,"href":"https:\/\/ynnovuscursoson.com.br\/pt_br\/wp-json\/wp\/v2\/users\/1"}],"replies":[{"embeddable":true,"href":"https:\/\/ynnovuscursoson.com.br\/pt_br\/wp-json\/wp\/v2\/comments?post=417"}],"version-history":[{"count":0,"href":"https:\/\/ynnovuscursoson.com.br\/pt_br\/wp-json\/wp\/v2\/pages\/417\/revisions"}],"wp:attachment":[{"href":"https:\/\/ynnovuscursoson.com.br\/pt_br\/wp-json\/wp\/v2\/media?parent=417"}],"curies":[{"name":"wp","href":"https:\/\/api.w.org\/{rel}","templated":true}]}}