{"id":13409,"date":"2019-11-12T03:54:57","date_gmt":"2019-11-12T06:54:57","guid":{"rendered":"http:\/\/ninzio.com\/edukul\/?page_id=13409"},"modified":"2025-09-24T17:29:41","modified_gmt":"2025-09-24T20:29:41","slug":"sobre-nos","status":"publish","type":"page","link":"https:\/\/ynnovuscursoson.com.br\/pt_br\/sobre-nos\/","title":{"rendered":"Sobre N\u00f3s"},"content":{"rendered":"<div class=\"wpb-content-wrapper\"><div class=\"vc-custom-col-spacing clearfix vc-col-spacing-30\"><section class=\"wpb_row vc_row-fluid row-content-position-Default\"><div class=\"edukul-container\"><div class=\"row-inner clearfix\"><div class=\"wpb_column vc_column_container vc_col-sm-12\"><div class=\"vc_column-inner\"><div class=\"wpb_wrapper\">\r\n\t<div class=\"edukul-spacer clearfix\" data-desktop=\"130\" data-mobi=\"60\" data-smobi=\"60\"><\/div><div class=\"edukul-content-box clearfix\" ><div class=\"vc-custom-col-inner-spacing clearfix vc-col-inner-spacing-30\"><div class=\"wpb_row vc_inner vc_row-fluid\"><div class=\"wpb_column vc_column_container vc_col-sm-6\"><div class=\"vc_column-inner\"><div class=\"wpb_wrapper\"><div class=\"edukul-content-box clearfix \" data-padding=\"0 55px 0 0\" data-mobipadding=\"0 0 0 0\" data-margin=\"\" data-mobimargin=\"\" >\r\n\t\t<div class=\"inner ctb-1527030306\" style=\"background-position:left top;background-repeat:no-repeat;\"  data-background=\"\">\r\n\t\t\t<div class=\"edukul-fancy-img  bg-bottom \" data-in-viewport=\"true\" >\r\n\t\t\t\t<div class=\"edukul-fancy-img-inner\">\r\n\t\t\t\t\t<span class=\"edukul-fancy-img-bg\"><\/span>\r\n\r\n\t\t\t\t\t<div class=\"edukul-fancy-img-holder\" style=\"\">\r\n\t\t\t\t\t\t<img decoding=\"async\" alt=\"image\" src=\"https:\/\/ynnovuscursoson.com.br\/wp-content\/uploads\/2019\/11\/section-img1.jpg\" \/> \r\n\t\t\t\t\t<\/div>\r\n\t\t\t\t<\/div>\r\n\t\t\t<\/div>\r\n\t\t<\/div>\r\n\t<\/div><\/div><\/div><\/div><div class=\"wpb_column vc_column_container vc_col-sm-6\"><div class=\"vc_column-inner\"><div class=\"wpb_wrapper\">\r\n\t<div class=\"edukul-spacer clearfix\" data-desktop=\"20\" data-mobi=\"40\" data-smobi=\"40\"><\/div><div class=\"edukul-simple-image no-effect  \" style=\"\" >\r\n\t\t\t\t<div><img decoding=\"async\" alt=\"image\" src=\"https:\/\/ynnovuscursoson.com.br\/wp-content\/uploads\/2019\/10\/separator2.png\" \/> <\/div>\r\n\t\t\t<\/div>\r\n\t<div class=\"edukul-spacer clearfix\" data-desktop=\"20\" data-mobi=\"40\" data-smobi=\"40\"><\/div><div class=\"edukul-headings clearfix \" data-font=55 data-mfont=36 style=\"\"><h2 class=\"heading clearfix \" style=\"max-width:450px;margin-bottom:25px;font-size:55px;\">\r\n\t\tConhe\u00e7a a YnnovusOn\r\n\t<\/h2><p class=\"sub-heading clearfix\" style=\"font-style:normal;\">\r\n\t\tEm 2021, iniciamos nossa jornada com um prop\u00f3sito claro: transformar a maneira como grandes neg\u00f3cios s\u00e3o criados. Reunimos uma equipe multidisciplinar e desenvolvemos uma plataforma inovadora para capacitar empreendedores a tirarem suas ideias do papel e torn\u00e1-las realidade.<br \/>\nAcreditamos no poder da criatividade e no impacto que cada mente inovadora pode gerar. Por isso, buscamos diariamente as melhores solu\u00e7\u00f5es, unindo compet\u00eancia, experi\u00eancia e tecnologia para oferecer projetos com qualidade e credibilidade.<\/p>\n<p>Na Ynnovus, n\u00e3o apenas criamos oportunidades de neg\u00f3cio \u2013 abrimos caminhos para o seu crescimento. Voc\u00ea tem a ideia, n\u00f3s temos a solu\u00e7\u00e3o para execut\u00e1-la.\r\n\t<\/p><\/div>\r\n\t<div class=\"edukul-spacer clearfix\" data-desktop=\"20\" data-mobi=\"20\" data-smobi=\"20\"><\/div>\r\n\t<div class=\"edukul-spacer clearfix\" data-desktop=\"40\" data-mobi=\"40\" data-smobi=\"40\"><\/div><\/div><\/div><\/div><\/div><\/div><\/div>\r\n\t<div class=\"edukul-spacer clearfix\" data-desktop=\"130\" data-mobi=\"60\" data-smobi=\"60\"><\/div><\/div><\/div><\/div><\/div><\/div><\/section><\/div><div class=\"vc-custom-col-spacing clearfix vc-col-spacing-30\"><section class=\"wpb_row vc_row-fluid vc_custom_1574406428111 vc_row-has-fill row-content-position-Default\"><div class=\"edukul-container\"><div class=\"row-inner clearfix\"><div class=\"wpb_column vc_column_container vc_col-sm-12\"><div class=\"vc_column-inner\"><div class=\"wpb_wrapper\">\r\n\t<div class=\"edukul-spacer clearfix\" data-desktop=\"130\" data-mobi=\"60\" data-smobi=\"60\"><\/div><div class=\"edukul-content-box clearfix\" ><div class=\"vc-custom-col-inner-spacing clearfix vc-col-inner-spacing-30\"><div class=\"wpb_row vc_inner vc_row-fluid\"><div class=\"wpb_column vc_column_container vc_col-sm-3\"><div class=\"vc_column-inner\"><div class=\"wpb_wrapper\"><div class=\"edukul-content-box clearfix \" data-padding=\"32px 45px 32px 45px\" data-mobipadding=\"32px 45px 32px 45px\" data-margin=\"\" data-mobimargin=\"\" >\r\n\t\t<div class=\"inner ctb-447032088\" style=\"background-position:left top;background-repeat:no-repeat;\"  data-background=\"#1c2156\" data-translatey=\"-5\">\r\n\t\t\t<div class=\"edukul-icon-box clearfix icon-top align-left  simple\" style=\"\" ><div class=\"wrap-inner\" style=\"position: relative;\"><div class=\"edukul-icon icon-647236650 accent custom\"  data-background=\"\">\r\n\t\t\t\t<span class=\"icon\" style=\"font-size:40px;border-style:solid;line-height:40px;\"><i class=\"eduk-laptop-code\"><\/i><\/span>\r\n\t\t\t<\/div> <h3 class=\"heading  white\" style=\"color:#ffffff;font-size:18px;line-height:26px;margin-top:26px;margin-bottom:13px;\">\r\n\t\t\t<span>Evolu\u00e7\u00e3o Cont\u00ednua<\/span>\r\n\t\t<\/h3><div class=\"desc\" style=\"color:#c1c2d0;font-size:14px;line-height:30px;\"><p><span style=\"font-weight: 400;\">Desde nossa funda\u00e7\u00e3o, impulsionamos o empreendedorismo digital, oferecendo solu\u00e7\u00f5es inovadoras para transformar ideias em neg\u00f3cios de sucesso.<\/span><\/p>\n<\/div> <\/div><\/div>\r\n\t\t<\/div>\r\n\t<\/div><\/div><\/div><\/div><div class=\"wpb_column vc_column_container vc_col-sm-3\"><div class=\"vc_column-inner\"><div class=\"wpb_wrapper\"><div class=\"edukul-content-box clearfix \" data-padding=\"32px 45px 32px 45px\" data-mobipadding=\"32px 45px 32px 45px\" data-margin=\"\" data-mobimargin=\"\" >\r\n\t\t<div class=\"inner ctb-1575984816\" style=\"background-position:left top;background-repeat:no-repeat;\"  data-background=\"#1c2156\" data-translatey=\"-5\">\r\n\t\t\t<div class=\"edukul-icon-box clearfix icon-top align-left  simple\" style=\"\" ><div class=\"wrap-inner\" style=\"position: relative;\"><div class=\"edukul-icon icon-1972671291 accent custom\"  data-background=\"\">\r\n\t\t\t\t<span class=\"icon\" style=\"font-size:40px;border-style:solid;line-height:40px;\"><i class=\"eduk-hand-holding-usd\"><\/i><\/span>\r\n\t\t\t<\/div> <h3 class=\"heading  white\" style=\"color:#ffffff;font-size:18px;line-height:26px;margin-top:26px;margin-bottom:13px;\">\r\n\t\t\t<span>Compartilhamento e Rentabiliza\u00e7\u00e3o<\/span>\r\n\t\t<\/h3><div class=\"desc\" style=\"color:#c1c2d0;font-size:14px;line-height:30px;\"><p><span style=\"font-weight: 400;\">Na YnnovusOn, valorizamos o poder do compartilhamento e da monetiza\u00e7\u00e3o do conte\u00fado, ajudando criadores a expandirem seu impacto e alcan\u00e7arem novas oportunidades.<\/span><\/p>\n<\/div> <\/div><\/div>\r\n\t\t<\/div>\r\n\t<\/div><\/div><\/div><\/div><div class=\"wpb_column vc_column_container vc_col-sm-3\"><div class=\"vc_column-inner\"><div class=\"wpb_wrapper\"><div class=\"edukul-content-box clearfix \" data-padding=\"32px 45px 32px 45px\" data-mobipadding=\"32px 45px 32px 45px\" data-margin=\"\" data-mobimargin=\"\" >\r\n\t\t<div class=\"inner ctb-1597022882\" style=\"background-position:left top;background-repeat:no-repeat;\"  data-background=\"#1c2156\" data-translatey=\"-5\">\r\n\t\t\t<div class=\"edukul-icon-box clearfix icon-top align-left  simple\" style=\"\" ><div class=\"wrap-inner\" style=\"position: relative;\"><div class=\"edukul-icon icon-595778235 accent custom\"  data-background=\"\">\r\n\t\t\t\t<span class=\"icon\" style=\"font-size:40px;border-style:solid;line-height:40px;\"><i class=\"eduk-books\"><\/i><\/span>\r\n\t\t\t<\/div> <h3 class=\"heading  white\" style=\"color:#ffffff;font-size:18px;line-height:26px;margin-top:26px;margin-bottom:13px;\">\r\n\t\t\t<span>Transforma\u00e7\u00e3o Positiva<\/span>\r\n\t\t<\/h3><div class=\"desc\" style=\"color:#c1c2d0;font-size:14px;line-height:30px;\"><p><span style=\"font-weight: 400;\">Acreditamos que cada mente criativa pode mudar o mundo. Ao oferecer uma plataforma de suporte para empreendedores e criadores, contribu\u00edmos para um futuro mais inovador e promissor.<\/span><\/p>\n<\/div> <\/div><\/div>\r\n\t\t<\/div>\r\n\t<\/div><\/div><\/div><\/div><div class=\"wpb_column vc_column_container vc_col-sm-3\"><div class=\"vc_column-inner\"><div class=\"wpb_wrapper\"><div class=\"edukul-content-box clearfix \" data-padding=\"32px 45px 32px 45px\" data-mobipadding=\"32px 45px 32px 45px\" data-margin=\"\" data-mobimargin=\"\" >\r\n\t\t<div class=\"inner ctb-2064175621\" style=\"background-position:left top;background-repeat:no-repeat;\"  data-background=\"#1c2156\" data-translatey=\"-5\">\r\n\t\t\t<div class=\"edukul-icon-box clearfix icon-top align-left  simple\" style=\"\" ><div class=\"wrap-inner\" style=\"position: relative;\"><div class=\"edukul-icon icon-856372690 accent custom\"  data-background=\"\">\r\n\t\t\t\t<span class=\"icon\" style=\"font-size:40px;border-style:solid;line-height:40px;\"><i class=\"eduk-book-open\"><\/i><\/span>\r\n\t\t\t<\/div> <h3 class=\"heading  white\" style=\"color:#ffffff;font-size:18px;line-height:26px;margin-top:26px;margin-bottom:13px;\">\r\n\t\t\t<span>Ferramenta para o Sucesso<\/span>\r\n\t\t<\/h3><div class=\"desc\" style=\"color:#c1c2d0;font-size:14px;line-height:30px;\"><p><span style=\"font-weight: 400;\">Nossa plataforma \u00e9 um aliado estrat\u00e9gico para quem deseja iniciar, expandir e prosperar em seus neg\u00f3cios, conectando inova\u00e7\u00e3o, conhecimento e oportunidades.<\/span><\/p>\n<\/div> <\/div><\/div>\r\n\t\t<\/div>\r\n\t<\/div><\/div><\/div><\/div><\/div><\/div><\/div>\r\n\t<div class=\"edukul-spacer clearfix\" data-desktop=\"295\" data-mobi=\"230\" data-smobi=\"230\"><\/div><\/div><\/div><\/div><\/div><\/div><\/section><\/div><div class=\"vc-custom-col-spacing clearfix vc-col-spacing-30\"><section class=\"wpb_row vc_row-fluid overflow-inherit no-padding row-content-position-Default\"><div class=\"row-inner clearfix\"><div class=\"wpb_column vc_column_container vc_col-sm-12\"><div class=\"vc_column-inner\"><div class=\"wpb_wrapper\"><div class=\"edukul-content-box clearfix \" data-padding=\"80px 100px 80px 100px\" data-mobipadding=\"60px 60px 60px 60px\" data-margin=\"-165px 13% 0 13%\" data-mobimargin=\"-165px 8% 0 8%\" >\r\n\t\t<div class=\"inner ctb-1677345018\" style=\"background-image:url(https:\/\/ynnovuscursoson.com.br\/wp-content\/uploads\/2019\/11\/box-bg.png);background-position:left top;background-repeat:no-repeat;background-size:cover;\"  data-background=\"\">\r\n\t\t\t<div class=\"edukul-grid-box clearfix grid4 border-light v-30 h-30 no-borders\" data-grid=\"4\" >\r\n\t\t<div class=\"edukul-counter clearfix style-1 text-center\"  data-font=55><div class=\"inner\"><div class=\"icon-wrap\"><div class=\"icon  accent\" style=\"font-size:40px; line-height: normal;\"><i class=\"eduk-user-graduate\"><\/i><\/div><\/div><div class=\"text-wrap\"><h3 class=\"number-wrap heading\" style=\"color:#ffffff;margin-top:10px;font-size:55px;\"><span class=\"prefix \" style=\"\"><\/span><span class=\"number \" data-speed=\"5000\" data-from=\"0\" data-to=\"300\"> 300<\/span><span class=\"suffix \" style=\"color:#ffffff;\"><\/span><\/h3><div class=\"title\" style=\"color:#ffffff;font-size:18px;\">\r\n\t\tCursos online (EAD)\r\n\t<\/div><\/div><\/div><\/div><div class=\"edukul-counter clearfix style-1 text-center\"  data-font=55><div class=\"inner\"><div class=\"icon-wrap\"><div class=\"icon  accent\" style=\"font-size:40px; line-height: normal;\"><i class=\"eduk-user-friends\"><\/i><\/div><\/div><div class=\"text-wrap\"><h3 class=\"number-wrap heading\" style=\"color:#ffffff;margin-top:10px;font-size:55px;\"><span class=\"prefix \" style=\"\"><\/span><span class=\"number \" data-speed=\"5000\" data-from=\"0\" data-to=\"100\"> 100<\/span><span class=\"suffix \" style=\"color:#ffffff;\">+<\/span><\/h3><div class=\"title\" style=\"color:#ffffff;font-size:18px;\">\r\n\t\tProfessores especializados\r\n\t<\/div><\/div><\/div><\/div><div class=\"edukul-counter clearfix style-1 text-center\"  data-font=55><div class=\"inner\"><div class=\"icon-wrap\"><div class=\"icon  accent\" style=\"font-size:40px; line-height: normal;\"><i class=\"eduk-handshake\"><\/i><\/div><\/div><div class=\"text-wrap\"><h3 class=\"number-wrap heading\" style=\"color:#ffffff;margin-top:10px;font-size:55px;\"><span class=\"prefix \" style=\"\"><\/span><span class=\"number \" data-speed=\"5000\" data-from=\"0\" data-to=\"20\"> 20<\/span><span class=\"suffix \" style=\"color:#ffffff;\">+<\/span><\/h3><div class=\"title\" style=\"color:#ffffff;font-size:18px;\">\r\n\t\tParceiros estrat\u00e9gicos\r\n\t<\/div><\/div><\/div><\/div>\n\r\n\t<\/div>\r\n\t\t<\/div>\r\n\t<\/div><\/div><\/div><\/div><\/div><\/section><\/div><div class=\"vc-custom-col-spacing clearfix vc-col-spacing-30\"><section class=\"wpb_row vc_row-fluid row-content-position-Default\"><div class=\"edukul-container\"><div class=\"row-inner clearfix\"><div class=\"wpb_column vc_column_container vc_col-sm-12\"><div class=\"vc_column-inner\"><div class=\"wpb_wrapper\">\r\n\t<div class=\"edukul-spacer clearfix\" data-desktop=\"120\" data-mobi=\"60\" data-smobi=\"60\"><\/div><div class=\"edukul-content-box clearfix\" ><div class=\"vc-custom-col-inner-spacing clearfix vc-col-inner-spacing-30\"><div class=\"wpb_row vc_inner vc_row-fluid\"><div class=\"wpb_column vc_column_container vc_col-sm-8\"><div class=\"vc_column-inner\"><div class=\"wpb_wrapper\"><div class=\"edukul-simple-image no-effect  \" style=\"\" >\r\n\t\t\t\t<div><img decoding=\"async\" alt=\"image\" src=\"https:\/\/ynnovuscursoson.com.br\/wp-content\/uploads\/2019\/10\/separator2.png\" \/> <\/div>\r\n\t\t\t<\/div>\r\n\t<div class=\"edukul-spacer clearfix\" data-desktop=\"10\" data-mobi=\"10\" data-smobi=\"10\"><\/div><div class=\"edukul-headings clearfix \" data-font=55 data-mfont=36 style=\"\"><h2 class=\"heading clearfix \" style=\"max-width:450px;font-size:55px;\">\r\n\t\tConhe\u00e7a nossa equipe\r\n\t<\/h2><\/div><\/div><\/div><\/div><div class=\"wpb_column vc_column_container vc_col-sm-4\"><div class=\"vc_column-inner\"><div class=\"wpb_wrapper\">\r\n\t<div class=\"edukul-spacer clearfix\" data-desktop=\"100\" data-mobi=\"60\" data-smobi=\"60\"><\/div><div class=\"edukul-align-box text-right hide-on-mobile\"><div class=\"button-wrap icon-right\" style=\"\" ><a href=\"#\" target=\"_self\" class=\"edukul-button btn-753793546 medium icon_style_1 accent custom\" style=\"border-radius:5px;\"  data-text=\"#ffffff\">\r\n\t\t<span style=\"\">Veja Mais <\/span>\r\n\t<\/a><\/div><\/div><\/div><\/div><\/div><\/div><\/div><\/div>\r\n\t<div class=\"edukul-spacer clearfix\" data-desktop=\"65\" data-mobi=\"45\" data-smobi=\"45\"><\/div>\r\n\t<div class=\"edukul-spacer clearfix\" data-desktop=\"120\" data-mobi=\"60\" data-smobi=\"60\"><\/div><\/div><\/div><\/div><\/div><\/div><\/section><\/div><div class=\"vc-custom-col-spacing clearfix vc-col-spacing-30\"><section class=\"wpb_row vc_row-fluid vc_custom_1574406418262 vc_row-has-fill row-content-position-Default\"><div class=\"edukul-container\"><div class=\"row-inner clearfix\"><div class=\"wpb_column vc_column_container vc_col-sm-12\"><div class=\"vc_column-inner\"><div class=\"wpb_wrapper\">\r\n\t<div class=\"edukul-spacer clearfix\" data-desktop=\"132\" data-mobi=\"60\" data-smobi=\"60\"><\/div><div class=\"edukul-content-box clearfix\" ><div class=\"vc-custom-col-inner-spacing clearfix vc-col-inner-spacing-30\"><div class=\"wpb_row vc_inner vc_row-fluid\"><div class=\"wpb_column vc_column_container vc_col-sm-8\"><div class=\"vc_column-inner\"><div class=\"wpb_wrapper\"><div class=\"edukul-single-heading clearfix \" style=\"margin-bottom:20px;\"><span class=\"inner\"><span class=\"heading clearfix \" style=\"font-weight:700;color:#ffffff;font-family:Montserrat;font-size:14px;letter-spacing:2px;\">\r\n\t\tVeja o v\u00eddeo ao lado\r\n\t<\/span><\/span><\/div><div class=\"edukul-headings clearfix \" data-font=55 data-mfont=36 style=\"\"><h2 class=\"heading clearfix \" style=\"color:#ffffff;max-width:700px;font-size:55px;\">\r\n\t\tVeja um pouco da Ynnovus\r\n\t<\/h2><\/div>\r\n\t<div class=\"edukul-spacer clearfix\" data-desktop=\"45\" data-mobi=\"30\" data-smobi=\"30\"><\/div><div class=\"button-wrap icon-right\" style=\"\" ><a href=\"https:\/\/ynnovuscursoson.com.br\/contato\" target=\"_self\" class=\"edukul-button btn-1493796595 medium icon_style_1 custom custom outline solid custom\" style=\"border-radius:5px;border-width:2PX;\"  data-background=\"\" data-text=\"#ffffff\" data-border=\"#ffffff\" data-text-hover=\"#42495b\" data-background-hover=\"#ffffff\" data-border-hover=\"#ffffff\">\r\n\t\t<span style=\"\">SE CADASTRE <\/span>\r\n\t<\/a><\/div><\/div><\/div><\/div><div class=\"wpb_column vc_column_container vc_col-sm-4\"><div class=\"vc_column-inner\"><div class=\"wpb_wrapper\">\r\n\t<div class=\"edukul-spacer clearfix\" data-desktop=\"70\" data-mobi=\"40\" data-smobi=\"40\"><\/div><div class=\"edukul-video-icon clearfix white text-center big\" >\r\n\t\t<a class=\"icon-wrap popup-video\" href=\"https:\/\/www.youtube.com\/watch?v=d99En5SDt4E\">\r\n\t\tplay<span class=\"circle\"><\/span><\/a>\r\n\t<\/div><\/div><\/div><\/div><\/div><\/div><\/div>\r\n\t<div class=\"edukul-spacer clearfix\" data-desktop=\"160\" data-mobi=\"60\" data-smobi=\"60\"><\/div><\/div><\/div><\/div><\/div><\/div><\/section><\/div>\n<\/div>","protected":false},"excerpt":{"rendered":"Conhe\u00e7a a YnnovusOn Em 2021, iniciamos nossa jornada com um prop\u00f3sito claro: transformar a maneira como grandes neg\u00f3cios s\u00e3o criados. Reunimos uma equipe multidisciplinar e desenvolvemos uma plataforma inovadora para capacitar empreendedores a tirarem suas ideias do papel e torn\u00e1-las realidade. Acreditamos no poder da criatividade e no impacto que","protected":false},"author":1,"featured_media":0,"parent":0,"menu_order":0,"comment_status":"closed","ping_status":"closed","template":"","meta":{"productId":0,"courseId":0,"_joinchat":[],"footnotes":""},"class_list":["post-13409","page","type-page","status-publish","hentry"],"_links":{"self":[{"href":"https:\/\/ynnovuscursoson.com.br\/pt_br\/wp-json\/wp\/v2\/pages\/13409","targetHints":{"allow":["GET"]}}],"collection":[{"href":"https:\/\/ynnovuscursoson.com.br\/pt_br\/wp-json\/wp\/v2\/pages"}],"about":[{"href":"https:\/\/ynnovuscursoson.com.br\/pt_br\/wp-json\/wp\/v2\/types\/page"}],"author":[{"embeddable":true,"href":"https:\/\/ynnovuscursoson.com.br\/pt_br\/wp-json\/wp\/v2\/users\/1"}],"replies":[{"embeddable":true,"href":"https:\/\/ynnovuscursoson.com.br\/pt_br\/wp-json\/wp\/v2\/comments?post=13409"}],"version-history":[{"count":2,"href":"https:\/\/ynnovuscursoson.com.br\/pt_br\/wp-json\/wp\/v2\/pages\/13409\/revisions"}],"predecessor-version":[{"id":20562,"href":"https:\/\/ynnovuscursoson.com.br\/pt_br\/wp-json\/wp\/v2\/pages\/13409\/revisions\/20562"}],"wp:attachment":[{"href":"https:\/\/ynnovuscursoson.com.br\/pt_br\/wp-json\/wp\/v2\/media?parent=13409"}],"curies":[{"name":"wp","href":"https:\/\/api.w.org\/{rel}","templated":true}]}}