{"id":13399,"date":"2019-11-12T03:41:16","date_gmt":"2019-11-12T06:41:16","guid":{"rendered":"http:\/\/ninzio.com\/edukul\/?page_id=13399"},"modified":"2023-09-18T14:59:41","modified_gmt":"2023-09-18T17:59:41","slug":"faq","status":"publish","type":"page","link":"https:\/\/ynnovuscursoson.com.br\/pt_br\/faq\/","title":{"rendered":"FAQ"},"content":{"rendered":"<div class=\"wpb-content-wrapper\"><div class=\"vc-custom-col-spacing clearfix vc-col-spacing-30\"><section class=\"wpb_row vc_row-fluid row-content-position-Default\"><div class=\"edukul-container\"><div class=\"row-inner clearfix\"><div class=\"wpb_column vc_column_container vc_col-sm-12\"><div class=\"vc_column-inner\"><div class=\"wpb_wrapper\"><div class=\"edukul-content-box clearfix\" ><div class=\"vc-custom-col-inner-spacing clearfix vc-col-inner-spacing-30\"><div class=\"wpb_row vc_inner vc_row-fluid\"><div class=\"wpb_column vc_column_container vc_col-sm-6\"><div class=\"vc_column-inner\"><div class=\"wpb_wrapper\">\r\n\t<div class=\"edukul-accordions accordions\"><div class=\"accordion-item style-2 active\" style=\"margin-bottom:30px;\"><h3 class=\"accordion-heading\" style=\"font-size:16px;\">\r\n\t\t\t<span class=\"inner\" style=\"\">\r\n\t\t\t\t01. Tenho uma ideia inovadora, entretanto n\u00e3o sei como transform\u00e1-la em curso, a Ynnovus me apoia nesse processo?\r\n\t\t\t<\/span>\r\n\t\t<\/h3><div class=\"accordion-content\" style=\"\"><p>Sim! Temos profissionais dedicados a te ajudar. Clique no \u00edcone do WhatsApp e inicie o seu projeto.<\/p>\n<\/div><\/div><div class=\"accordion-item style-2 active\" style=\"margin-bottom:30px;\"><h3 class=\"accordion-heading\" style=\"font-size:16px;\">\r\n\t\t\t<span class=\"inner\" style=\"\">\r\n\t\t\t\t02. Posso hospedar o meu curso em que formato?\r\n\t\t\t<\/span>\r\n\t\t<\/h3><div class=\"accordion-content\" style=\"\"><p>\u00c9 poss\u00edvel formatar o seu curso com conte\u00fado escrito, v\u00eddeo, \u00e1udio ou em ambos.<\/p>\n<\/div><\/div><div class=\"accordion-item style-2 active\" style=\"margin-bottom:30px;\"><h3 class=\"accordion-heading\" style=\"font-size:16px;\">\r\n\t\t\t<span class=\"inner\" style=\"\">\r\n\t\t\t\t03. A Ynnovus oferece um sistema padronizado de certifica\u00e7\u00e3o?\r\n\t\t\t<\/span>\r\n\t\t<\/h3><div class=\"accordion-content\" style=\"\"><p>Sim! Ap\u00f3s a conclus\u00e3o do curso, ser\u00e1 emitido ao aluno um certificado de conclus\u00e3o.<\/p>\n<\/div><\/div><\/div><\/div><\/div><\/div><div class=\"wpb_column vc_column_container vc_col-sm-6\"><div class=\"vc_column-inner\"><div class=\"wpb_wrapper\">\r\n\t<div class=\"edukul-accordions toggles\"><div class=\"accordion-item style-2 active\" style=\"margin-bottom:30px;\"><h3 class=\"accordion-heading\" style=\"font-size:16px;\">\r\n\t\t\t<span class=\"inner\" style=\"\">\r\n\t\t\t\t04. Posso obter retorno financeiro com o meu curso ou projeto?\r\n\t\t\t<\/span>\r\n\t\t<\/h3><div class=\"accordion-content\" style=\"\"><p>\u00c9 poss\u00edvel. Consulte o nosso especialista e veja todas as possibilidades. Clique no \u00edcone do WhatsApp e inicie o seu projeto.<\/p>\n<\/div><\/div><div class=\"accordion-item style-2 active\" style=\"margin-bottom:30px;\"><h3 class=\"accordion-heading\" style=\"font-size:16px;\">\r\n\t\t\t<span class=\"inner\" style=\"\">\r\n\t\t\t\t05. Quero fazer um curso da plataforma, como me matricular?\r\n\t\t\t<\/span>\r\n\t\t<\/h3><div class=\"accordion-content\" style=\"\"><p>Realize o seu cadastro com os documentos exigidos e efetue o pagamento referente ao curso escolhido.<\/p>\n<\/div><\/div><div class=\"accordion-item style-2 active\" style=\"margin-bottom:30px;\"><h3 class=\"accordion-heading\" style=\"font-size:16px;\">\r\n\t\t\t<span class=\"inner\" style=\"\">\r\n\t\t\t\t06. Quais as formas de pagamento?\r\n\t\t\t<\/span>\r\n\t\t<\/h3><div class=\"accordion-content\" style=\"\"><p>O pagamento pode ser realizado via boleto ou cart\u00e3o de cr\u00e9dito.<\/p>\n<\/div><\/div><\/div><\/div><\/div><\/div><\/div><\/div><\/div><\/div><\/div><\/div><\/div><\/div><\/section><\/div>\n<\/div>","protected":false},"excerpt":{"rendered":"01. Tenho uma ideia inovadora, entretanto n\u00e3o sei como transform\u00e1-la em curso, a Ynnovus me apoia nesse processo? Sim! Temos profissionais dedicados a te ajudar. Clique no \u00edcone do WhatsApp e inicie o seu projeto. 02. Posso hospedar o meu curso em que formato? \u00c9 poss\u00edvel formatar o seu curso","protected":false},"author":1,"featured_media":0,"parent":0,"menu_order":0,"comment_status":"closed","ping_status":"closed","template":"","meta":{"productId":0,"courseId":0,"_joinchat":[],"footnotes":""},"class_list":["post-13399","page","type-page","status-publish","hentry"],"_links":{"self":[{"href":"https:\/\/ynnovuscursoson.com.br\/pt_br\/wp-json\/wp\/v2\/pages\/13399","targetHints":{"allow":["GET"]}}],"collection":[{"href":"https:\/\/ynnovuscursoson.com.br\/pt_br\/wp-json\/wp\/v2\/pages"}],"about":[{"href":"https:\/\/ynnovuscursoson.com.br\/pt_br\/wp-json\/wp\/v2\/types\/page"}],"author":[{"embeddable":true,"href":"https:\/\/ynnovuscursoson.com.br\/pt_br\/wp-json\/wp\/v2\/users\/1"}],"replies":[{"embeddable":true,"href":"https:\/\/ynnovuscursoson.com.br\/pt_br\/wp-json\/wp\/v2\/comments?post=13399"}],"version-history":[{"count":0,"href":"https:\/\/ynnovuscursoson.com.br\/pt_br\/wp-json\/wp\/v2\/pages\/13399\/revisions"}],"wp:attachment":[{"href":"https:\/\/ynnovuscursoson.com.br\/pt_br\/wp-json\/wp\/v2\/media?parent=13399"}],"curies":[{"name":"wp","href":"https:\/\/api.w.org\/{rel}","templated":true}]}}